{"id":27510,"date":"2024-07-08T01:56:13","date_gmt":"2024-07-08T05:56:13","guid":{"rendered":"https:\/\/shuji.ca\/?post_type=product&#038;p=27510"},"modified":"2024-10-17T03:27:05","modified_gmt":"2024-10-17T07:27:05","slug":"zhune1-8l-electric-glass-kettle-with-boil-dry-protection-fast-boiling-and-auto-shut-off","status":"publish","type":"product","link":"https:\/\/shuji.ca\/fr\/shop\/home-kitchen\/kitchen-appliances-home-kitchen\/zhune1-8l-electric-glass-kettle-with-boil-dry-protection-fast-boiling-and-auto-shut-off\/","title":{"rendered":"ZHUNE Bouilloire \u00e9lectrique en verre 1,8L avec protection contre l'\u00e9bullition \u00e0 sec, \u00e9bullition rapide et arr\u00eat automatique"},"content":{"rendered":"<h6>Caract\u00e9ristiques :<\/h6>\n<ul>\n<li>Verre borosilicat\u00e9 de haute qualit\u00e9 : Fabriqu\u00e9 en verre borosilicat\u00e9 durable et de haute qualit\u00e9 qui r\u00e9siste aux chocs thermiques.<\/li>\n<li>Grande capacit\u00e9 : Peut contenir jusqu'\u00e0 1,8 litre d'eau, parfait pour les familles et les bureaux.<\/li>\n<li>Caract\u00e9ristiques de s\u00e9curit\u00e9 : Comprend une protection contre l'\u00e9bullition \u00e0 sec et un arr\u00eat automatique dans les 30 secondes suivant l'\u00e9bullition pour garantir un fonctionnement s\u00fbr.<\/li>\n<li>\u00c9bullition rapide : Porte rapidement l'eau \u00e0 \u00e9bullition, ce qui vous permet de gagner du temps.<\/li>\n<li>Poign\u00e9e ergonomique : La poign\u00e9e en PP r\u00e9sistante \u00e0 la chaleur permet de verser l'eau confortablement et en toute s\u00e9curit\u00e9.<\/li>\n<\/ul>\n<p><img fetchpriority=\"high\" decoding=\"async\" class=\"aligncenter wp-image-27511\" src=\"https:\/\/shuji.ca\/wp-content\/uploads\/2024\/07\/alskjdAKSJDLKASJD1.jpg\" alt=\"\" width=\"818\" height=\"1615\" srcset=\"https:\/\/shuji.ca\/wp-content\/uploads\/2024\/07\/alskjdAKSJDLKASJD1.jpg 788w, https:\/\/shuji.ca\/wp-content\/uploads\/2024\/07\/alskjdAKSJDLKASJD1-152x300.jpg 152w, https:\/\/shuji.ca\/wp-content\/uploads\/2024\/07\/alskjdAKSJDLKASJD1-519x1024.jpg 519w, https:\/\/shuji.ca\/wp-content\/uploads\/2024\/07\/alskjdAKSJDLKASJD1-768x1517.jpg 768w, https:\/\/shuji.ca\/wp-content\/uploads\/2024\/07\/alskjdAKSJDLKASJD1-778x1536.jpg 778w, https:\/\/shuji.ca\/wp-content\/uploads\/2024\/07\/alskjdAKSJDLKASJD1-600x1185.jpg 600w\" sizes=\"(max-width: 818px) 100vw, 818px\" \/> <img decoding=\"async\" class=\"aligncenter wp-image-27515\" src=\"https:\/\/shuji.ca\/wp-content\/uploads\/2024\/07\/LASJDLSAKJD1.jpg\" alt=\"\" width=\"784\" height=\"1036\" srcset=\"https:\/\/shuji.ca\/wp-content\/uploads\/2024\/07\/LASJDLSAKJD1.jpg 750w, https:\/\/shuji.ca\/wp-content\/uploads\/2024\/07\/LASJDLSAKJD1-227x300.jpg 227w, https:\/\/shuji.ca\/wp-content\/uploads\/2024\/07\/LASJDLSAKJD1-600x793.jpg 600w\" sizes=\"(max-width: 784px) 100vw, 784px\" \/> <img decoding=\"async\" class=\"aligncenter wp-image-27516\" src=\"https:\/\/shuji.ca\/wp-content\/uploads\/2024\/07\/ASJDLKJSALD1.jpg\" alt=\"\" width=\"777\" height=\"348\" srcset=\"https:\/\/shuji.ca\/wp-content\/uploads\/2024\/07\/ASJDLKJSALD1.jpg 750w, https:\/\/shuji.ca\/wp-content\/uploads\/2024\/07\/ASJDLKJSALD1-300x134.jpg 300w, https:\/\/shuji.ca\/wp-content\/uploads\/2024\/07\/ASJDLKJSALD1-600x269.jpg 600w\" sizes=\"(max-width: 777px) 100vw, 777px\" \/><\/p>","protected":false},"excerpt":{"rendered":"<p>Features: High Borosilicate Glass: Made from durable, high-quality borosilicate glass that resists thermal shock. Large Capacity: Holds up to 1.8 liters of water, perfect for families and offices. Safety Features: Includes boil-dry protection and automatic shut-off within 30 seconds of boiling to ensure safe operation. Fast Boiling: Quickly brings water to a boil, saving you [&hellip;]<\/p>","protected":false},"featured_media":27513,"comment_status":"open","ping_status":"closed","template":"","meta":[],"product_brand":[],"product_cat":[1204,1245],"product_tag":[],"class_list":{"0":"post-27510","1":"product","2":"type-product","3":"status-publish","4":"has-post-thumbnail","6":"product_cat-home-kitchen","7":"product_cat-kitchen-appliances-home-kitchen","8":"product_shipping_class-havestock","10":"first","11":"instock","12":"taxable","13":"shipping-taxable","14":"purchasable","15":"product-type-simple"},"_links":{"self":[{"href":"https:\/\/shuji.ca\/fr\/wp-json\/wp\/v2\/product\/27510","targetHints":{"allow":["GET"]}}],"collection":[{"href":"https:\/\/shuji.ca\/fr\/wp-json\/wp\/v2\/product"}],"about":[{"href":"https:\/\/shuji.ca\/fr\/wp-json\/wp\/v2\/types\/product"}],"replies":[{"embeddable":true,"href":"https:\/\/shuji.ca\/fr\/wp-json\/wp\/v2\/comments?post=27510"}],"wp:featuredmedia":[{"embeddable":true,"href":"https:\/\/shuji.ca\/fr\/wp-json\/wp\/v2\/media\/27513"}],"wp:attachment":[{"href":"https:\/\/shuji.ca\/fr\/wp-json\/wp\/v2\/media?parent=27510"}],"wp:term":[{"taxonomy":"product_brand","embeddable":true,"href":"https:\/\/shuji.ca\/fr\/wp-json\/wp\/v2\/product_brand?post=27510"},{"taxonomy":"product_cat","embeddable":true,"href":"https:\/\/shuji.ca\/fr\/wp-json\/wp\/v2\/product_cat?post=27510"},{"taxonomy":"product_tag","embeddable":true,"href":"https:\/\/shuji.ca\/fr\/wp-json\/wp\/v2\/product_tag?post=27510"}],"curies":[{"name":"wp","href":"https:\/\/api.w.org\/{rel}","templated":true}]}}