{"id":27250,"date":"2024-07-06T17:29:04","date_gmt":"2024-07-06T21:29:04","guid":{"rendered":"https:\/\/shuji.ca\/?post_type=product&#038;p=27250"},"modified":"2024-08-18T15:41:30","modified_gmt":"2024-08-18T19:41:30","slug":"tablecloth-cotton-linen-waterproof-tablecloths","status":"publish","type":"product","link":"https:\/\/shuji.ca\/fr\/shop\/home-living\/home-decor\/tablecloth-cotton-linen-waterproof-tablecloths\/","title":{"rendered":"Nappes en coton lin imperm\u00e9able Nappes en toile de jute pour la cuisine, la salle \u00e0 manger, le caf\u00e9, les lignes carr\u00e9es, diff\u00e9rentes tailles disponibles pour toutes les tables"},"content":{"rendered":"<h6>Caract\u00e9ristiques :<\/h6>\n<ul>\n<li>Durable Material: Made of medium weight cotton linen with a waterproof coating, splash-proof, machine washable, and reusable.<\/li>\n<li>Size Guide: Measures 55&#215;55&#8243; and fits tables sized 30&#215;30&#8243;-42&#215;42&#8243; with 4 seats. For best results, add 20 inches to the table length (10 inches per side).<\/li>\n<li>Elegant Design: Features delicate embroidery patterns and fringe tassel edges for an elegant look.<\/li>\n<li>Versatile Use: Ideal for dining rooms, coffee tables, kitchens, birthday parties, weddings, brunches, buffets, picnics, catering, restaurants, hotels, and patio tables.<\/li>\n<li>Easy Cleaning: Machine washable in cold water with gentle detergent. Tightly sewn tassel fringe remains intact after washing.<\/li>\n<\/ul>\n<p>&nbsp;<\/p>\n<p><img fetchpriority=\"high\" decoding=\"async\" class=\"alignnone wp-image-27247 aligncenter\" src=\"https:\/\/shuji.ca\/wp-content\/uploads\/2024\/07\/b-2.png\" alt=\"\" width=\"1130\" height=\"895\" srcset=\"https:\/\/shuji.ca\/wp-content\/uploads\/2024\/07\/b-2.png 1292w, https:\/\/shuji.ca\/wp-content\/uploads\/2024\/07\/b-2-300x238.png 300w, https:\/\/shuji.ca\/wp-content\/uploads\/2024\/07\/b-2-1024x811.png 1024w, https:\/\/shuji.ca\/wp-content\/uploads\/2024\/07\/b-2-768x608.png 768w, https:\/\/shuji.ca\/wp-content\/uploads\/2024\/07\/b-2-600x475.png 600w\" sizes=\"(max-width: 1130px) 100vw, 1130px\" \/><\/p>\n<p style=\"text-align: center;\"><img decoding=\"async\" class=\"alignnone wp-image-27248\" src=\"https:\/\/shuji.ca\/wp-content\/uploads\/2024\/07\/b-3.png\" alt=\"\" width=\"1132\" height=\"1126\" srcset=\"https:\/\/shuji.ca\/wp-content\/uploads\/2024\/07\/b-3.png 1180w, https:\/\/shuji.ca\/wp-content\/uploads\/2024\/07\/b-3-300x298.png 300w, https:\/\/shuji.ca\/wp-content\/uploads\/2024\/07\/b-3-1024x1019.png 1024w, https:\/\/shuji.ca\/wp-content\/uploads\/2024\/07\/b-3-150x150.png 150w, https:\/\/shuji.ca\/wp-content\/uploads\/2024\/07\/b-3-768x764.png 768w, https:\/\/shuji.ca\/wp-content\/uploads\/2024\/07\/b-3-600x597.png 600w, https:\/\/shuji.ca\/wp-content\/uploads\/2024\/07\/b-3-100x100.png 100w\" sizes=\"(max-width: 1132px) 100vw, 1132px\" \/><\/p>\n<p style=\"text-align: center;\"><img decoding=\"async\" class=\"alignnone wp-image-27249\" src=\"https:\/\/shuji.ca\/wp-content\/uploads\/2024\/07\/b.png\" alt=\"\" width=\"1133\" height=\"750\" srcset=\"https:\/\/shuji.ca\/wp-content\/uploads\/2024\/07\/b.png 1453w, https:\/\/shuji.ca\/wp-content\/uploads\/2024\/07\/b-300x198.png 300w, https:\/\/shuji.ca\/wp-content\/uploads\/2024\/07\/b-1024x677.png 1024w, https:\/\/shuji.ca\/wp-content\/uploads\/2024\/07\/b-768x508.png 768w, https:\/\/shuji.ca\/wp-content\/uploads\/2024\/07\/b-600x397.png 600w\" sizes=\"(max-width: 1133px) 100vw, 1133px\" \/><\/p>","protected":false},"excerpt":{"rendered":"<p>Features: Durable Material: Made of medium weight cotton linen with a waterproof coating, splash-proof, machine washable, and reusable. Size Guide: Measures 55&#215;55&#8243; and fits tables sized 30&#215;30&#8243;-42&#215;42&#8243; with 4 seats. For best results, add 20 inches to the table length (10 inches per side). Elegant Design: Features delicate embroidery patterns and fringe tassel edges for [&hellip;]<\/p>","protected":false},"featured_media":27241,"comment_status":"open","ping_status":"closed","template":"","meta":[],"product_brand":[],"product_cat":[1199,1226],"product_tag":[],"class_list":{"0":"post-27250","1":"product","2":"type-product","3":"status-publish","4":"has-post-thumbnail","6":"product_cat-home-living","7":"product_cat-home-decor","8":"product_shipping_class-preorder","10":"first","11":"onbackorder","12":"taxable","13":"shipping-taxable","14":"purchasable","15":"product-type-variable"},"_links":{"self":[{"href":"https:\/\/shuji.ca\/fr\/wp-json\/wp\/v2\/product\/27250","targetHints":{"allow":["GET"]}}],"collection":[{"href":"https:\/\/shuji.ca\/fr\/wp-json\/wp\/v2\/product"}],"about":[{"href":"https:\/\/shuji.ca\/fr\/wp-json\/wp\/v2\/types\/product"}],"replies":[{"embeddable":true,"href":"https:\/\/shuji.ca\/fr\/wp-json\/wp\/v2\/comments?post=27250"}],"wp:featuredmedia":[{"embeddable":true,"href":"https:\/\/shuji.ca\/fr\/wp-json\/wp\/v2\/media\/27241"}],"wp:attachment":[{"href":"https:\/\/shuji.ca\/fr\/wp-json\/wp\/v2\/media?parent=27250"}],"wp:term":[{"taxonomy":"product_brand","embeddable":true,"href":"https:\/\/shuji.ca\/fr\/wp-json\/wp\/v2\/product_brand?post=27250"},{"taxonomy":"product_cat","embeddable":true,"href":"https:\/\/shuji.ca\/fr\/wp-json\/wp\/v2\/product_cat?post=27250"},{"taxonomy":"product_tag","embeddable":true,"href":"https:\/\/shuji.ca\/fr\/wp-json\/wp\/v2\/product_tag?post=27250"}],"curies":[{"name":"wp","href":"https:\/\/api.w.org\/{rel}","templated":true}]}}