{"id":27156,"date":"2024-07-05T21:20:22","date_gmt":"2024-07-06T01:20:22","guid":{"rendered":"https:\/\/shuji.ca\/?post_type=product&#038;p=27156"},"modified":"2024-08-13T21:42:25","modified_gmt":"2024-08-14T01:42:25","slug":"premium-clear-plastic-stackable-drawer-organizer-makeup-organizers-and-storage-for-eyeshadow-palettes-cosmetics-beauty-supplies-ideal-for-vanity-desk-office-bathroom-organization","status":"publish","type":"product","link":"https:\/\/shuji.ca\/fr\/shop\/home-living\/bathroom\/premium-clear-plastic-stackable-drawer-organizer-makeup-organizers-and-storage-for-eyeshadow-palettes-cosmetics-beauty-supplies-ideal-for-vanity-desk-office-bathroom-organization\/","title":{"rendered":"Organisateur de tiroirs empilables en plastique transparent, organisateur de maquillage et rangement pour palettes d'ombres \u00e0 paupi\u00e8res, cosm\u00e9tiques, fournitures de beaut\u00e9, id\u00e9al pour la vanit\u00e9, le bureau, l'organisation de la salle de bains - Pack de 3"},"content":{"rendered":"<h6><strong>Caract\u00e9ristiques :<\/strong><\/h6>\n<ul>\n<li>Organisateurs polyvalents : Id\u00e9al pour organiser le maquillage, les comptoirs de salle de bain, la cuisine, la lessive sous l'\u00e9vier, l'armoire \u00e0 pharmacie, le garde-manger et le meuble-lavabo.<\/li>\n<li>Design empilable : Comprend 1 organiseur (12\u2033 L x 7,5\u2033 P x 3,5\u2033 H) et 2 organiseurs (6\u2033 L x 7,5\u2033 P x 4,4\u2033 H). Empilable pour un stockage vertical ou \u00e0 utiliser c\u00f4te \u00e0 c\u00f4te pour \u00e9conomiser de l'espace.<\/li>\n<li>Poign\u00e9e int\u00e9gr\u00e9e et antid\u00e9rapante : Con\u00e7u avec des poign\u00e9es extractibles pour plus de commodit\u00e9. Livr\u00e9 avec des coussinets en silicone suppl\u00e9mentaires pour \u00e9viter de glisser.<\/li>\n<li>Clair et organis\u00e9 : La conception transparente permet d'identifier facilement le contenu. Permet de conserver les articles organis\u00e9s et \u00e0 l'abri de la poussi\u00e8re.<\/li>\n<li>Construction de qualit\u00e9 : Fabriqu\u00e9 en plastique durable, sans BPA et r\u00e9sistant aux chocs. Facile \u00e0 nettoyer avec du savon et de l'eau chaude (ne passe pas au lave-vaisselle).<\/li>\n<\/ul>\n<p><img fetchpriority=\"high\" decoding=\"async\" class=\"aligncenter size-full wp-image-27160\" src=\"https:\/\/shuji.ca\/wp-content\/uploads\/2024\/07\/lkasjdlaj1.jpg\" alt=\"\" width=\"1920\" height=\"1920\" srcset=\"https:\/\/shuji.ca\/wp-content\/uploads\/2024\/07\/lkasjdlaj1.jpg 1920w, https:\/\/shuji.ca\/wp-content\/uploads\/2024\/07\/lkasjdlaj1-300x300.jpg 300w, https:\/\/shuji.ca\/wp-content\/uploads\/2024\/07\/lkasjdlaj1-1024x1024.jpg 1024w, https:\/\/shuji.ca\/wp-content\/uploads\/2024\/07\/lkasjdlaj1-150x150.jpg 150w, https:\/\/shuji.ca\/wp-content\/uploads\/2024\/07\/lkasjdlaj1-768x768.jpg 768w, https:\/\/shuji.ca\/wp-content\/uploads\/2024\/07\/lkasjdlaj1-1536x1536.jpg 1536w, https:\/\/shuji.ca\/wp-content\/uploads\/2024\/07\/lkasjdlaj1-600x600.jpg 600w, https:\/\/shuji.ca\/wp-content\/uploads\/2024\/07\/lkasjdlaj1-100x100.jpg 100w\" sizes=\"(max-width: 1920px) 100vw, 1920px\" \/> <img decoding=\"async\" class=\"aligncenter size-full wp-image-27159\" src=\"https:\/\/shuji.ca\/wp-content\/uploads\/2024\/07\/jkaldjalkjsdjalkjj1.jpg\" alt=\"\" width=\"1920\" height=\"1920\" srcset=\"https:\/\/shuji.ca\/wp-content\/uploads\/2024\/07\/jkaldjalkjsdjalkjj1.jpg 1920w, https:\/\/shuji.ca\/wp-content\/uploads\/2024\/07\/jkaldjalkjsdjalkjj1-300x300.jpg 300w, https:\/\/shuji.ca\/wp-content\/uploads\/2024\/07\/jkaldjalkjsdjalkjj1-1024x1024.jpg 1024w, https:\/\/shuji.ca\/wp-content\/uploads\/2024\/07\/jkaldjalkjsdjalkjj1-150x150.jpg 150w, https:\/\/shuji.ca\/wp-content\/uploads\/2024\/07\/jkaldjalkjsdjalkjj1-768x768.jpg 768w, https:\/\/shuji.ca\/wp-content\/uploads\/2024\/07\/jkaldjalkjsdjalkjj1-1536x1536.jpg 1536w, https:\/\/shuji.ca\/wp-content\/uploads\/2024\/07\/jkaldjalkjsdjalkjj1-600x600.jpg 600w, https:\/\/shuji.ca\/wp-content\/uploads\/2024\/07\/jkaldjalkjsdjalkjj1-100x100.jpg 100w\" sizes=\"(max-width: 1920px) 100vw, 1920px\" \/> <img decoding=\"async\" class=\"aligncenter size-full wp-image-27163\" src=\"https:\/\/shuji.ca\/wp-content\/uploads\/2024\/07\/hajsjkdhaskjhd1.jpg\" alt=\"\" width=\"1920\" height=\"1920\" srcset=\"https:\/\/shuji.ca\/wp-content\/uploads\/2024\/07\/hajsjkdhaskjhd1.jpg 1920w, https:\/\/shuji.ca\/wp-content\/uploads\/2024\/07\/hajsjkdhaskjhd1-300x300.jpg 300w, https:\/\/shuji.ca\/wp-content\/uploads\/2024\/07\/hajsjkdhaskjhd1-1024x1024.jpg 1024w, https:\/\/shuji.ca\/wp-content\/uploads\/2024\/07\/hajsjkdhaskjhd1-150x150.jpg 150w, https:\/\/shuji.ca\/wp-content\/uploads\/2024\/07\/hajsjkdhaskjhd1-768x768.jpg 768w, https:\/\/shuji.ca\/wp-content\/uploads\/2024\/07\/hajsjkdhaskjhd1-1536x1536.jpg 1536w, https:\/\/shuji.ca\/wp-content\/uploads\/2024\/07\/hajsjkdhaskjhd1-600x600.jpg 600w, https:\/\/shuji.ca\/wp-content\/uploads\/2024\/07\/hajsjkdhaskjhd1-100x100.jpg 100w\" sizes=\"(max-width: 1920px) 100vw, 1920px\" \/> <img loading=\"lazy\" decoding=\"async\" class=\"aligncenter size-full wp-image-27162\" src=\"https:\/\/shuji.ca\/wp-content\/uploads\/2024\/07\/jlaksjdlkasjd1.jpg\" alt=\"\" width=\"1920\" height=\"1920\" srcset=\"https:\/\/shuji.ca\/wp-content\/uploads\/2024\/07\/jlaksjdlkasjd1.jpg 1920w, https:\/\/shuji.ca\/wp-content\/uploads\/2024\/07\/jlaksjdlkasjd1-300x300.jpg 300w, https:\/\/shuji.ca\/wp-content\/uploads\/2024\/07\/jlaksjdlkasjd1-1024x1024.jpg 1024w, https:\/\/shuji.ca\/wp-content\/uploads\/2024\/07\/jlaksjdlkasjd1-150x150.jpg 150w, https:\/\/shuji.ca\/wp-content\/uploads\/2024\/07\/jlaksjdlkasjd1-768x768.jpg 768w, https:\/\/shuji.ca\/wp-content\/uploads\/2024\/07\/jlaksjdlkasjd1-1536x1536.jpg 1536w, https:\/\/shuji.ca\/wp-content\/uploads\/2024\/07\/jlaksjdlkasjd1-600x600.jpg 600w, https:\/\/shuji.ca\/wp-content\/uploads\/2024\/07\/jlaksjdlkasjd1-100x100.jpg 100w\" sizes=\"(max-width: 1920px) 100vw, 1920px\" \/> <img loading=\"lazy\" decoding=\"async\" class=\"aligncenter size-full wp-image-27161\" src=\"https:\/\/shuji.ca\/wp-content\/uploads\/2024\/07\/lkadlaskdjalsk1.jpg\" alt=\"\" width=\"1920\" height=\"1920\" srcset=\"https:\/\/shuji.ca\/wp-content\/uploads\/2024\/07\/lkadlaskdjalsk1.jpg 1920w, https:\/\/shuji.ca\/wp-content\/uploads\/2024\/07\/lkadlaskdjalsk1-300x300.jpg 300w, https:\/\/shuji.ca\/wp-content\/uploads\/2024\/07\/lkadlaskdjalsk1-1024x1024.jpg 1024w, https:\/\/shuji.ca\/wp-content\/uploads\/2024\/07\/lkadlaskdjalsk1-150x150.jpg 150w, https:\/\/shuji.ca\/wp-content\/uploads\/2024\/07\/lkadlaskdjalsk1-768x768.jpg 768w, https:\/\/shuji.ca\/wp-content\/uploads\/2024\/07\/lkadlaskdjalsk1-1536x1536.jpg 1536w, https:\/\/shuji.ca\/wp-content\/uploads\/2024\/07\/lkadlaskdjalsk1-600x600.jpg 600w, https:\/\/shuji.ca\/wp-content\/uploads\/2024\/07\/lkadlaskdjalsk1-100x100.jpg 100w\" sizes=\"(max-width: 1920px) 100vw, 1920px\" \/><\/p>","protected":false},"excerpt":{"rendered":"<p>Features: Multi-Purpose Organizers: Ideal for organizing makeup, bathroom countertops, kitchen, laundry under the sink, medicine cabinet, pantry, and vanity. Stackable Design: Includes 1 organizer (12&#8243; L x 7.5&#8243; D x 3.5&#8243; H) and 2 organizers (6&#8243; L x 7.5&#8243; D x 4.4&#8243; H). Stackable for vertical storage or use side by side to save space. [&hellip;]<\/p>","protected":false},"featured_media":27159,"comment_status":"open","ping_status":"closed","template":"","meta":[],"product_brand":[],"product_cat":[1237,1199],"product_tag":[],"class_list":{"0":"post-27156","1":"product","2":"type-product","3":"status-publish","4":"has-post-thumbnail","6":"product_cat-bathroom","7":"product_cat-home-living","8":"product_shipping_class-preorder","10":"first","11":"onbackorder","12":"taxable","13":"shipping-taxable","14":"purchasable","15":"product-type-simple"},"_links":{"self":[{"href":"https:\/\/shuji.ca\/fr\/wp-json\/wp\/v2\/product\/27156","targetHints":{"allow":["GET"]}}],"collection":[{"href":"https:\/\/shuji.ca\/fr\/wp-json\/wp\/v2\/product"}],"about":[{"href":"https:\/\/shuji.ca\/fr\/wp-json\/wp\/v2\/types\/product"}],"replies":[{"embeddable":true,"href":"https:\/\/shuji.ca\/fr\/wp-json\/wp\/v2\/comments?post=27156"}],"wp:featuredmedia":[{"embeddable":true,"href":"https:\/\/shuji.ca\/fr\/wp-json\/wp\/v2\/media\/27159"}],"wp:attachment":[{"href":"https:\/\/shuji.ca\/fr\/wp-json\/wp\/v2\/media?parent=27156"}],"wp:term":[{"taxonomy":"product_brand","embeddable":true,"href":"https:\/\/shuji.ca\/fr\/wp-json\/wp\/v2\/product_brand?post=27156"},{"taxonomy":"product_cat","embeddable":true,"href":"https:\/\/shuji.ca\/fr\/wp-json\/wp\/v2\/product_cat?post=27156"},{"taxonomy":"product_tag","embeddable":true,"href":"https:\/\/shuji.ca\/fr\/wp-json\/wp\/v2\/product_tag?post=27156"}],"curies":[{"name":"wp","href":"https:\/\/api.w.org\/{rel}","templated":true}]}}