{"id":27067,"date":"2024-07-05T19:57:47","date_gmt":"2024-07-05T23:57:47","guid":{"rendered":"https:\/\/shuji.ca\/?post_type=product&#038;p=27067"},"modified":"2024-08-13T21:55:05","modified_gmt":"2024-08-14T01:55:05","slug":"diller-premium-1-2l-large-capacity-insulated-tumbler-cup-with-straw-and-handle-for-hot-and-cold-beverages-available-in-two-colors","status":"publish","type":"product","link":"https:\/\/shuji.ca\/fr\/shop\/home-kitchen\/kitchen-appliances-home-kitchen\/diller-premium-1-2l-large-capacity-insulated-tumbler-cup-with-straw-and-handle-for-hot-and-cold-beverages-available-in-two-colors\/","title":{"rendered":"Diller Premium 1,2L gobelet isotherme de grande capacit\u00e9 avec paille et poign\u00e9e pour boissons chaudes et froides - Disponible en deux couleurs"},"content":{"rendered":"<h6>Caract\u00e9ristiques :<\/h6>\n<ul>\n<li>Grande capacit\u00e9 de 1,2 litre : Id\u00e9ale pour rester hydrat\u00e9 tout au long de la journ\u00e9e gr\u00e2ce \u00e0 sa conception spacieuse.<\/li>\n<li>Construction en acier inoxydable 304 : Garantit une durabilit\u00e9 et une utilisation \u00e0 long terme tout en maintenant la temp\u00e9rature de vos boissons.<\/li>\n<li>Isolation pour les boissons chaudes et froides : Conserve vos boissons \u00e0 la temp\u00e9rature souhait\u00e9e pendant des heures, qu'elles soient chaudes ou froides.<\/li>\n<li>Poign\u00e9e et paille pratiques : Facile \u00e0 transporter et \u00e0 utiliser, avec une poign\u00e9e pour la portabilit\u00e9 et une paille pour boire.<\/li>\n<li>Facile \u00e0 nettoyer : La conception \u00e0 large embouchure permet un nettoyage en profondeur sans aucun probl\u00e8me.<\/li>\n<li>Design \u00e9l\u00e9gant et pratique : L'aspect \u00e9l\u00e9gant et moderne convient \u00e0 tous les environnements, de la maison au bureau.<\/li>\n<\/ul>\n<p><img fetchpriority=\"high\" decoding=\"async\" class=\"aligncenter wp-image-27081\" src=\"https:\/\/shuji.ca\/wp-content\/uploads\/2024\/07\/HASKDHAD1.jpg\" alt=\"\" width=\"1171\" height=\"2209\" srcset=\"https:\/\/shuji.ca\/wp-content\/uploads\/2024\/07\/HASKDHAD1.jpg 790w, https:\/\/shuji.ca\/wp-content\/uploads\/2024\/07\/HASKDHAD1-159x300.jpg 159w, https:\/\/shuji.ca\/wp-content\/uploads\/2024\/07\/HASKDHAD1-543x1024.jpg 543w, https:\/\/shuji.ca\/wp-content\/uploads\/2024\/07\/HASKDHAD1-768x1449.jpg 768w, https:\/\/shuji.ca\/wp-content\/uploads\/2024\/07\/HASKDHAD1-600x1132.jpg 600w\" sizes=\"(max-width: 1171px) 100vw, 1171px\" \/> <img decoding=\"async\" class=\"aligncenter wp-image-27080\" src=\"https:\/\/shuji.ca\/wp-content\/uploads\/2024\/07\/KAJSHDKJSHAD1.jpg\" alt=\"\" width=\"1169\" height=\"2272\" srcset=\"https:\/\/shuji.ca\/wp-content\/uploads\/2024\/07\/KAJSHDKJSHAD1.jpg 790w, https:\/\/shuji.ca\/wp-content\/uploads\/2024\/07\/KAJSHDKJSHAD1-154x300.jpg 154w, https:\/\/shuji.ca\/wp-content\/uploads\/2024\/07\/KAJSHDKJSHAD1-527x1024.jpg 527w, https:\/\/shuji.ca\/wp-content\/uploads\/2024\/07\/KAJSHDKJSHAD1-768x1492.jpg 768w, https:\/\/shuji.ca\/wp-content\/uploads\/2024\/07\/KAJSHDKJSHAD1-600x1166.jpg 600w\" sizes=\"(max-width: 1169px) 100vw, 1169px\" \/> <img decoding=\"async\" class=\"aligncenter wp-image-27079\" src=\"https:\/\/shuji.ca\/wp-content\/uploads\/2024\/07\/KLSAJDLKJA1.jpg\" alt=\"\" width=\"1169\" height=\"1783\" srcset=\"https:\/\/shuji.ca\/wp-content\/uploads\/2024\/07\/KLSAJDLKJA1.jpg 785w, https:\/\/shuji.ca\/wp-content\/uploads\/2024\/07\/KLSAJDLKJA1-197x300.jpg 197w, https:\/\/shuji.ca\/wp-content\/uploads\/2024\/07\/KLSAJDLKJA1-672x1024.jpg 672w, https:\/\/shuji.ca\/wp-content\/uploads\/2024\/07\/KLSAJDLKJA1-768x1171.jpg 768w, https:\/\/shuji.ca\/wp-content\/uploads\/2024\/07\/KLSAJDLKJA1-600x915.jpg 600w\" sizes=\"(max-width: 1169px) 100vw, 1169px\" \/> <img loading=\"lazy\" decoding=\"async\" class=\"aligncenter wp-image-27083\" src=\"https:\/\/shuji.ca\/wp-content\/uploads\/2024\/07\/ASHDHJKH1.png\" alt=\"\" width=\"1169\" height=\"1268\" srcset=\"https:\/\/shuji.ca\/wp-content\/uploads\/2024\/07\/ASHDHJKH1.png 985w, https:\/\/shuji.ca\/wp-content\/uploads\/2024\/07\/ASHDHJKH1-277x300.png 277w, https:\/\/shuji.ca\/wp-content\/uploads\/2024\/07\/ASHDHJKH1-944x1024.png 944w, https:\/\/shuji.ca\/wp-content\/uploads\/2024\/07\/ASHDHJKH1-768x833.png 768w, https:\/\/shuji.ca\/wp-content\/uploads\/2024\/07\/ASHDHJKH1-600x651.png 600w\" sizes=\"(max-width: 1169px) 100vw, 1169px\" \/> <img loading=\"lazy\" decoding=\"async\" class=\"aligncenter wp-image-27076\" src=\"https:\/\/shuji.ca\/wp-content\/uploads\/2024\/07\/AKJSDHKJASDH1.jpg\" alt=\"\" width=\"1165\" height=\"1314\" srcset=\"https:\/\/shuji.ca\/wp-content\/uploads\/2024\/07\/AKJSDHKJASDH1.jpg 782w, https:\/\/shuji.ca\/wp-content\/uploads\/2024\/07\/AKJSDHKJASDH1-266x300.jpg 266w, https:\/\/shuji.ca\/wp-content\/uploads\/2024\/07\/AKJSDHKJASDH1-768x866.jpg 768w, https:\/\/shuji.ca\/wp-content\/uploads\/2024\/07\/AKJSDHKJASDH1-600x677.jpg 600w\" sizes=\"(max-width: 1165px) 100vw, 1165px\" \/><\/p>","protected":false},"excerpt":{"rendered":"<p>Features: 1.2L Large Capacity: Ideal for staying hydrated throughout the day with its spacious design. 304 Stainless Steel Construction: Ensures durability and long-lasting use while maintaining the temperature of your beverages. Insulated for Hot and Cold Drinks: Keeps your drinks at the desired temperature for hours, whether hot or cold. Convenient Handle and Straw: Easy [&hellip;]<\/p>","protected":false},"featured_media":27076,"comment_status":"open","ping_status":"closed","template":"","meta":[],"product_brand":[],"product_cat":[1204,1245],"product_tag":[],"class_list":{"0":"post-27067","1":"product","2":"type-product","3":"status-publish","4":"has-post-thumbnail","6":"product_cat-home-kitchen","7":"product_cat-kitchen-appliances-home-kitchen","8":"product_shipping_class-preorder","10":"first","11":"onbackorder","12":"taxable","13":"shipping-taxable","14":"purchasable","15":"product-type-variable"},"_links":{"self":[{"href":"https:\/\/shuji.ca\/fr\/wp-json\/wp\/v2\/product\/27067","targetHints":{"allow":["GET"]}}],"collection":[{"href":"https:\/\/shuji.ca\/fr\/wp-json\/wp\/v2\/product"}],"about":[{"href":"https:\/\/shuji.ca\/fr\/wp-json\/wp\/v2\/types\/product"}],"replies":[{"embeddable":true,"href":"https:\/\/shuji.ca\/fr\/wp-json\/wp\/v2\/comments?post=27067"}],"wp:featuredmedia":[{"embeddable":true,"href":"https:\/\/shuji.ca\/fr\/wp-json\/wp\/v2\/media\/27076"}],"wp:attachment":[{"href":"https:\/\/shuji.ca\/fr\/wp-json\/wp\/v2\/media?parent=27067"}],"wp:term":[{"taxonomy":"product_brand","embeddable":true,"href":"https:\/\/shuji.ca\/fr\/wp-json\/wp\/v2\/product_brand?post=27067"},{"taxonomy":"product_cat","embeddable":true,"href":"https:\/\/shuji.ca\/fr\/wp-json\/wp\/v2\/product_cat?post=27067"},{"taxonomy":"product_tag","embeddable":true,"href":"https:\/\/shuji.ca\/fr\/wp-json\/wp\/v2\/product_tag?post=27067"}],"curies":[{"name":"wp","href":"https:\/\/api.w.org\/{rel}","templated":true}]}}