{"id":27006,"date":"2024-07-05T14:33:42","date_gmt":"2024-07-05T18:33:42","guid":{"rendered":"https:\/\/shuji.ca\/?post_type=product&#038;p=27006"},"modified":"2024-08-28T20:59:58","modified_gmt":"2024-08-29T00:59:58","slug":"high-speed-15w-magnetic-wireless-charger-for-iphone-13-12-series-and-android-with-pd-qc-compatibility-strong-magnetic-attachment-for-stable-and-fast-charging-white","status":"publish","type":"product","link":"https:\/\/shuji.ca\/fr\/shop\/electronics\/mobile-accessories\/high-speed-15w-magnetic-wireless-charger-for-iphone-13-12-series-and-android-with-pd-qc-compatibility-strong-magnetic-attachment-for-stable-and-fast-charging-white\/","title":{"rendered":"Chargeur magn\u00e9tique sans fil 15W \u00e0 haute vitesse pour iPhone 13\/12 Series et Android avec compatibilit\u00e9 PD\/QC - Fixation magn\u00e9tique forte pour une charge stable et rapide - Blanc"},"content":{"rendered":"<h6>Caract\u00e9ristiques :<\/h6>\n<ul>\n<li>Chargement rapide : Chargement rapide de 15W pour les s\u00e9ries iPhone 13\/12, garantissant une mise en marche rapide de votre appareil.<\/li>\n<li>Large compatibilit\u00e9 : Prend en charge les protocoles PD et QC, compatible avec les appareils de recharge sans fil Apple, Huawei et Samsung.<\/li>\n<li>Fixation magn\u00e9tique : Adsorption magn\u00e9tique forte avec 36 aimants int\u00e9gr\u00e9s pour une connexion s\u00fbre et stable.<\/li>\n<li>Chargement multi-appareils : Prend en charge plusieurs sorties d'alimentation (15W, 10W, 5W) pour diff\u00e9rents appareils, en reconnaissant et en ajustant intelligemment la puissance de charge.<\/li>\n<li>Conception pratique : Chargement sans fil sans connecteur, permettant une utilisation flexible m\u00eame pendant les jeux.<\/li>\n<li>Durable et fiable : Con\u00e7u pour une utilisation durable, il garantit une charge s\u00fbre et efficace de vos appareils.<\/li>\n<\/ul>\n<p><img fetchpriority=\"high\" decoding=\"async\" class=\"aligncenter  wp-image-30353\" src=\"https:\/\/shuji.ca\/wp-content\/uploads\/2024\/07\/O1CN01zrVDrs1l3VHDWjNkP_2214080544763-0-cib.jpg\" alt=\"\" width=\"947\" height=\"2952\" srcset=\"https:\/\/shuji.ca\/wp-content\/uploads\/2024\/07\/O1CN01zrVDrs1l3VHDWjNkP_2214080544763-0-cib.jpg 790w, https:\/\/shuji.ca\/wp-content\/uploads\/2024\/07\/O1CN01zrVDrs1l3VHDWjNkP_2214080544763-0-cib-96x300.jpg 96w, https:\/\/shuji.ca\/wp-content\/uploads\/2024\/07\/O1CN01zrVDrs1l3VHDWjNkP_2214080544763-0-cib-768x2394.jpg 768w, https:\/\/shuji.ca\/wp-content\/uploads\/2024\/07\/O1CN01zrVDrs1l3VHDWjNkP_2214080544763-0-cib-493x1536.jpg 493w, https:\/\/shuji.ca\/wp-content\/uploads\/2024\/07\/O1CN01zrVDrs1l3VHDWjNkP_2214080544763-0-cib-657x2048.jpg 657w, https:\/\/shuji.ca\/wp-content\/uploads\/2024\/07\/O1CN01zrVDrs1l3VHDWjNkP_2214080544763-0-cib-4x12.jpg 4w, https:\/\/shuji.ca\/wp-content\/uploads\/2024\/07\/O1CN01zrVDrs1l3VHDWjNkP_2214080544763-0-cib-600x1871.jpg 600w\" sizes=\"(max-width: 947px) 100vw, 947px\" \/> <img decoding=\"async\" class=\"aligncenter  wp-image-30354\" src=\"https:\/\/shuji.ca\/wp-content\/uploads\/2024\/07\/O1CN01zBxtJw1l3VHJZ0FVS_2214080544763-0-cib.jpg\" alt=\"\" width=\"948\" height=\"1797\" srcset=\"https:\/\/shuji.ca\/wp-content\/uploads\/2024\/07\/O1CN01zBxtJw1l3VHJZ0FVS_2214080544763-0-cib.jpg 790w, https:\/\/shuji.ca\/wp-content\/uploads\/2024\/07\/O1CN01zBxtJw1l3VHJZ0FVS_2214080544763-0-cib-158x300.jpg 158w, https:\/\/shuji.ca\/wp-content\/uploads\/2024\/07\/O1CN01zBxtJw1l3VHJZ0FVS_2214080544763-0-cib-540x1024.jpg 540w, https:\/\/shuji.ca\/wp-content\/uploads\/2024\/07\/O1CN01zBxtJw1l3VHJZ0FVS_2214080544763-0-cib-768x1456.jpg 768w, https:\/\/shuji.ca\/wp-content\/uploads\/2024\/07\/O1CN01zBxtJw1l3VHJZ0FVS_2214080544763-0-cib-6x12.jpg 6w, https:\/\/shuji.ca\/wp-content\/uploads\/2024\/07\/O1CN01zBxtJw1l3VHJZ0FVS_2214080544763-0-cib-600x1138.jpg 600w\" sizes=\"(max-width: 948px) 100vw, 948px\" \/> <img decoding=\"async\" class=\"aligncenter  wp-image-30355\" src=\"https:\/\/shuji.ca\/wp-content\/uploads\/2024\/07\/O1CN01divGHU1l3VHTjNz5J_2214080544763-0-cib.jpg\" alt=\"\" width=\"948\" height=\"1402\" srcset=\"https:\/\/shuji.ca\/wp-content\/uploads\/2024\/07\/O1CN01divGHU1l3VHTjNz5J_2214080544763-0-cib.jpg 790w, https:\/\/shuji.ca\/wp-content\/uploads\/2024\/07\/O1CN01divGHU1l3VHTjNz5J_2214080544763-0-cib-203x300.jpg 203w, https:\/\/shuji.ca\/wp-content\/uploads\/2024\/07\/O1CN01divGHU1l3VHTjNz5J_2214080544763-0-cib-692x1024.jpg 692w, https:\/\/shuji.ca\/wp-content\/uploads\/2024\/07\/O1CN01divGHU1l3VHTjNz5J_2214080544763-0-cib-768x1136.jpg 768w, https:\/\/shuji.ca\/wp-content\/uploads\/2024\/07\/O1CN01divGHU1l3VHTjNz5J_2214080544763-0-cib-8x12.jpg 8w, https:\/\/shuji.ca\/wp-content\/uploads\/2024\/07\/O1CN01divGHU1l3VHTjNz5J_2214080544763-0-cib-600x888.jpg 600w\" sizes=\"(max-width: 948px) 100vw, 948px\" \/><\/p>","protected":false},"excerpt":{"rendered":"<p>Features: High-Speed Charging: 15W fast charging for iPhone 13\/12 series, ensuring your device powers up quickly. Wide Compatibility: Supports PD and QC protocols, compatible with Apple, Huawei, and Samsung wireless charging devices. Magnetic Attachment: Strong magnetic adsorption with 36 built-in magnets for a secure and stable connection. Multi-Device Charging: Supports multiple power outputs (15W, 10W, [&hellip;]<\/p>","protected":false},"featured_media":27009,"comment_status":"open","ping_status":"closed","template":"","meta":[],"product_brand":[],"product_cat":[1198,1242],"product_tag":[],"class_list":{"0":"post-27006","1":"product","2":"type-product","3":"status-publish","4":"has-post-thumbnail","6":"product_cat-electronics","7":"product_cat-mobile-accessories","8":"product_shipping_class-preorder","10":"first","11":"onbackorder","12":"taxable","13":"shipping-taxable","14":"purchasable","15":"product-type-simple"},"_links":{"self":[{"href":"https:\/\/shuji.ca\/fr\/wp-json\/wp\/v2\/product\/27006","targetHints":{"allow":["GET"]}}],"collection":[{"href":"https:\/\/shuji.ca\/fr\/wp-json\/wp\/v2\/product"}],"about":[{"href":"https:\/\/shuji.ca\/fr\/wp-json\/wp\/v2\/types\/product"}],"replies":[{"embeddable":true,"href":"https:\/\/shuji.ca\/fr\/wp-json\/wp\/v2\/comments?post=27006"}],"wp:featuredmedia":[{"embeddable":true,"href":"https:\/\/shuji.ca\/fr\/wp-json\/wp\/v2\/media\/27009"}],"wp:attachment":[{"href":"https:\/\/shuji.ca\/fr\/wp-json\/wp\/v2\/media?parent=27006"}],"wp:term":[{"taxonomy":"product_brand","embeddable":true,"href":"https:\/\/shuji.ca\/fr\/wp-json\/wp\/v2\/product_brand?post=27006"},{"taxonomy":"product_cat","embeddable":true,"href":"https:\/\/shuji.ca\/fr\/wp-json\/wp\/v2\/product_cat?post=27006"},{"taxonomy":"product_tag","embeddable":true,"href":"https:\/\/shuji.ca\/fr\/wp-json\/wp\/v2\/product_tag?post=27006"}],"curies":[{"name":"wp","href":"https:\/\/api.w.org\/{rel}","templated":true}]}}