{"id":26971,"date":"2024-07-05T13:31:43","date_gmt":"2024-07-05T17:31:43","guid":{"rendered":"https:\/\/shuji.ca\/?post_type=product&#038;p=26971"},"modified":"2024-10-24T19:34:41","modified_gmt":"2024-10-24T23:34:41","slug":"multifunctional-4-in-1-magnetic-wireless-charger-for-multiple-devices-phones-earphones-and-smartwatches-supports-simultaneous-charging-of-multiple-devices","status":"publish","type":"product","link":"https:\/\/shuji.ca\/fr\/shop\/electronics\/mobile-accessories\/multifunctional-4-in-1-magnetic-wireless-charger-for-multiple-devices-phones-earphones-and-smartwatches-supports-simultaneous-charging-of-multiple-devices\/","title":{"rendered":"Chargeur magn\u00e9tique sans fil 4-en-1 multifonctionnel pour plusieurs appareils - t\u00e9l\u00e9phones, \u00e9couteurs et montres intelligentes, permettant de charger simultan\u00e9ment plusieurs appareils"},"content":{"rendered":"<h6>Caract\u00e9ristiques :<\/h6>\n<ul>\n<li>Support d'aspiration magn\u00e9tique : Charge le t\u00e9l\u00e9phone ou les \u00e9couteurs gr\u00e2ce \u00e0 l'aspiration magn\u00e9tique pour une charge s\u00fbre et efficace.<\/li>\n<li>Conception compacte et pliable : L\u00e9ger et portable, il se glisse facilement dans les sacs et ne prend pas de place.<\/li>\n<li>Chargeur sans fil 4 en 1 : Charge simultan\u00e9ment les t\u00e9l\u00e9phones portables, les casques et les smartwatches, ce qui r\u00e9sout le probl\u00e8me des chargeurs multiples.<\/li>\n<li>Chargement rapide 22W : Chargement rapide avec une puissance de 22 W pour une recharge rapide et efficace.<\/li>\n<li>Compatibilit\u00e9 multi-appareils : Compatible avec de nombreux appareils, y compris les t\u00e9l\u00e9phones, les \u00e9couteurs et les smartwatches, pour une plus grande polyvalence.<\/li>\n<li>Angles r\u00e9glables : Les angles sont r\u00e9glables pour une utilisation pratique, permettant des positions de chargement horizontales et verticales.<\/li>\n<\/ul>\n<p><img fetchpriority=\"high\" decoding=\"async\" class=\"aligncenter size-full wp-image-30361\" src=\"https:\/\/shuji.ca\/wp-content\/uploads\/2024\/07\/O1CN01LrP1em1y5sTJ1Yhe6_2217861936528-0-cib.jpg\" alt=\"\" width=\"1000\" height=\"1525\" srcset=\"https:\/\/shuji.ca\/wp-content\/uploads\/2024\/07\/O1CN01LrP1em1y5sTJ1Yhe6_2217861936528-0-cib.jpg 1000w, https:\/\/shuji.ca\/wp-content\/uploads\/2024\/07\/O1CN01LrP1em1y5sTJ1Yhe6_2217861936528-0-cib-197x300.jpg 197w, https:\/\/shuji.ca\/wp-content\/uploads\/2024\/07\/O1CN01LrP1em1y5sTJ1Yhe6_2217861936528-0-cib-671x1024.jpg 671w, https:\/\/shuji.ca\/wp-content\/uploads\/2024\/07\/O1CN01LrP1em1y5sTJ1Yhe6_2217861936528-0-cib-768x1171.jpg 768w, https:\/\/shuji.ca\/wp-content\/uploads\/2024\/07\/O1CN01LrP1em1y5sTJ1Yhe6_2217861936528-0-cib-8x12.jpg 8w, https:\/\/shuji.ca\/wp-content\/uploads\/2024\/07\/O1CN01LrP1em1y5sTJ1Yhe6_2217861936528-0-cib-600x915.jpg 600w\" sizes=\"(max-width: 1000px) 100vw, 1000px\" \/> <img decoding=\"async\" class=\"aligncenter size-full wp-image-30362\" src=\"https:\/\/shuji.ca\/wp-content\/uploads\/2024\/07\/O1CN01Ywk4y11y5sTUNeDPt_2217861936528-0-cib.jpg\" alt=\"\" width=\"1000\" height=\"1501\" srcset=\"https:\/\/shuji.ca\/wp-content\/uploads\/2024\/07\/O1CN01Ywk4y11y5sTUNeDPt_2217861936528-0-cib.jpg 1000w, https:\/\/shuji.ca\/wp-content\/uploads\/2024\/07\/O1CN01Ywk4y11y5sTUNeDPt_2217861936528-0-cib-200x300.jpg 200w, https:\/\/shuji.ca\/wp-content\/uploads\/2024\/07\/O1CN01Ywk4y11y5sTUNeDPt_2217861936528-0-cib-682x1024.jpg 682w, https:\/\/shuji.ca\/wp-content\/uploads\/2024\/07\/O1CN01Ywk4y11y5sTUNeDPt_2217861936528-0-cib-768x1153.jpg 768w, https:\/\/shuji.ca\/wp-content\/uploads\/2024\/07\/O1CN01Ywk4y11y5sTUNeDPt_2217861936528-0-cib-8x12.jpg 8w, https:\/\/shuji.ca\/wp-content\/uploads\/2024\/07\/O1CN01Ywk4y11y5sTUNeDPt_2217861936528-0-cib-600x901.jpg 600w\" sizes=\"(max-width: 1000px) 100vw, 1000px\" \/> <img decoding=\"async\" class=\"aligncenter size-full wp-image-30363\" src=\"https:\/\/shuji.ca\/wp-content\/uploads\/2024\/07\/O1CN01EyM3K31y5sTOTgtl9_2217861936528-0-cib.jpg\" alt=\"\" width=\"1000\" height=\"1849\" srcset=\"https:\/\/shuji.ca\/wp-content\/uploads\/2024\/07\/O1CN01EyM3K31y5sTOTgtl9_2217861936528-0-cib.jpg 1000w, https:\/\/shuji.ca\/wp-content\/uploads\/2024\/07\/O1CN01EyM3K31y5sTOTgtl9_2217861936528-0-cib-162x300.jpg 162w, https:\/\/shuji.ca\/wp-content\/uploads\/2024\/07\/O1CN01EyM3K31y5sTOTgtl9_2217861936528-0-cib-554x1024.jpg 554w, https:\/\/shuji.ca\/wp-content\/uploads\/2024\/07\/O1CN01EyM3K31y5sTOTgtl9_2217861936528-0-cib-768x1420.jpg 768w, https:\/\/shuji.ca\/wp-content\/uploads\/2024\/07\/O1CN01EyM3K31y5sTOTgtl9_2217861936528-0-cib-831x1536.jpg 831w, https:\/\/shuji.ca\/wp-content\/uploads\/2024\/07\/O1CN01EyM3K31y5sTOTgtl9_2217861936528-0-cib-6x12.jpg 6w, https:\/\/shuji.ca\/wp-content\/uploads\/2024\/07\/O1CN01EyM3K31y5sTOTgtl9_2217861936528-0-cib-600x1109.jpg 600w\" sizes=\"(max-width: 1000px) 100vw, 1000px\" \/> <img loading=\"lazy\" decoding=\"async\" class=\"aligncenter size-full wp-image-30364\" src=\"https:\/\/shuji.ca\/wp-content\/uploads\/2024\/07\/O1CN01Cxa83s1y5sTJ1VHaJ_2217861936528-0-cib.jpg\" alt=\"\" width=\"997\" height=\"1920\" srcset=\"https:\/\/shuji.ca\/wp-content\/uploads\/2024\/07\/O1CN01Cxa83s1y5sTJ1VHaJ_2217861936528-0-cib.jpg 997w, https:\/\/shuji.ca\/wp-content\/uploads\/2024\/07\/O1CN01Cxa83s1y5sTJ1VHaJ_2217861936528-0-cib-156x300.jpg 156w, https:\/\/shuji.ca\/wp-content\/uploads\/2024\/07\/O1CN01Cxa83s1y5sTJ1VHaJ_2217861936528-0-cib-532x1024.jpg 532w, https:\/\/shuji.ca\/wp-content\/uploads\/2024\/07\/O1CN01Cxa83s1y5sTJ1VHaJ_2217861936528-0-cib-768x1479.jpg 768w, https:\/\/shuji.ca\/wp-content\/uploads\/2024\/07\/O1CN01Cxa83s1y5sTJ1VHaJ_2217861936528-0-cib-798x1536.jpg 798w, https:\/\/shuji.ca\/wp-content\/uploads\/2024\/07\/O1CN01Cxa83s1y5sTJ1VHaJ_2217861936528-0-cib-6x12.jpg 6w, https:\/\/shuji.ca\/wp-content\/uploads\/2024\/07\/O1CN01Cxa83s1y5sTJ1VHaJ_2217861936528-0-cib-600x1155.jpg 600w\" sizes=\"(max-width: 997px) 100vw, 997px\" \/><\/p>","protected":false},"excerpt":{"rendered":"<p>Features: Magnetic Suction Support: Charges phone or earphones with magnetic suction for secure and efficient charging. Compact Folding Design: Light and portable, easily fits into bags and doesn&#8217;t take up space. 4-in-1 Wireless Charger: Charges mobile phones, headsets, and smartwatches simultaneously, solving the problem of multiple chargers. 22W Fast Charging: Provides fast charging with 22W [&hellip;]<\/p>","protected":false},"featured_media":31172,"comment_status":"open","ping_status":"closed","template":"","meta":[],"product_brand":[],"product_cat":[1198,1242],"product_tag":[],"class_list":{"0":"post-26971","1":"product","2":"type-product","3":"status-publish","4":"has-post-thumbnail","6":"product_cat-electronics","7":"product_cat-mobile-accessories","8":"product_shipping_class-preorder","10":"first","11":"onbackorder","12":"taxable","13":"shipping-taxable","14":"purchasable","15":"product-type-variable"},"_links":{"self":[{"href":"https:\/\/shuji.ca\/fr\/wp-json\/wp\/v2\/product\/26971","targetHints":{"allow":["GET"]}}],"collection":[{"href":"https:\/\/shuji.ca\/fr\/wp-json\/wp\/v2\/product"}],"about":[{"href":"https:\/\/shuji.ca\/fr\/wp-json\/wp\/v2\/types\/product"}],"replies":[{"embeddable":true,"href":"https:\/\/shuji.ca\/fr\/wp-json\/wp\/v2\/comments?post=26971"}],"wp:featuredmedia":[{"embeddable":true,"href":"https:\/\/shuji.ca\/fr\/wp-json\/wp\/v2\/media\/31172"}],"wp:attachment":[{"href":"https:\/\/shuji.ca\/fr\/wp-json\/wp\/v2\/media?parent=26971"}],"wp:term":[{"taxonomy":"product_brand","embeddable":true,"href":"https:\/\/shuji.ca\/fr\/wp-json\/wp\/v2\/product_brand?post=26971"},{"taxonomy":"product_cat","embeddable":true,"href":"https:\/\/shuji.ca\/fr\/wp-json\/wp\/v2\/product_cat?post=26971"},{"taxonomy":"product_tag","embeddable":true,"href":"https:\/\/shuji.ca\/fr\/wp-json\/wp\/v2\/product_tag?post=26971"}],"curies":[{"name":"wp","href":"https:\/\/api.w.org\/{rel}","templated":true}]}}