{"id":26840,"date":"2024-07-03T07:01:33","date_gmt":"2024-07-03T11:01:33","guid":{"rendered":"https:\/\/shuji.ca\/?post_type=product&#038;p=26840"},"modified":"2024-08-18T15:39:30","modified_gmt":"2024-08-18T19:39:30","slug":"kawoo-waves-ocean-slumber-speaker","status":"publish","type":"product","link":"https:\/\/shuji.ca\/fr\/shop\/electronics\/home-appliances\/kawoo-waves-ocean-slumber-speaker\/","title":{"rendered":"Kawoo Waves Ocean Slumber Speaker avec connectivit\u00e9 Bluetooth, aide au sommeil, sons apaisants et effets lumineux LED pour un meilleur sommeil et une meilleure relaxation"},"content":{"rendered":"<h6>Caract\u00e9ristiques :<\/h6>\n<ul>\n<li>Design innovant des vagues de l'oc\u00e9an : Imite le son et les images apaisantes des vagues de l'oc\u00e9an pour vous aider \u00e0 mieux dormir.<\/li>\n<li>Lecture multimode : Comprend les modes bruit blanc, Bluetooth, carte TF et AUX pour une utilisation polyvalente.<\/li>\n<li>Son ambiophonique \u00e0 360\u00b0 : Offre une exp\u00e9rience audio immersive avec un son de haute qualit\u00e9.<\/li>\n<li>Modes d'\u00e9clairage RVB et de respiration : Am\u00e9liore l'ambiance gr\u00e2ce \u00e0 des effets lumineux personnalisables.<\/li>\n<li>Facile \u00e0 utiliser : commandes simples pour r\u00e9gler le volume et passer d'une piste \u00e0 l'autre ; affichage int\u00e9gr\u00e9 de l'heure.<\/li>\n<li>Compact et portable : Convient aux chambres \u00e0 coucher, aux bureaux, aux r\u00e9unions et aux moments de lecture.<\/li>\n<\/ul>\n<p>&nbsp;<\/p>\n<p><img fetchpriority=\"high\" decoding=\"async\" class=\"aligncenter wp-image-26891\" src=\"https:\/\/shuji.ca\/wp-content\/uploads\/2024\/07\/KLSAJDASJ1.jpg\" alt=\"\" width=\"1141\" height=\"1043\" srcset=\"https:\/\/shuji.ca\/wp-content\/uploads\/2024\/07\/KLSAJDASJ1.jpg 745w, https:\/\/shuji.ca\/wp-content\/uploads\/2024\/07\/KLSAJDASJ1-300x274.jpg 300w, https:\/\/shuji.ca\/wp-content\/uploads\/2024\/07\/KLSAJDASJ1-600x548.jpg 600w\" sizes=\"(max-width: 1141px) 100vw, 1141px\" \/><img decoding=\"async\" class=\"aligncenter wp-image-26843\" src=\"https:\/\/shuji.ca\/wp-content\/uploads\/2024\/07\/X1-2.jpg\" alt=\"\" width=\"1142\" height=\"1263\" srcset=\"https:\/\/shuji.ca\/wp-content\/uploads\/2024\/07\/X1-2.jpg 750w, https:\/\/shuji.ca\/wp-content\/uploads\/2024\/07\/X1-2-271x300.jpg 271w, https:\/\/shuji.ca\/wp-content\/uploads\/2024\/07\/X1-2-600x664.jpg 600w\" sizes=\"(max-width: 1142px) 100vw, 1142px\" \/><img decoding=\"async\" class=\"aligncenter wp-image-26844\" src=\"https:\/\/shuji.ca\/wp-content\/uploads\/2024\/07\/X2-2.jpg\" alt=\"\" width=\"1142\" height=\"1498\" srcset=\"https:\/\/shuji.ca\/wp-content\/uploads\/2024\/07\/X2-2.jpg 750w, https:\/\/shuji.ca\/wp-content\/uploads\/2024\/07\/X2-2-229x300.jpg 229w, https:\/\/shuji.ca\/wp-content\/uploads\/2024\/07\/X2-2-600x787.jpg 600w\" sizes=\"(max-width: 1142px) 100vw, 1142px\" \/><\/p>","protected":false},"excerpt":{"rendered":"<p>Features: Innovative Ocean Wave Design: Mimics the calming sound and visuals of ocean waves to help you sleep better. Multi-Mode Playback: Includes white noise, Bluetooth, TF card, and AUX modes for versatile use. 360\u00b0 Surround Sound: Provides immersive audio experience with high-quality sound. RGB and Breathing Light Modes: Enhances the ambiance with customizable light effects. [&hellip;]<\/p>","protected":false},"featured_media":26843,"comment_status":"open","ping_status":"closed","template":"","meta":[],"product_brand":[],"product_cat":[1198,1238],"product_tag":[],"class_list":{"0":"post-26840","1":"product","2":"type-product","3":"status-publish","4":"has-post-thumbnail","6":"product_cat-electronics","7":"product_cat-home-appliances","8":"product_shipping_class-preorder","9":"product-has-variation-images","11":"first","12":"onbackorder","13":"taxable","14":"shipping-taxable","15":"purchasable","16":"product-type-variable"},"_links":{"self":[{"href":"https:\/\/shuji.ca\/fr\/wp-json\/wp\/v2\/product\/26840","targetHints":{"allow":["GET"]}}],"collection":[{"href":"https:\/\/shuji.ca\/fr\/wp-json\/wp\/v2\/product"}],"about":[{"href":"https:\/\/shuji.ca\/fr\/wp-json\/wp\/v2\/types\/product"}],"replies":[{"embeddable":true,"href":"https:\/\/shuji.ca\/fr\/wp-json\/wp\/v2\/comments?post=26840"}],"wp:featuredmedia":[{"embeddable":true,"href":"https:\/\/shuji.ca\/fr\/wp-json\/wp\/v2\/media\/26843"}],"wp:attachment":[{"href":"https:\/\/shuji.ca\/fr\/wp-json\/wp\/v2\/media?parent=26840"}],"wp:term":[{"taxonomy":"product_brand","embeddable":true,"href":"https:\/\/shuji.ca\/fr\/wp-json\/wp\/v2\/product_brand?post=26840"},{"taxonomy":"product_cat","embeddable":true,"href":"https:\/\/shuji.ca\/fr\/wp-json\/wp\/v2\/product_cat?post=26840"},{"taxonomy":"product_tag","embeddable":true,"href":"https:\/\/shuji.ca\/fr\/wp-json\/wp\/v2\/product_tag?post=26840"}],"curies":[{"name":"wp","href":"https:\/\/api.w.org\/{rel}","templated":true}]}}