{"id":26586,"date":"2024-07-01T07:02:25","date_gmt":"2024-07-01T11:02:25","guid":{"rendered":"https:\/\/shuji.ca\/?post_type=product&#038;p=26586"},"modified":"2024-08-26T18:23:45","modified_gmt":"2024-08-26T22:23:45","slug":"coffeekapybara","status":"publish","type":"product","link":"https:\/\/shuji.ca\/fr\/shop\/home-living\/coffee-side-tables\/coffeekapybara\/","title":{"rendered":"Table de chevet\/caf\u00e9 en Kapybara de qualit\u00e9 sup\u00e9rieure avec tiroirs de rangement, bords arrondis et construction de haute qualit\u00e9 pour enfants et adultes"},"content":{"rendered":"<h6>Caract\u00e9ristiques :<\/h6>\n<ul>\n<li>Unique Kapybara-themed design adds a playful touch to any room.<\/li>\n<li>Compact size fits perfectly beside beds, sofas, or in kids&#8217; rooms.<\/li>\n<li>Two spacious drawers provide ample storage for essentials.<\/li>\n<li>Made from durable, high-quality materials for long-lasting use.<\/li>\n<li>Easy to clean surface ensures low maintenance.<\/li>\n<li>Rounded edges and smooth finish enhance safety and aesthetic appeal.<\/li>\n<\/ul>\n<p>&nbsp;<\/p>\n<p><img fetchpriority=\"high\" decoding=\"async\" class=\"aligncenter wp-image-26559\" src=\"https:\/\/shuji.ca\/wp-content\/uploads\/2024\/07\/z3-1.jpg\" alt=\"\" width=\"1082\" height=\"1082\" srcset=\"https:\/\/shuji.ca\/wp-content\/uploads\/2024\/07\/z3-1.jpg 750w, https:\/\/shuji.ca\/wp-content\/uploads\/2024\/07\/z3-1-300x300.jpg 300w, https:\/\/shuji.ca\/wp-content\/uploads\/2024\/07\/z3-1-150x150.jpg 150w, https:\/\/shuji.ca\/wp-content\/uploads\/2024\/07\/z3-1-600x600.jpg 600w, https:\/\/shuji.ca\/wp-content\/uploads\/2024\/07\/z3-1-100x100.jpg 100w\" sizes=\"(max-width: 1082px) 100vw, 1082px\" \/> <img decoding=\"async\" class=\"aligncenter wp-image-26558\" src=\"https:\/\/shuji.ca\/wp-content\/uploads\/2024\/07\/z2-1.jpg\" alt=\"\" width=\"1083\" height=\"1083\" srcset=\"https:\/\/shuji.ca\/wp-content\/uploads\/2024\/07\/z2-1.jpg 750w, https:\/\/shuji.ca\/wp-content\/uploads\/2024\/07\/z2-1-300x300.jpg 300w, https:\/\/shuji.ca\/wp-content\/uploads\/2024\/07\/z2-1-150x150.jpg 150w, https:\/\/shuji.ca\/wp-content\/uploads\/2024\/07\/z2-1-600x600.jpg 600w, https:\/\/shuji.ca\/wp-content\/uploads\/2024\/07\/z2-1-100x100.jpg 100w\" sizes=\"(max-width: 1083px) 100vw, 1083px\" \/> <img decoding=\"async\" class=\"aligncenter wp-image-26547\" src=\"https:\/\/shuji.ca\/wp-content\/uploads\/2024\/07\/z1.jpg\" alt=\"\" width=\"1082\" height=\"1082\" srcset=\"https:\/\/shuji.ca\/wp-content\/uploads\/2024\/07\/z1.jpg 750w, https:\/\/shuji.ca\/wp-content\/uploads\/2024\/07\/z1-300x300.jpg 300w, https:\/\/shuji.ca\/wp-content\/uploads\/2024\/07\/z1-150x150.jpg 150w, https:\/\/shuji.ca\/wp-content\/uploads\/2024\/07\/z1-600x600.jpg 600w, https:\/\/shuji.ca\/wp-content\/uploads\/2024\/07\/z1-100x100.jpg 100w\" sizes=\"(max-width: 1082px) 100vw, 1082px\" \/><img loading=\"lazy\" decoding=\"async\" class=\"aligncenter wp-image-26545\" src=\"https:\/\/shuji.ca\/wp-content\/uploads\/2024\/07\/s3.jpg\" alt=\"\" width=\"1085\" height=\"760\" srcset=\"https:\/\/shuji.ca\/wp-content\/uploads\/2024\/07\/s3.jpg 798w, https:\/\/shuji.ca\/wp-content\/uploads\/2024\/07\/s3-300x210.jpg 300w, https:\/\/shuji.ca\/wp-content\/uploads\/2024\/07\/s3-768x538.jpg 768w, https:\/\/shuji.ca\/wp-content\/uploads\/2024\/07\/s3-100x70.jpg 100w, https:\/\/shuji.ca\/wp-content\/uploads\/2024\/07\/s3-600x420.jpg 600w\" sizes=\"(max-width: 1085px) 100vw, 1085px\" \/><\/p>\n<p>&nbsp;<\/p>\n<p>&nbsp;<\/p>","protected":false},"excerpt":{"rendered":"<p>Features: Unique Kapybara-themed design adds a playful touch to any room. Compact size fits perfectly beside beds, sofas, or in kids&#8217; rooms. Two spacious drawers provide ample storage for essentials. Made from durable, high-quality materials for long-lasting use. Easy to clean surface ensures low maintenance. Rounded edges and smooth finish enhance safety and aesthetic appeal. [&hellip;]<\/p>","protected":false},"featured_media":26559,"comment_status":"open","ping_status":"closed","template":"","meta":[],"product_brand":[],"product_cat":[1221,1199],"product_tag":[],"class_list":{"0":"post-26586","1":"product","2":"type-product","3":"status-publish","4":"has-post-thumbnail","6":"product_cat-coffee-side-tables","7":"product_cat-home-living","8":"product_shipping_class-preorder","9":"product-has-variation-images","11":"first","12":"onbackorder","13":"taxable","14":"shipping-taxable","15":"purchasable","16":"product-type-variable"},"_links":{"self":[{"href":"https:\/\/shuji.ca\/fr\/wp-json\/wp\/v2\/product\/26586","targetHints":{"allow":["GET"]}}],"collection":[{"href":"https:\/\/shuji.ca\/fr\/wp-json\/wp\/v2\/product"}],"about":[{"href":"https:\/\/shuji.ca\/fr\/wp-json\/wp\/v2\/types\/product"}],"replies":[{"embeddable":true,"href":"https:\/\/shuji.ca\/fr\/wp-json\/wp\/v2\/comments?post=26586"}],"wp:featuredmedia":[{"embeddable":true,"href":"https:\/\/shuji.ca\/fr\/wp-json\/wp\/v2\/media\/26559"}],"wp:attachment":[{"href":"https:\/\/shuji.ca\/fr\/wp-json\/wp\/v2\/media?parent=26586"}],"wp:term":[{"taxonomy":"product_brand","embeddable":true,"href":"https:\/\/shuji.ca\/fr\/wp-json\/wp\/v2\/product_brand?post=26586"},{"taxonomy":"product_cat","embeddable":true,"href":"https:\/\/shuji.ca\/fr\/wp-json\/wp\/v2\/product_cat?post=26586"},{"taxonomy":"product_tag","embeddable":true,"href":"https:\/\/shuji.ca\/fr\/wp-json\/wp\/v2\/product_tag?post=26586"}],"curies":[{"name":"wp","href":"https:\/\/api.w.org\/{rel}","templated":true}]}}