{"id":26469,"date":"2024-06-29T14:49:41","date_gmt":"2024-06-29T18:49:41","guid":{"rendered":"https:\/\/shuji.ca\/?post_type=product&#038;p=26469"},"modified":"2024-08-14T05:13:34","modified_gmt":"2024-08-14T09:13:34","slug":"bear-electric-thermos-coffee-dispenser-5l-large-capacity-11-temperature-settings-one-touch-dechlorination-child-safety-lock-and-night-light-feature","status":"publish","type":"product","link":"https:\/\/shuji.ca\/fr\/shop\/home-kitchen\/kitchen-appliances-home-kitchen\/bear-electric-thermos-coffee-dispenser-5l-large-capacity-11-temperature-settings-one-touch-dechlorination-child-safety-lock-and-night-light-feature\/","title":{"rendered":"Thermos\/Distributeur de caf\u00e9 \u00e9lectrique Bear - Grande capacit\u00e9 de 5 litres, 11 r\u00e9glages de temp\u00e9rature, d\u00e9chloration par simple pression, s\u00e9curit\u00e9 enfants et fonction veilleuse"},"content":{"rendered":"<p>Caract\u00e9ristiques :<\/p>\n<ul>\n<li>11 r\u00e9glages de temp\u00e9rature : R\u00e9glez facilement la temp\u00e9rature de l'eau \u00e0 votre convenance.<\/li>\n<li>Grande capacit\u00e9 de 5 litres : Adapt\u00e9 \u00e0 un usage familial, il fournit suffisamment d'eau pour r\u00e9pondre aux besoins de chacun.<\/li>\n<li>D\u00e9chloration par simple pression d'une touche : Assure que l'eau est exempte de chlore pour une consommation en toute s\u00e9curit\u00e9.<\/li>\n<li>Verrouillage de s\u00e9curit\u00e9 pour les enfants : Emp\u00eache l'utilisation accidentelle par les enfants.<\/li>\n<li>Fonction d'\u00e9clairage nocturne : Pratique pour une utilisation dans des conditions de faible luminosit\u00e9.<\/li>\n<li>Niveau d'eau visible : Permet de contr\u00f4ler facilement les niveaux d'eau.<\/li>\n<\/ul>\n<p>Ce thermos \u00e9lectrique Bear est parfait pour les familles, combinant commodit\u00e9, s\u00e9curit\u00e9 et r\u00e9glages de temp\u00e9rature polyvalents pour tous vos besoins en eau chaude.<\/p>\n<p>&nbsp;<\/p>\n<p><img fetchpriority=\"high\" decoding=\"async\" class=\"aligncenter wp-image-26475\" src=\"https:\/\/shuji.ca\/wp-content\/uploads\/2024\/06\/VASDASD1.jpg\" alt=\"\" width=\"957\" height=\"957\" srcset=\"https:\/\/shuji.ca\/wp-content\/uploads\/2024\/06\/VASDASD1.jpg 800w, https:\/\/shuji.ca\/wp-content\/uploads\/2024\/06\/VASDASD1-300x300.jpg 300w, https:\/\/shuji.ca\/wp-content\/uploads\/2024\/06\/VASDASD1-150x150.jpg 150w, https:\/\/shuji.ca\/wp-content\/uploads\/2024\/06\/VASDASD1-768x768.jpg 768w, https:\/\/shuji.ca\/wp-content\/uploads\/2024\/06\/VASDASD1-600x600.jpg 600w, https:\/\/shuji.ca\/wp-content\/uploads\/2024\/06\/VASDASD1-100x100.jpg 100w\" sizes=\"(max-width: 957px) 100vw, 957px\" \/> <img decoding=\"async\" class=\"aligncenter wp-image-26474\" src=\"https:\/\/shuji.ca\/wp-content\/uploads\/2024\/06\/SFASDF11.jpg\" alt=\"\" width=\"958\" height=\"958\" srcset=\"https:\/\/shuji.ca\/wp-content\/uploads\/2024\/06\/SFASDF11.jpg 800w, https:\/\/shuji.ca\/wp-content\/uploads\/2024\/06\/SFASDF11-300x300.jpg 300w, https:\/\/shuji.ca\/wp-content\/uploads\/2024\/06\/SFASDF11-150x150.jpg 150w, https:\/\/shuji.ca\/wp-content\/uploads\/2024\/06\/SFASDF11-768x768.jpg 768w, https:\/\/shuji.ca\/wp-content\/uploads\/2024\/06\/SFASDF11-600x600.jpg 600w, https:\/\/shuji.ca\/wp-content\/uploads\/2024\/06\/SFASDF11-100x100.jpg 100w\" sizes=\"(max-width: 958px) 100vw, 958px\" \/> <img decoding=\"async\" class=\"aligncenter wp-image-26476\" src=\"https:\/\/shuji.ca\/wp-content\/uploads\/2024\/06\/SDAKSD11111.jpg\" alt=\"\" width=\"958\" height=\"958\" srcset=\"https:\/\/shuji.ca\/wp-content\/uploads\/2024\/06\/SDAKSD11111.jpg 800w, https:\/\/shuji.ca\/wp-content\/uploads\/2024\/06\/SDAKSD11111-300x300.jpg 300w, https:\/\/shuji.ca\/wp-content\/uploads\/2024\/06\/SDAKSD11111-150x150.jpg 150w, https:\/\/shuji.ca\/wp-content\/uploads\/2024\/06\/SDAKSD11111-768x768.jpg 768w, https:\/\/shuji.ca\/wp-content\/uploads\/2024\/06\/SDAKSD11111-600x600.jpg 600w, https:\/\/shuji.ca\/wp-content\/uploads\/2024\/06\/SDAKSD11111-100x100.jpg 100w\" sizes=\"(max-width: 958px) 100vw, 958px\" \/> <img loading=\"lazy\" decoding=\"async\" class=\"aligncenter wp-image-26471\" src=\"https:\/\/shuji.ca\/wp-content\/uploads\/2024\/06\/SLDKSALKDK1Q.png\" alt=\"\" width=\"959\" height=\"1240\" srcset=\"https:\/\/shuji.ca\/wp-content\/uploads\/2024\/06\/SLDKSALKDK1Q.png 773w, https:\/\/shuji.ca\/wp-content\/uploads\/2024\/06\/SLDKSALKDK1Q-232x300.png 232w, https:\/\/shuji.ca\/wp-content\/uploads\/2024\/06\/SLDKSALKDK1Q-768x993.png 768w, https:\/\/shuji.ca\/wp-content\/uploads\/2024\/06\/SLDKSALKDK1Q-600x775.png 600w\" sizes=\"(max-width: 959px) 100vw, 959px\" \/><\/p>","protected":false},"excerpt":{"rendered":"<p>Features: 11 Temperature Settings: Easily adjust to your preferred water temperature. 5L Large Capacity: Suitable for family use, providing enough water for everyone&#8217;s needs. One-Touch Dechlorination: Ensures water is free from chlorine for safe consumption. Child Safety Lock: Prevents accidental operation by children. Night Light Feature: Convenient for use in low-light conditions. Visible Water Level: [&hellip;]<\/p>","protected":false},"featured_media":26476,"comment_status":"open","ping_status":"closed","template":"","meta":[],"product_brand":[],"product_cat":[1204,1245],"product_tag":[],"class_list":{"0":"post-26469","1":"product","2":"type-product","3":"status-publish","4":"has-post-thumbnail","6":"product_cat-home-kitchen","7":"product_cat-kitchen-appliances-home-kitchen","8":"product_shipping_class-preorder","10":"first","11":"onbackorder","12":"taxable","13":"shipping-taxable","14":"purchasable","15":"product-type-simple"},"_links":{"self":[{"href":"https:\/\/shuji.ca\/fr\/wp-json\/wp\/v2\/product\/26469","targetHints":{"allow":["GET"]}}],"collection":[{"href":"https:\/\/shuji.ca\/fr\/wp-json\/wp\/v2\/product"}],"about":[{"href":"https:\/\/shuji.ca\/fr\/wp-json\/wp\/v2\/types\/product"}],"replies":[{"embeddable":true,"href":"https:\/\/shuji.ca\/fr\/wp-json\/wp\/v2\/comments?post=26469"}],"wp:featuredmedia":[{"embeddable":true,"href":"https:\/\/shuji.ca\/fr\/wp-json\/wp\/v2\/media\/26476"}],"wp:attachment":[{"href":"https:\/\/shuji.ca\/fr\/wp-json\/wp\/v2\/media?parent=26469"}],"wp:term":[{"taxonomy":"product_brand","embeddable":true,"href":"https:\/\/shuji.ca\/fr\/wp-json\/wp\/v2\/product_brand?post=26469"},{"taxonomy":"product_cat","embeddable":true,"href":"https:\/\/shuji.ca\/fr\/wp-json\/wp\/v2\/product_cat?post=26469"},{"taxonomy":"product_tag","embeddable":true,"href":"https:\/\/shuji.ca\/fr\/wp-json\/wp\/v2\/product_tag?post=26469"}],"curies":[{"name":"wp","href":"https:\/\/api.w.org\/{rel}","templated":true}]}}