{"id":26009,"date":"2024-06-28T04:04:27","date_gmt":"2024-06-28T08:04:27","guid":{"rendered":"https:\/\/shuji.ca\/?post_type=product&#038;p=26009"},"modified":"2024-08-18T15:29:40","modified_gmt":"2024-08-18T19:29:40","slug":"trendy-ultra-compact-mini-portable-5000-mah-power-bank","status":"publish","type":"product","link":"https:\/\/shuji.ca\/fr\/shop\/electronics\/mobile-accessories\/trendy-ultra-compact-mini-portable-5000-mah-power-bank\/","title":{"rendered":"Mini banque d'alimentation portable ultra-compacte tendance de 5000 mAh avec c\u00e2ble Type-C et Lightning int\u00e9gr\u00e9, charge rapide et compatibilit\u00e9 multi-appareils."},"content":{"rendered":"<p>Caract\u00e9ristiques :<\/p>\n<ul>\n<li>Compact et l\u00e9ger : Facile \u00e0 transporter, de la m\u00eame taille qu'un rouge \u00e0 l\u00e8vres, id\u00e9al pour les voyages.<\/li>\n<li>C\u00e2ble de chargement int\u00e9gr\u00e9 : Disponible en Type-C pour Android et Lightning pour les appareils Apple.<\/li>\n<li>Chargement rapide : Chargement efficace avec une sortie rapide, r\u00e9duisant le temps d'attente. Capacit\u00e9 de 5000 mAh.<\/li>\n<li>Compatibilit\u00e9 multi-appareils : Compatible avec divers mod\u00e8les Apple et Android, charge deux appareils simultan\u00e9ment.<\/li>\n<li>Contr\u00f4le intelligent de la temp\u00e9rature : Prot\u00e8ge contre la surchauffe, la surcharge et les courts-circuits.<\/li>\n<li>Double fonction : Fait office de banque d'\u00e9nergie et de support pour votre t\u00e9l\u00e9phone, pratique pour regarder des vid\u00e9os.<\/li>\n<\/ul>\n<p><img fetchpriority=\"high\" decoding=\"async\" class=\"aligncenter size-full wp-image-26292\" src=\"https:\/\/shuji.ca\/wp-content\/uploads\/2024\/06\/JSHDJASKJH1.png\" alt=\"\" width=\"989\" height=\"1131\" srcset=\"https:\/\/shuji.ca\/wp-content\/uploads\/2024\/06\/JSHDJASKJH1.png 989w, https:\/\/shuji.ca\/wp-content\/uploads\/2024\/06\/JSHDJASKJH1-262x300.png 262w, https:\/\/shuji.ca\/wp-content\/uploads\/2024\/06\/JSHDJASKJH1-895x1024.png 895w, https:\/\/shuji.ca\/wp-content\/uploads\/2024\/06\/JSHDJASKJH1-768x878.png 768w, https:\/\/shuji.ca\/wp-content\/uploads\/2024\/06\/JSHDJASKJH1-600x686.png 600w\" sizes=\"(max-width: 989px) 100vw, 989px\" \/><img decoding=\"async\" class=\"aligncenter wp-image-26224\" src=\"https:\/\/shuji.ca\/wp-content\/uploads\/2024\/06\/JHSJNDHKAHSDH1-41.jpg\" alt=\"\" width=\"988\" height=\"988\" srcset=\"https:\/\/shuji.ca\/wp-content\/uploads\/2024\/06\/JHSJNDHKAHSDH1-41.jpg 800w, https:\/\/shuji.ca\/wp-content\/uploads\/2024\/06\/JHSJNDHKAHSDH1-41-300x300.jpg 300w, https:\/\/shuji.ca\/wp-content\/uploads\/2024\/06\/JHSJNDHKAHSDH1-41-150x150.jpg 150w, https:\/\/shuji.ca\/wp-content\/uploads\/2024\/06\/JHSJNDHKAHSDH1-41-768x768.jpg 768w, https:\/\/shuji.ca\/wp-content\/uploads\/2024\/06\/JHSJNDHKAHSDH1-41-600x600.jpg 600w, https:\/\/shuji.ca\/wp-content\/uploads\/2024\/06\/JHSJNDHKAHSDH1-41-100x100.jpg 100w\" sizes=\"(max-width: 988px) 100vw, 988px\" \/> <img decoding=\"async\" class=\"aligncenter wp-image-26237\" src=\"https:\/\/shuji.ca\/wp-content\/uploads\/2024\/06\/JHSJNDHKAHSDH1-54.jpg\" alt=\"\" width=\"992\" height=\"1755\" srcset=\"https:\/\/shuji.ca\/wp-content\/uploads\/2024\/06\/JHSJNDHKAHSDH1-54.jpg 790w, https:\/\/shuji.ca\/wp-content\/uploads\/2024\/06\/JHSJNDHKAHSDH1-54-170x300.jpg 170w, https:\/\/shuji.ca\/wp-content\/uploads\/2024\/06\/JHSJNDHKAHSDH1-54-579x1024.jpg 579w, https:\/\/shuji.ca\/wp-content\/uploads\/2024\/06\/JHSJNDHKAHSDH1-54-768x1359.jpg 768w, https:\/\/shuji.ca\/wp-content\/uploads\/2024\/06\/JHSJNDHKAHSDH1-54-600x1062.jpg 600w\" sizes=\"(max-width: 992px) 100vw, 992px\" \/><img loading=\"lazy\" decoding=\"async\" class=\"aligncenter wp-image-26225\" src=\"https:\/\/shuji.ca\/wp-content\/uploads\/2024\/06\/JHSJNDHKAHSDH1-42.jpg\" alt=\"\" width=\"988\" height=\"988\" srcset=\"https:\/\/shuji.ca\/wp-content\/uploads\/2024\/06\/JHSJNDHKAHSDH1-42.jpg 800w, https:\/\/shuji.ca\/wp-content\/uploads\/2024\/06\/JHSJNDHKAHSDH1-42-300x300.jpg 300w, https:\/\/shuji.ca\/wp-content\/uploads\/2024\/06\/JHSJNDHKAHSDH1-42-150x150.jpg 150w, https:\/\/shuji.ca\/wp-content\/uploads\/2024\/06\/JHSJNDHKAHSDH1-42-768x768.jpg 768w, https:\/\/shuji.ca\/wp-content\/uploads\/2024\/06\/JHSJNDHKAHSDH1-42-600x600.jpg 600w, https:\/\/shuji.ca\/wp-content\/uploads\/2024\/06\/JHSJNDHKAHSDH1-42-100x100.jpg 100w\" sizes=\"(max-width: 988px) 100vw, 988px\" \/><\/p>","protected":false},"excerpt":{"rendered":"<p>Features: Compact and Lightweight: Easy to carry, similar in size to a lipstick, ideal for travel. Built-in Charging Cable: Available in Type-C for Android and Lightning for Apple devices. Quick Charging: Efficient charging with fast output, reduces waiting time. 5000 mAh capacity. Multi-Device Compatibility: Compatible with various Apple and Android models, charges two devices simultaneously. [&hellip;]<\/p>","protected":false},"featured_media":26225,"comment_status":"open","ping_status":"closed","template":"","meta":[],"product_brand":[],"product_cat":[1198,1242],"product_tag":[],"class_list":{"0":"post-26009","1":"product","2":"type-product","3":"status-publish","4":"has-post-thumbnail","6":"product_cat-electronics","7":"product_cat-mobile-accessories","8":"product_shipping_class-preorder","10":"first","11":"onbackorder","12":"taxable","13":"shipping-taxable","14":"purchasable","15":"product-type-variable"},"_links":{"self":[{"href":"https:\/\/shuji.ca\/fr\/wp-json\/wp\/v2\/product\/26009","targetHints":{"allow":["GET"]}}],"collection":[{"href":"https:\/\/shuji.ca\/fr\/wp-json\/wp\/v2\/product"}],"about":[{"href":"https:\/\/shuji.ca\/fr\/wp-json\/wp\/v2\/types\/product"}],"replies":[{"embeddable":true,"href":"https:\/\/shuji.ca\/fr\/wp-json\/wp\/v2\/comments?post=26009"}],"wp:featuredmedia":[{"embeddable":true,"href":"https:\/\/shuji.ca\/fr\/wp-json\/wp\/v2\/media\/26225"}],"wp:attachment":[{"href":"https:\/\/shuji.ca\/fr\/wp-json\/wp\/v2\/media?parent=26009"}],"wp:term":[{"taxonomy":"product_brand","embeddable":true,"href":"https:\/\/shuji.ca\/fr\/wp-json\/wp\/v2\/product_brand?post=26009"},{"taxonomy":"product_cat","embeddable":true,"href":"https:\/\/shuji.ca\/fr\/wp-json\/wp\/v2\/product_cat?post=26009"},{"taxonomy":"product_tag","embeddable":true,"href":"https:\/\/shuji.ca\/fr\/wp-json\/wp\/v2\/product_tag?post=26009"}],"curies":[{"name":"wp","href":"https:\/\/api.w.org\/{rel}","templated":true}]}}