{"id":25748,"date":"2024-06-27T03:43:37","date_gmt":"2024-06-27T07:43:37","guid":{"rendered":"https:\/\/shuji.ca\/?post_type=product&#038;p=25748"},"modified":"2024-10-17T03:09:52","modified_gmt":"2024-10-17T07:09:52","slug":"elbow-support-ab-roller","status":"publish","type":"product","link":"https:\/\/shuji.ca\/fr\/shop\/sports-outdoors\/fitness-equipment\/elbow-support-ab-roller\/","title":{"rendered":"Rouleau pour abdominaux avec support de coude et rebondissement automatique - Equipement de fitness \u00e0 domicile pour l'entra\u00eenement du tronc et des abdominaux - Disponible en trois couleurs"},"content":{"rendered":"<p>Caract\u00e9ristiques :<\/p>\n<ul>\n<li>Dual Functionality: Combines an ab roller and a plank support for versatile workouts.<\/li>\n<li>Wide Dual Wheels: Enhanced stability and safety during exercises.<\/li>\n<li>Intelligent Timer: Built-in timer to keep track of workout duration.<\/li>\n<li>Thick Foam Pads: Provides comfort and protection for elbows.<\/li>\n<li>Easy Assembly: Simple components for quick and effortless setup.<\/li>\n<li>Portable Design: Compact and lightweight, perfect for home or gym use.<\/li>\n<\/ul>\n<p>&nbsp;<\/p>\n<p style=\"text-align: center;\"><img fetchpriority=\"high\" decoding=\"async\" class=\"wp-image-25755 aligncenter\" src=\"https:\/\/shuji.ca\/wp-content\/uploads\/2024\/06\/O1CN01xRsAQS276daVHnnCh_2208529927748-0-cib.jpg\" alt=\"\" width=\"1019\" height=\"1641\" srcset=\"https:\/\/shuji.ca\/wp-content\/uploads\/2024\/06\/O1CN01xRsAQS276daVHnnCh_2208529927748-0-cib.jpg 790w, https:\/\/shuji.ca\/wp-content\/uploads\/2024\/06\/O1CN01xRsAQS276daVHnnCh_2208529927748-0-cib-186x300.jpg 186w, https:\/\/shuji.ca\/wp-content\/uploads\/2024\/06\/O1CN01xRsAQS276daVHnnCh_2208529927748-0-cib-636x1024.jpg 636w, https:\/\/shuji.ca\/wp-content\/uploads\/2024\/06\/O1CN01xRsAQS276daVHnnCh_2208529927748-0-cib-768x1237.jpg 768w, https:\/\/shuji.ca\/wp-content\/uploads\/2024\/06\/O1CN01xRsAQS276daVHnnCh_2208529927748-0-cib-600x966.jpg 600w\" sizes=\"(max-width: 1019px) 100vw, 1019px\" \/><img decoding=\"async\" class=\"aligncenter wp-image-25856\" src=\"https:\/\/shuji.ca\/wp-content\/uploads\/2024\/06\/SDASD112321.png\" alt=\"\" width=\"1016\" height=\"1272\" srcset=\"https:\/\/shuji.ca\/wp-content\/uploads\/2024\/06\/SDASD112321.png 970w, https:\/\/shuji.ca\/wp-content\/uploads\/2024\/06\/SDASD112321-240x300.png 240w, https:\/\/shuji.ca\/wp-content\/uploads\/2024\/06\/SDASD112321-818x1024.png 818w, https:\/\/shuji.ca\/wp-content\/uploads\/2024\/06\/SDASD112321-768x961.png 768w, https:\/\/shuji.ca\/wp-content\/uploads\/2024\/06\/SDASD112321-600x751.png 600w\" sizes=\"(max-width: 1016px) 100vw, 1016px\" \/> <img decoding=\"async\" class=\"wp-image-25756 aligncenter\" src=\"https:\/\/shuji.ca\/wp-content\/uploads\/2024\/06\/O1CN01zQ1ciG276daXTr6Xy_2208529927748-0-cib.jpg\" alt=\"\" width=\"1017\" height=\"1017\" srcset=\"https:\/\/shuji.ca\/wp-content\/uploads\/2024\/06\/O1CN01zQ1ciG276daXTr6Xy_2208529927748-0-cib.jpg 800w, https:\/\/shuji.ca\/wp-content\/uploads\/2024\/06\/O1CN01zQ1ciG276daXTr6Xy_2208529927748-0-cib-300x300.jpg 300w, https:\/\/shuji.ca\/wp-content\/uploads\/2024\/06\/O1CN01zQ1ciG276daXTr6Xy_2208529927748-0-cib-150x150.jpg 150w, https:\/\/shuji.ca\/wp-content\/uploads\/2024\/06\/O1CN01zQ1ciG276daXTr6Xy_2208529927748-0-cib-768x768.jpg 768w, https:\/\/shuji.ca\/wp-content\/uploads\/2024\/06\/O1CN01zQ1ciG276daXTr6Xy_2208529927748-0-cib-600x600.jpg 600w, https:\/\/shuji.ca\/wp-content\/uploads\/2024\/06\/O1CN01zQ1ciG276daXTr6Xy_2208529927748-0-cib-100x100.jpg 100w\" sizes=\"(max-width: 1017px) 100vw, 1017px\" \/> <img loading=\"lazy\" decoding=\"async\" class=\"wp-image-25759 aligncenter\" src=\"https:\/\/shuji.ca\/wp-content\/uploads\/2024\/06\/O1CN0187CkoL276daXU4jWO_2208529927748-0-cib.jpg\" alt=\"\" width=\"1017\" height=\"1398\" srcset=\"https:\/\/shuji.ca\/wp-content\/uploads\/2024\/06\/O1CN0187CkoL276daXU4jWO_2208529927748-0-cib.jpg 790w, https:\/\/shuji.ca\/wp-content\/uploads\/2024\/06\/O1CN0187CkoL276daXU4jWO_2208529927748-0-cib-218x300.jpg 218w, https:\/\/shuji.ca\/wp-content\/uploads\/2024\/06\/O1CN0187CkoL276daXU4jWO_2208529927748-0-cib-745x1024.jpg 745w, https:\/\/shuji.ca\/wp-content\/uploads\/2024\/06\/O1CN0187CkoL276daXU4jWO_2208529927748-0-cib-768x1056.jpg 768w, https:\/\/shuji.ca\/wp-content\/uploads\/2024\/06\/O1CN0187CkoL276daXU4jWO_2208529927748-0-cib-600x825.jpg 600w\" sizes=\"(max-width: 1017px) 100vw, 1017px\" \/> \u00a0<img loading=\"lazy\" decoding=\"async\" class=\"wp-image-25758 aligncenter\" src=\"https:\/\/shuji.ca\/wp-content\/uploads\/2024\/06\/O1CN012e5pNT276daVHnnC6_2208529927748-0-cib.jpg\" alt=\"\" width=\"1019\" height=\"1357\" srcset=\"https:\/\/shuji.ca\/wp-content\/uploads\/2024\/06\/O1CN012e5pNT276daVHnnC6_2208529927748-0-cib.jpg 790w, https:\/\/shuji.ca\/wp-content\/uploads\/2024\/06\/O1CN012e5pNT276daVHnnC6_2208529927748-0-cib-225x300.jpg 225w, https:\/\/shuji.ca\/wp-content\/uploads\/2024\/06\/O1CN012e5pNT276daVHnnC6_2208529927748-0-cib-769x1024.jpg 769w, https:\/\/shuji.ca\/wp-content\/uploads\/2024\/06\/O1CN012e5pNT276daVHnnC6_2208529927748-0-cib-768x1023.jpg 768w, https:\/\/shuji.ca\/wp-content\/uploads\/2024\/06\/O1CN012e5pNT276daVHnnC6_2208529927748-0-cib-600x799.jpg 600w\" sizes=\"(max-width: 1019px) 100vw, 1019px\" \/><\/p>","protected":false},"excerpt":{"rendered":"<p>Features: Dual Functionality: Combines an ab roller and a plank support for versatile workouts. Wide Dual Wheels: Enhanced stability and safety during exercises. Intelligent Timer: Built-in timer to keep track of workout duration. Thick Foam Pads: Provides comfort and protection for elbows. Easy Assembly: Simple components for quick and effortless setup. Portable Design: Compact and [&hellip;]<\/p>","protected":false},"featured_media":25758,"comment_status":"open","ping_status":"closed","template":"","meta":[],"product_brand":[],"product_cat":[1246,1200],"product_tag":[],"class_list":{"0":"post-25748","1":"product","2":"type-product","3":"status-publish","4":"has-post-thumbnail","6":"product_cat-fitness-equipment","7":"product_cat-sports-outdoors","8":"product_shipping_class-havestock","10":"first","11":"instock","12":"taxable","13":"shipping-taxable","14":"purchasable","15":"product-type-variable"},"_links":{"self":[{"href":"https:\/\/shuji.ca\/fr\/wp-json\/wp\/v2\/product\/25748","targetHints":{"allow":["GET"]}}],"collection":[{"href":"https:\/\/shuji.ca\/fr\/wp-json\/wp\/v2\/product"}],"about":[{"href":"https:\/\/shuji.ca\/fr\/wp-json\/wp\/v2\/types\/product"}],"replies":[{"embeddable":true,"href":"https:\/\/shuji.ca\/fr\/wp-json\/wp\/v2\/comments?post=25748"}],"wp:featuredmedia":[{"embeddable":true,"href":"https:\/\/shuji.ca\/fr\/wp-json\/wp\/v2\/media\/25758"}],"wp:attachment":[{"href":"https:\/\/shuji.ca\/fr\/wp-json\/wp\/v2\/media?parent=25748"}],"wp:term":[{"taxonomy":"product_brand","embeddable":true,"href":"https:\/\/shuji.ca\/fr\/wp-json\/wp\/v2\/product_brand?post=25748"},{"taxonomy":"product_cat","embeddable":true,"href":"https:\/\/shuji.ca\/fr\/wp-json\/wp\/v2\/product_cat?post=25748"},{"taxonomy":"product_tag","embeddable":true,"href":"https:\/\/shuji.ca\/fr\/wp-json\/wp\/v2\/product_tag?post=25748"}],"curies":[{"name":"wp","href":"https:\/\/api.w.org\/{rel}","templated":true}]}}