{"id":25620,"date":"2024-06-26T05:28:56","date_gmt":"2024-06-26T09:28:56","guid":{"rendered":"https:\/\/shuji.ca\/?post_type=product&#038;p=25620"},"modified":"2024-10-26T01:04:41","modified_gmt":"2024-10-26T05:04:41","slug":"storage-cube-for-cosmetics","status":"publish","type":"product","link":"https:\/\/shuji.ca\/fr\/shop\/beauty-personal-care\/beauty-devices-tools\/storage-cube-for-cosmetics\/","title":{"rendered":"Cube de rangement pour cosm\u00e9tiques - bloquant la lumi\u00e8re, parfait pour les s\u00e9rums, les lotions et les fonds de teint"},"content":{"rendered":"<h6>Caract\u00e9ristiques :<\/h6>\n<ul>\n<li>Fabriqu\u00e9 en ABS de haute qualit\u00e9<\/li>\n<li>Capacit\u00e9 de 40 ml, parfaite pour les s\u00e9rums, les lotions et les fonds de teint<\/li>\n<li>Conception \u00e9tanche avec bouchon \u00e0 vis s\u00e9curis\u00e9<\/li>\n<li>Conception r\u00e9sistante \u00e0 la lumi\u00e8re du soleil pour garantir la long\u00e9vit\u00e9 de vos produits<\/li>\n<li>Base de la bouteille \u00e9paissie pour une meilleure durabilit\u00e9<\/li>\n<\/ul>\n<p>&nbsp;<\/p>\n<p style=\"text-align: center;\"><img fetchpriority=\"high\" decoding=\"async\" class=\"wp-image-25631 aligncenter\" src=\"https:\/\/shuji.ca\/wp-content\/uploads\/2024\/06\/O1CN01xpKM1W23Mt7bmOsUQ_3512527242-0-cib.jpg\" alt=\"\" width=\"959\" height=\"959\" srcset=\"https:\/\/shuji.ca\/wp-content\/uploads\/2024\/06\/O1CN01xpKM1W23Mt7bmOsUQ_3512527242-0-cib.jpg 800w, https:\/\/shuji.ca\/wp-content\/uploads\/2024\/06\/O1CN01xpKM1W23Mt7bmOsUQ_3512527242-0-cib-300x300.jpg 300w, https:\/\/shuji.ca\/wp-content\/uploads\/2024\/06\/O1CN01xpKM1W23Mt7bmOsUQ_3512527242-0-cib-150x150.jpg 150w, https:\/\/shuji.ca\/wp-content\/uploads\/2024\/06\/O1CN01xpKM1W23Mt7bmOsUQ_3512527242-0-cib-768x768.jpg 768w, https:\/\/shuji.ca\/wp-content\/uploads\/2024\/06\/O1CN01xpKM1W23Mt7bmOsUQ_3512527242-0-cib-600x600.jpg 600w, https:\/\/shuji.ca\/wp-content\/uploads\/2024\/06\/O1CN01xpKM1W23Mt7bmOsUQ_3512527242-0-cib-100x100.jpg 100w\" sizes=\"(max-width: 959px) 100vw, 959px\" \/> <img decoding=\"async\" class=\"wp-image-25626 aligncenter\" src=\"https:\/\/shuji.ca\/wp-content\/uploads\/2024\/06\/O1CN01QAcG0z23Mt7VOpJPP_3512527242-0-cib.jpg\" alt=\"\" width=\"956\" height=\"956\" srcset=\"https:\/\/shuji.ca\/wp-content\/uploads\/2024\/06\/O1CN01QAcG0z23Mt7VOpJPP_3512527242-0-cib.jpg 800w, https:\/\/shuji.ca\/wp-content\/uploads\/2024\/06\/O1CN01QAcG0z23Mt7VOpJPP_3512527242-0-cib-300x300.jpg 300w, https:\/\/shuji.ca\/wp-content\/uploads\/2024\/06\/O1CN01QAcG0z23Mt7VOpJPP_3512527242-0-cib-150x150.jpg 150w, https:\/\/shuji.ca\/wp-content\/uploads\/2024\/06\/O1CN01QAcG0z23Mt7VOpJPP_3512527242-0-cib-768x768.jpg 768w, https:\/\/shuji.ca\/wp-content\/uploads\/2024\/06\/O1CN01QAcG0z23Mt7VOpJPP_3512527242-0-cib-600x600.jpg 600w, https:\/\/shuji.ca\/wp-content\/uploads\/2024\/06\/O1CN01QAcG0z23Mt7VOpJPP_3512527242-0-cib-100x100.jpg 100w\" sizes=\"(max-width: 956px) 100vw, 956px\" \/> <img decoding=\"async\" class=\"wp-image-25625 aligncenter\" src=\"https:\/\/shuji.ca\/wp-content\/uploads\/2024\/06\/O1CN01nZFRWb23Mt7GiYGTy_3512527242-0-cib.jpg\" alt=\"\" width=\"959\" height=\"1092\" srcset=\"https:\/\/shuji.ca\/wp-content\/uploads\/2024\/06\/O1CN01nZFRWb23Mt7GiYGTy_3512527242-0-cib.jpg 800w, https:\/\/shuji.ca\/wp-content\/uploads\/2024\/06\/O1CN01nZFRWb23Mt7GiYGTy_3512527242-0-cib-263x300.jpg 263w, https:\/\/shuji.ca\/wp-content\/uploads\/2024\/06\/O1CN01nZFRWb23Mt7GiYGTy_3512527242-0-cib-768x875.jpg 768w, https:\/\/shuji.ca\/wp-content\/uploads\/2024\/06\/O1CN01nZFRWb23Mt7GiYGTy_3512527242-0-cib-600x683.jpg 600w\" sizes=\"(max-width: 959px) 100vw, 959px\" \/><\/p>","protected":false},"excerpt":{"rendered":"<p>Features: Made from high-quality ABS material 40ml capacity, perfect for serums, lotions, and foundations Leak-proof design with a secure screw cap Sunlight-proof design to ensure longetivity of your products Thickened bottle base for durability &nbsp;<\/p>","protected":false},"featured_media":31259,"comment_status":"open","ping_status":"closed","template":"","meta":[],"product_brand":[],"product_cat":[1202,1235],"product_tag":[],"class_list":{"0":"post-25620","1":"product","2":"type-product","3":"status-publish","4":"has-post-thumbnail","6":"product_cat-beauty-personal-care","7":"product_cat-beauty-devices-tools","8":"product_shipping_class-havestock","10":"first","11":"instock","12":"taxable","13":"shipping-taxable","14":"purchasable","15":"product-type-variable"},"_links":{"self":[{"href":"https:\/\/shuji.ca\/fr\/wp-json\/wp\/v2\/product\/25620","targetHints":{"allow":["GET"]}}],"collection":[{"href":"https:\/\/shuji.ca\/fr\/wp-json\/wp\/v2\/product"}],"about":[{"href":"https:\/\/shuji.ca\/fr\/wp-json\/wp\/v2\/types\/product"}],"replies":[{"embeddable":true,"href":"https:\/\/shuji.ca\/fr\/wp-json\/wp\/v2\/comments?post=25620"}],"wp:featuredmedia":[{"embeddable":true,"href":"https:\/\/shuji.ca\/fr\/wp-json\/wp\/v2\/media\/31259"}],"wp:attachment":[{"href":"https:\/\/shuji.ca\/fr\/wp-json\/wp\/v2\/media?parent=25620"}],"wp:term":[{"taxonomy":"product_brand","embeddable":true,"href":"https:\/\/shuji.ca\/fr\/wp-json\/wp\/v2\/product_brand?post=25620"},{"taxonomy":"product_cat","embeddable":true,"href":"https:\/\/shuji.ca\/fr\/wp-json\/wp\/v2\/product_cat?post=25620"},{"taxonomy":"product_tag","embeddable":true,"href":"https:\/\/shuji.ca\/fr\/wp-json\/wp\/v2\/product_tag?post=25620"}],"curies":[{"name":"wp","href":"https:\/\/api.w.org\/{rel}","templated":true}]}}