{"id":25608,"date":"2024-06-26T05:03:15","date_gmt":"2024-06-26T09:03:15","guid":{"rendered":"https:\/\/shuji.ca\/?post_type=product&#038;p=25608"},"modified":"2024-10-26T01:06:06","modified_gmt":"2024-10-26T05:06:06","slug":"glass-dropper-bottle-for-serums-and-cosmetics","status":"publish","type":"product","link":"https:\/\/shuji.ca\/fr\/shop\/beauty-personal-care\/beauty-devices-tools\/glass-dropper-bottle-for-serums-and-cosmetics\/","title":{"rendered":"Flacon compte-gouttes en verre pour s\u00e9rums et cosm\u00e9tiques - Flacons pour lotions et fonds de teint 40ml - 3 packs"},"content":{"rendered":"<p style=\"text-align: left;\">\u00a0Caract\u00e9ristiques :<\/p>\n<ul>\n<li style=\"text-align: left;\">Mat\u00e9riau de haute qualit\u00e9 : Fabriqu\u00e9 en verre durable, il garantit un aspect et une sensation de qualit\u00e9 sup\u00e9rieure.<\/li>\n<li style=\"text-align: left;\">Conception \u00e9tanche : Le bouchon \u00e0 vis et l'embouchure de la bouteille assurent une \u00e9tanch\u00e9it\u00e9 parfaite, \u00e9vitant ainsi les fuites.<\/li>\n<li style=\"text-align: left;\">Fond \u00e9pais : Le fond de la bouteille est plus \u00e9pais pour une plus grande durabilit\u00e9 et une meilleure r\u00e9sistance \u00e0 la casse.<\/li>\n<li style=\"text-align: left;\">\u00c9l\u00e9gant et simple : Le design minimaliste convient \u00e0 une vari\u00e9t\u00e9 d'utilisations, ajoutant de l'\u00e9l\u00e9gance \u00e0 n'importe quel environnement.<\/li>\n<\/ul>\n<p style=\"text-align: center;\"><img fetchpriority=\"high\" decoding=\"async\" class=\"wp-image-25617 aligncenter\" src=\"https:\/\/shuji.ca\/wp-content\/uploads\/2024\/06\/O1CN01jDZ8jl1GixA3Aftcn_2217694660657-0-cib.jpg\" alt=\"\" width=\"958\" height=\"958\" srcset=\"https:\/\/shuji.ca\/wp-content\/uploads\/2024\/06\/O1CN01jDZ8jl1GixA3Aftcn_2217694660657-0-cib.jpg 800w, https:\/\/shuji.ca\/wp-content\/uploads\/2024\/06\/O1CN01jDZ8jl1GixA3Aftcn_2217694660657-0-cib-300x300.jpg 300w, https:\/\/shuji.ca\/wp-content\/uploads\/2024\/06\/O1CN01jDZ8jl1GixA3Aftcn_2217694660657-0-cib-150x150.jpg 150w, https:\/\/shuji.ca\/wp-content\/uploads\/2024\/06\/O1CN01jDZ8jl1GixA3Aftcn_2217694660657-0-cib-768x768.jpg 768w, https:\/\/shuji.ca\/wp-content\/uploads\/2024\/06\/O1CN01jDZ8jl1GixA3Aftcn_2217694660657-0-cib-600x600.jpg 600w, https:\/\/shuji.ca\/wp-content\/uploads\/2024\/06\/O1CN01jDZ8jl1GixA3Aftcn_2217694660657-0-cib-100x100.jpg 100w\" sizes=\"(max-width: 958px) 100vw, 958px\" \/><img decoding=\"async\" class=\"wp-image-25616 aligncenter\" src=\"https:\/\/shuji.ca\/wp-content\/uploads\/2024\/06\/O1CN01JDvqUm1GixA7ppDt6_2217694660657-0-cib.jpg\" alt=\"\" width=\"959\" height=\"959\" srcset=\"https:\/\/shuji.ca\/wp-content\/uploads\/2024\/06\/O1CN01JDvqUm1GixA7ppDt6_2217694660657-0-cib.jpg 800w, https:\/\/shuji.ca\/wp-content\/uploads\/2024\/06\/O1CN01JDvqUm1GixA7ppDt6_2217694660657-0-cib-300x300.jpg 300w, https:\/\/shuji.ca\/wp-content\/uploads\/2024\/06\/O1CN01JDvqUm1GixA7ppDt6_2217694660657-0-cib-150x150.jpg 150w, https:\/\/shuji.ca\/wp-content\/uploads\/2024\/06\/O1CN01JDvqUm1GixA7ppDt6_2217694660657-0-cib-768x768.jpg 768w, https:\/\/shuji.ca\/wp-content\/uploads\/2024\/06\/O1CN01JDvqUm1GixA7ppDt6_2217694660657-0-cib-600x600.jpg 600w, https:\/\/shuji.ca\/wp-content\/uploads\/2024\/06\/O1CN01JDvqUm1GixA7ppDt6_2217694660657-0-cib-100x100.jpg 100w\" sizes=\"(max-width: 959px) 100vw, 959px\" \/><img decoding=\"async\" class=\"wp-image-25613 aligncenter\" style=\"font-family: var(--mt-font__main); font-size: 1rem;\" src=\"https:\/\/shuji.ca\/wp-content\/uploads\/2024\/06\/O1CN01aiQWYQ1Gix9yhKILo_2217694660657-0-cib.jpg\" alt=\"\" width=\"958\" height=\"958\" srcset=\"https:\/\/shuji.ca\/wp-content\/uploads\/2024\/06\/O1CN01aiQWYQ1Gix9yhKILo_2217694660657-0-cib.jpg 800w, https:\/\/shuji.ca\/wp-content\/uploads\/2024\/06\/O1CN01aiQWYQ1Gix9yhKILo_2217694660657-0-cib-300x300.jpg 300w, https:\/\/shuji.ca\/wp-content\/uploads\/2024\/06\/O1CN01aiQWYQ1Gix9yhKILo_2217694660657-0-cib-150x150.jpg 150w, https:\/\/shuji.ca\/wp-content\/uploads\/2024\/06\/O1CN01aiQWYQ1Gix9yhKILo_2217694660657-0-cib-768x768.jpg 768w, https:\/\/shuji.ca\/wp-content\/uploads\/2024\/06\/O1CN01aiQWYQ1Gix9yhKILo_2217694660657-0-cib-600x600.jpg 600w, https:\/\/shuji.ca\/wp-content\/uploads\/2024\/06\/O1CN01aiQWYQ1Gix9yhKILo_2217694660657-0-cib-100x100.jpg 100w\" sizes=\"(max-width: 958px) 100vw, 958px\" \/><span style=\"font-family: var(--mt-font__main); font-size: 1rem;\">\u00a0\u00a0<\/span><\/p>","protected":false},"excerpt":{"rendered":"<p>\u00a0Features: High-Quality Material: Made from durable glass, ensuring a premium look and feel. Leak-Proof Design: Screw cap and bottle mouth design provide a strong seal, preventing leaks. Thickened Bottom: Enhanced bottle bottom thickness for added durability and resistance to breakage. Stylish and Simple: Minimalist design suitable for a variety of uses, adding elegance to any [&hellip;]<\/p>","protected":false},"featured_media":31260,"comment_status":"open","ping_status":"closed","template":"","meta":[],"product_brand":[],"product_cat":[1202,1235],"product_tag":[],"class_list":{"0":"post-25608","1":"product","2":"type-product","3":"status-publish","4":"has-post-thumbnail","6":"product_cat-beauty-personal-care","7":"product_cat-beauty-devices-tools","8":"product_shipping_class-havestock","10":"first","11":"instock","12":"taxable","13":"shipping-taxable","14":"purchasable","15":"product-type-variable"},"_links":{"self":[{"href":"https:\/\/shuji.ca\/fr\/wp-json\/wp\/v2\/product\/25608","targetHints":{"allow":["GET"]}}],"collection":[{"href":"https:\/\/shuji.ca\/fr\/wp-json\/wp\/v2\/product"}],"about":[{"href":"https:\/\/shuji.ca\/fr\/wp-json\/wp\/v2\/types\/product"}],"replies":[{"embeddable":true,"href":"https:\/\/shuji.ca\/fr\/wp-json\/wp\/v2\/comments?post=25608"}],"wp:featuredmedia":[{"embeddable":true,"href":"https:\/\/shuji.ca\/fr\/wp-json\/wp\/v2\/media\/31260"}],"wp:attachment":[{"href":"https:\/\/shuji.ca\/fr\/wp-json\/wp\/v2\/media?parent=25608"}],"wp:term":[{"taxonomy":"product_brand","embeddable":true,"href":"https:\/\/shuji.ca\/fr\/wp-json\/wp\/v2\/product_brand?post=25608"},{"taxonomy":"product_cat","embeddable":true,"href":"https:\/\/shuji.ca\/fr\/wp-json\/wp\/v2\/product_cat?post=25608"},{"taxonomy":"product_tag","embeddable":true,"href":"https:\/\/shuji.ca\/fr\/wp-json\/wp\/v2\/product_tag?post=25608"}],"curies":[{"name":"wp","href":"https:\/\/api.w.org\/{rel}","templated":true}]}}