{"id":25515,"date":"2024-06-25T22:16:49","date_gmt":"2024-06-26T02:16:49","guid":{"rendered":"https:\/\/shuji.ca\/?post_type=product&#038;p=25515"},"modified":"2024-08-18T15:25:23","modified_gmt":"2024-08-18T19:25:23","slug":"trendy-eco-friendly-staple-free-stapler","status":"publish","type":"product","link":"https:\/\/shuji.ca\/fr\/shop\/beauty-personal-care\/beauty-devices-tools\/trendy-eco-friendly-staple-free-stapler\/","title":{"rendered":"Agrafeuse sans agrafes tendance et \u00e9cologique - Agrafeuse s\u00fbre et innovante"},"content":{"rendered":"<div class=\"flex-shrink-0 flex flex-col relative items-end\">\n<div>\n<div class=\"pt-0.5 juice:pt-0\">\n<div class=\"gizmo-bot-avatar flex h-6 w-6 items-center justify-center overflow-hidden rounded-full juice:h-8 juice:w-8\">\n<div class=\"relative p-1 rounded-sm flex items-center justify-center bg-token-main-surface-primary text-token-text-primary h-8 w-8\"><span style=\"color: #1d2128; font-size: 1rem; font-family: var(--mt-font__main);\">Caract\u00e9ristiques :<\/span><\/div>\n<\/div>\n<\/div>\n<\/div>\n<\/div>\n<div class=\"group\/conversation-turn relative flex w-full min-w-0 flex-col agent-turn\">\n<div class=\"flex-col gap-1 md:gap-3\">\n<div class=\"flex flex-grow flex-col max-w-full\">\n<div class=\"min-h-[20px] text-message flex flex-col items-start whitespace-pre-wrap break-words [.text-message+&amp;]:mt-5 juice:w-full juice:items-end overflow-x-auto gap-2\" dir=\"auto\" data-message-author-role=\"assistant\" data-message-id=\"98ba3117-c0cb-44a1-a892-c66644b87b18\">\n<div class=\"flex w-full flex-col gap-1 juice:empty:hidden juice:first:pt-[3px]\">\n<div class=\"markdown prose w-full break-words dark:prose-invert light\">\n<ul>\n<li>Conception innovante de l'agrafeuse sans besoin d'agrafes<\/li>\n<li>Le m\u00e9canisme de fixation s\u00fbr \u00e9vite les blessures<\/li>\n<li>Id\u00e9al pour relier jusqu'\u00e0 4-5 feuilles de papier \u00e0 la fois<\/li>\n<li>Conception compacte et ergonomique pour une manipulation et un stockage faciles<\/li>\n<li>Bords arrondis pour une prise en main confortable<\/li>\n<li>Respectueux de l'environnement, Z\u00c9RO agrafes n\u00e9cessaires, pas de fournitures n\u00e9cessaires.<\/li>\n<\/ul>\n<p>Description :<\/p>\n<p>Cette agrafeuse moderne offre un moyen r\u00e9volutionnaire de relier les papiers sans utiliser d'agrafes m\u00e9talliques traditionnelles. Con\u00e7ue pour \u00eatre s\u00fbre, elle est parfaite pour une utilisation en classe, au bureau ou \u00e0 la maison. L'agrafeuse peut facilement traiter jusqu'\u00e0 4 ou 5 feuilles de papier \u00e0 la fois, offrant une reliure s\u00e9curis\u00e9e gr\u00e2ce \u00e0 sa m\u00e9thode innovante de perforation et d'insertion. Sa taille compacte et sa forme ergonomique la rendent confortable \u00e0 utiliser et facile \u00e0 ranger. L'absence d'agrafes m\u00e9talliques rend ce produit respectueux de l'environnement et sans probl\u00e8me.<\/p>\n<\/div>\n<\/div>\n<\/div>\n<\/div>\n<\/div>\n<\/div>\n<p>&nbsp;<\/p>\n<p><img fetchpriority=\"high\" decoding=\"async\" class=\"aligncenter\" src=\"https:\/\/cbu01.alicdn.com\/img\/ibank\/O1CN01BjAQiz1y6nGV1LWVF_!!1000846530-0-cib.jpg?__r__=1715300452228\" alt=\"ind\u00e9fini\" width=\"873\" height=\"1105\" \/><img decoding=\"async\" class=\"aligncenter\" src=\"https:\/\/cbu01.alicdn.com\/img\/ibank\/O1CN016VUJzE1y6nGUKe03e_!!1000846530-0-cib.jpg?__r__=1715300452228\" alt=\"ind\u00e9fini\" width=\"873\" height=\"1105\" \/><\/p>","protected":false},"excerpt":{"rendered":"<p>Features: Innovative stapler design without the need for staples Safe binding mechanism prevents injuries Ideal for binding up to 4-5 sheets of paper at a time Compact and ergonomic design for easy handling and storage Rounded edges for a comfortable grip Eco-friendly, ZERO staples needed, no supplies needed. Description: This modern stapler offers a revolutionary [&hellip;]<\/p>","protected":false},"featured_media":25680,"comment_status":"open","ping_status":"closed","template":"","meta":[],"product_brand":[],"product_cat":[1202,1235],"product_tag":[],"class_list":{"0":"post-25515","1":"product","2":"type-product","3":"status-publish","4":"has-post-thumbnail","6":"product_cat-beauty-personal-care","7":"product_cat-beauty-devices-tools","8":"product_shipping_class-havestock","9":"product-has-variation-images","11":"first","12":"instock","13":"taxable","14":"shipping-taxable","15":"purchasable","16":"product-type-variable"},"_links":{"self":[{"href":"https:\/\/shuji.ca\/fr\/wp-json\/wp\/v2\/product\/25515","targetHints":{"allow":["GET"]}}],"collection":[{"href":"https:\/\/shuji.ca\/fr\/wp-json\/wp\/v2\/product"}],"about":[{"href":"https:\/\/shuji.ca\/fr\/wp-json\/wp\/v2\/types\/product"}],"replies":[{"embeddable":true,"href":"https:\/\/shuji.ca\/fr\/wp-json\/wp\/v2\/comments?post=25515"}],"wp:featuredmedia":[{"embeddable":true,"href":"https:\/\/shuji.ca\/fr\/wp-json\/wp\/v2\/media\/25680"}],"wp:attachment":[{"href":"https:\/\/shuji.ca\/fr\/wp-json\/wp\/v2\/media?parent=25515"}],"wp:term":[{"taxonomy":"product_brand","embeddable":true,"href":"https:\/\/shuji.ca\/fr\/wp-json\/wp\/v2\/product_brand?post=25515"},{"taxonomy":"product_cat","embeddable":true,"href":"https:\/\/shuji.ca\/fr\/wp-json\/wp\/v2\/product_cat?post=25515"},{"taxonomy":"product_tag","embeddable":true,"href":"https:\/\/shuji.ca\/fr\/wp-json\/wp\/v2\/product_tag?post=25515"}],"curies":[{"name":"wp","href":"https:\/\/api.w.org\/{rel}","templated":true}]}}