{"id":25341,"date":"2024-06-25T03:49:09","date_gmt":"2024-06-25T07:49:09","guid":{"rendered":"https:\/\/shuji.ca\/?post_type=product&#038;p=25341"},"modified":"2024-08-18T15:26:30","modified_gmt":"2024-08-18T19:26:30","slug":"manicure-compact-and-complete-nail-care-kit","status":"publish","type":"product","link":"https:\/\/shuji.ca\/fr\/shop\/beauty-personal-care\/beauty-devices-tools\/manicure-compact-and-complete-nail-care-kit\/","title":{"rendered":"Kit manucure compact et complet avec outils en acier inoxydable durables et design ergonomique"},"content":{"rendered":"<p>Caract\u00e9ristiques :<\/p>\n<ul>\n<li>Compact et \u00e9l\u00e9gant : Petite taille, facile \u00e0 transporter et design \u00e9l\u00e9gant.<\/li>\n<li>Ensemble complet : Comprend des outils pour couper les ongles, soigner les cuticules et bien plus encore.<\/li>\n<li>Mat\u00e9riau durable : Fabriqu\u00e9 en acier inoxydable de haute qualit\u00e9.<\/li>\n<li>Conception ergonomique : Les outils sont faciles \u00e0 manipuler et \u00e0 utiliser.<\/li>\n<li>Multifonctionnel : Convient aux soins des mains et des pieds.<\/li>\n<li>Rangement facile : Livr\u00e9 avec un \u00e9tui de transport pratique.<\/li>\n<\/ul>\n<p>&nbsp;<\/p>\n<p><img fetchpriority=\"high\" decoding=\"async\" class=\"alignnone wp-image-25336 aligncenter\" src=\"https:\/\/shuji.ca\/wp-content\/uploads\/2024\/06\/a-2-23.png\" alt=\"\" width=\"728\" height=\"644\" srcset=\"https:\/\/shuji.ca\/wp-content\/uploads\/2024\/06\/a-2-23.png 1318w, https:\/\/shuji.ca\/wp-content\/uploads\/2024\/06\/a-2-23-300x265.png 300w, https:\/\/shuji.ca\/wp-content\/uploads\/2024\/06\/a-2-23-1024x906.png 1024w, https:\/\/shuji.ca\/wp-content\/uploads\/2024\/06\/a-2-23-768x679.png 768w, https:\/\/shuji.ca\/wp-content\/uploads\/2024\/06\/a-2-23-600x531.png 600w\" sizes=\"(max-width: 728px) 100vw, 728px\" \/><\/p>\n<p style=\"text-align: center;\"><img decoding=\"async\" class=\"alignnone wp-image-25338\" src=\"https:\/\/shuji.ca\/wp-content\/uploads\/2024\/06\/a-3-14.png\" alt=\"\" width=\"739\" height=\"757\" srcset=\"https:\/\/shuji.ca\/wp-content\/uploads\/2024\/06\/a-3-14.png 1177w, https:\/\/shuji.ca\/wp-content\/uploads\/2024\/06\/a-3-14-293x300.png 293w, https:\/\/shuji.ca\/wp-content\/uploads\/2024\/06\/a-3-14-999x1024.png 999w, https:\/\/shuji.ca\/wp-content\/uploads\/2024\/06\/a-3-14-768x787.png 768w, https:\/\/shuji.ca\/wp-content\/uploads\/2024\/06\/a-3-14-600x615.png 600w\" sizes=\"(max-width: 739px) 100vw, 739px\" \/><\/p>\n<p><img decoding=\"async\" class=\"alignnone wp-image-25334 aligncenter\" src=\"https:\/\/shuji.ca\/wp-content\/uploads\/2024\/06\/a-1-26.png\" alt=\"\" width=\"749\" height=\"895\" srcset=\"https:\/\/shuji.ca\/wp-content\/uploads\/2024\/06\/a-1-26.png 1063w, https:\/\/shuji.ca\/wp-content\/uploads\/2024\/06\/a-1-26-251x300.png 251w, https:\/\/shuji.ca\/wp-content\/uploads\/2024\/06\/a-1-26-856x1024.png 856w, https:\/\/shuji.ca\/wp-content\/uploads\/2024\/06\/a-1-26-768x918.png 768w, https:\/\/shuji.ca\/wp-content\/uploads\/2024\/06\/a-1-26-600x717.png 600w\" sizes=\"(max-width: 749px) 100vw, 749px\" \/><\/p>","protected":false},"excerpt":{"rendered":"<p>Features: Compact and Stylish: Small size, easy to carry with a sleek design. Complete Set: Includes tools for nail clipping, cuticle care, and more. Durable Material: Made from high-quality stainless steel. Ergonomic Design: Tools are easy to handle and use. Multi-functional: Suitable for both hand and foot care. Easy Storage: Comes with a convenient carrying [&hellip;]<\/p>","protected":false},"featured_media":25338,"comment_status":"open","ping_status":"closed","template":"","meta":[],"product_brand":[],"product_cat":[1202,1235],"product_tag":[],"class_list":{"0":"post-25341","1":"product","2":"type-product","3":"status-publish","4":"has-post-thumbnail","6":"product_cat-beauty-personal-care","7":"product_cat-beauty-devices-tools","8":"product_shipping_class-havestock","9":"product-has-variation-images","11":"first","12":"instock","13":"taxable","14":"shipping-taxable","15":"purchasable","16":"product-type-variable"},"_links":{"self":[{"href":"https:\/\/shuji.ca\/fr\/wp-json\/wp\/v2\/product\/25341","targetHints":{"allow":["GET"]}}],"collection":[{"href":"https:\/\/shuji.ca\/fr\/wp-json\/wp\/v2\/product"}],"about":[{"href":"https:\/\/shuji.ca\/fr\/wp-json\/wp\/v2\/types\/product"}],"replies":[{"embeddable":true,"href":"https:\/\/shuji.ca\/fr\/wp-json\/wp\/v2\/comments?post=25341"}],"wp:featuredmedia":[{"embeddable":true,"href":"https:\/\/shuji.ca\/fr\/wp-json\/wp\/v2\/media\/25338"}],"wp:attachment":[{"href":"https:\/\/shuji.ca\/fr\/wp-json\/wp\/v2\/media?parent=25341"}],"wp:term":[{"taxonomy":"product_brand","embeddable":true,"href":"https:\/\/shuji.ca\/fr\/wp-json\/wp\/v2\/product_brand?post=25341"},{"taxonomy":"product_cat","embeddable":true,"href":"https:\/\/shuji.ca\/fr\/wp-json\/wp\/v2\/product_cat?post=25341"},{"taxonomy":"product_tag","embeddable":true,"href":"https:\/\/shuji.ca\/fr\/wp-json\/wp\/v2\/product_tag?post=25341"}],"curies":[{"name":"wp","href":"https:\/\/api.w.org\/{rel}","templated":true}]}}