{"id":25213,"date":"2024-06-24T06:55:32","date_gmt":"2024-06-24T10:55:32","guid":{"rendered":"https:\/\/shuji.ca\/?post_type=product&#038;p=25213"},"modified":"2024-08-18T15:27:37","modified_gmt":"2024-08-18T19:27:37","slug":"trendy-over-the-door-hanging-organizer","status":"publish","type":"product","link":"https:\/\/shuji.ca\/fr\/shop\/home-living\/home-organisation\/trendy-over-the-door-hanging-organizer\/","title":{"rendered":"Organisateur suspendu au-dessus de la porte pour un rangement multi-pi\u00e8ces tr\u00e8s tendance"},"content":{"rendered":"<p>Caract\u00e9ristiques :<\/p>\n<ul>\n<li>Versatile Storage Solution: Perfect for organizing items in baby rooms, kids rooms, bedrooms, bathrooms, pantries, campers, RVs, and laundry rooms.<\/li>\n<li>High Load Capacity: Supports up to 44 lbs, ensuring you can store a variety of items without worrying about the organizer tipping or deforming.<\/li>\n<li>Quick Assembly: Easy to set up in 30 seconds with clip hooks that fit securely over any standard door.<\/li>\n<li>Ample Storage: Features 5 large window pockets and 10 mesh side pockets, providing plenty of space for toys, toiletries, cleaning supplies, and more.<\/li>\n<li>Durable Material: Made from double-layer thick nonwoven fabric, which is environment-friendly, moisture-proof, safe, and odorless, ensuring long-lasting use.<\/li>\n<li>Stable Design: Built-in cardboard inserts help the organizer maintain its shape and stability, preventing it from tilting and ensuring it clings to the door securely.<\/li>\n<\/ul>\n<p>&nbsp;<\/p>\n<p><img fetchpriority=\"high\" decoding=\"async\" class=\"alignnone wp-image-25268 aligncenter\" src=\"https:\/\/shuji.ca\/wp-content\/uploads\/2024\/06\/4564564-9.jpg\" alt=\"\" width=\"1046\" height=\"1395\" srcset=\"https:\/\/shuji.ca\/wp-content\/uploads\/2024\/06\/4564564-9.jpg 1125w, https:\/\/shuji.ca\/wp-content\/uploads\/2024\/06\/4564564-9-225x300.jpg 225w, https:\/\/shuji.ca\/wp-content\/uploads\/2024\/06\/4564564-9-768x1024.jpg 768w, https:\/\/shuji.ca\/wp-content\/uploads\/2024\/06\/4564564-9-600x800.jpg 600w\" sizes=\"(max-width: 1046px) 100vw, 1046px\" \/><img decoding=\"async\" class=\"aligncenter\" src=\"https:\/\/cbu01.alicdn.com\/img\/ibank\/O1CN01ZNv89d1vNKifrJEn5_!!2217813036160-0-cib.jpg\" width=\"1047\" height=\"1396\" \/> <img decoding=\"async\" class=\"alignnone wp-image-25263 aligncenter\" src=\"https:\/\/shuji.ca\/wp-content\/uploads\/2024\/06\/4564564-17.jpg\" alt=\"\" width=\"1049\" height=\"1398\" srcset=\"https:\/\/shuji.ca\/wp-content\/uploads\/2024\/06\/4564564-17.jpg 1125w, https:\/\/shuji.ca\/wp-content\/uploads\/2024\/06\/4564564-17-225x300.jpg 225w, https:\/\/shuji.ca\/wp-content\/uploads\/2024\/06\/4564564-17-768x1024.jpg 768w, https:\/\/shuji.ca\/wp-content\/uploads\/2024\/06\/4564564-17-600x800.jpg 600w\" sizes=\"(max-width: 1049px) 100vw, 1049px\" \/><\/p>","protected":false},"excerpt":{"rendered":"<p>Features: Versatile Storage Solution: Perfect for organizing items in baby rooms, kids rooms, bedrooms, bathrooms, pantries, campers, RVs, and laundry rooms. High Load Capacity: Supports up to 44 lbs, ensuring you can store a variety of items without worrying about the organizer tipping or deforming. Quick Assembly: Easy to set up in 30 seconds with [&hellip;]<\/p>","protected":false},"featured_media":25259,"comment_status":"open","ping_status":"closed","template":"","meta":[],"product_brand":[],"product_cat":[1199,1234],"product_tag":[],"class_list":{"0":"post-25213","1":"product","2":"type-product","3":"status-publish","4":"has-post-thumbnail","6":"product_cat-home-living","7":"product_cat-home-organisation","8":"product_shipping_class-havestock","9":"product-has-variation-images","11":"first","12":"instock","13":"taxable","14":"shipping-taxable","15":"purchasable","16":"product-type-variable"},"_links":{"self":[{"href":"https:\/\/shuji.ca\/fr\/wp-json\/wp\/v2\/product\/25213","targetHints":{"allow":["GET"]}}],"collection":[{"href":"https:\/\/shuji.ca\/fr\/wp-json\/wp\/v2\/product"}],"about":[{"href":"https:\/\/shuji.ca\/fr\/wp-json\/wp\/v2\/types\/product"}],"replies":[{"embeddable":true,"href":"https:\/\/shuji.ca\/fr\/wp-json\/wp\/v2\/comments?post=25213"}],"wp:featuredmedia":[{"embeddable":true,"href":"https:\/\/shuji.ca\/fr\/wp-json\/wp\/v2\/media\/25259"}],"wp:attachment":[{"href":"https:\/\/shuji.ca\/fr\/wp-json\/wp\/v2\/media?parent=25213"}],"wp:term":[{"taxonomy":"product_brand","embeddable":true,"href":"https:\/\/shuji.ca\/fr\/wp-json\/wp\/v2\/product_brand?post=25213"},{"taxonomy":"product_cat","embeddable":true,"href":"https:\/\/shuji.ca\/fr\/wp-json\/wp\/v2\/product_cat?post=25213"},{"taxonomy":"product_tag","embeddable":true,"href":"https:\/\/shuji.ca\/fr\/wp-json\/wp\/v2\/product_tag?post=25213"}],"curies":[{"name":"wp","href":"https:\/\/api.w.org\/{rel}","templated":true}]}}