{"id":24841,"date":"2024-06-23T02:26:18","date_gmt":"2024-06-23T06:26:18","guid":{"rendered":"https:\/\/shuji.ca\/?post_type=product&#038;p=24841"},"modified":"2024-08-18T15:19:50","modified_gmt":"2024-08-18T19:19:50","slug":"high-resolution-wi-fi-ear-cleaner","status":"publish","type":"product","link":"https:\/\/shuji.ca\/fr\/shop\/beauty-personal-care\/beauty-devices-tools\/high-resolution-wi-fi-ear-cleaner\/","title":{"rendered":"Nettoyeur d'oreilles Wi-Fi haute r\u00e9solution avec cam\u00e9ra 5 m\u00e9gapixels, \u00e9tanch\u00e9it\u00e9 IP67 et embouts en silicone - Compatible avec Android et iOS"},"content":{"rendered":"<p>Caract\u00e9ristiques :<\/p>\n<ul>\n<li>Appareil photo haute r\u00e9solution de 5 m\u00e9gapixels : \u00c9quip\u00e9 d'un appareil photo haute r\u00e9solution de 5 m\u00e9gapixels et d'un gyroscope \u00e0 3 axes pour des images claires et une d\u00e9tection pr\u00e9cise.<\/li>\n<li>Large compatibilit\u00e9 : Compatible avec la plupart des t\u00e9l\u00e9phones et tablettes Android et iOS, garantissant une large utilisation.<\/li>\n<li>\u00c9tanch\u00e9it\u00e9 IP67 : La conception \u00e9tanche IP67 facilite le nettoyage et l'entretien, ce qui permet de pr\u00e9server la sant\u00e9 du conduit auditif.<\/li>\n<li>Type-C rechargeable : Chargement Type-C pratique avec une longue dur\u00e9e de vie de la batterie, permettant une utilisation continue jusqu'\u00e0 65 minutes avec une seule charge.<\/li>\n<li>Embouts en silicone de haute qualit\u00e9 : Comprend des embouts rempla\u00e7ables en silicone souple, garantissant un nettoyage s\u00fbr et confortable des oreilles.<\/li>\n<li>Connectivit\u00e9 Wi-Fi : Connexion sans fil facile \u00e0 votre appareil via Wi-Fi, compatible avec les syst\u00e8mes Android et iOS pour la visualisation et l'enregistrement en temps r\u00e9el.<\/li>\n<\/ul>\n<p>&nbsp;<\/p>\n<p>&nbsp;<\/p>\n<p><img fetchpriority=\"high\" decoding=\"async\" class=\"size-full wp-image-24836 aligncenter\" src=\"https:\/\/shuji.ca\/wp-content\/uploads\/2024\/06\/a-1.avif\" alt=\"\" width=\"800\" height=\"800\" \/> <img decoding=\"async\" class=\"size-full wp-image-24838 aligncenter\" src=\"https:\/\/shuji.ca\/wp-content\/uploads\/2024\/06\/a-3.avif\" alt=\"\" width=\"800\" height=\"800\" \/> <img decoding=\"async\" class=\"size-full wp-image-24840 aligncenter\" src=\"https:\/\/shuji.ca\/wp-content\/uploads\/2024\/06\/a-5.avif\" alt=\"\" width=\"800\" height=\"800\" \/><img loading=\"lazy\" decoding=\"async\" class=\"aligncenter wp-image-26196\" src=\"https:\/\/shuji.ca\/wp-content\/uploads\/2024\/06\/JHSJKHDKJAHSJ1.png\" alt=\"\" width=\"844\" height=\"2487\" srcset=\"https:\/\/shuji.ca\/wp-content\/uploads\/2024\/06\/JHSJKHDKJAHSJ1.png 788w, https:\/\/shuji.ca\/wp-content\/uploads\/2024\/06\/JHSJKHDKJAHSJ1-102x300.png 102w, https:\/\/shuji.ca\/wp-content\/uploads\/2024\/06\/JHSJKHDKJAHSJ1-348x1024.png 348w, https:\/\/shuji.ca\/wp-content\/uploads\/2024\/06\/JHSJKHDKJAHSJ1-768x2263.png 768w, https:\/\/shuji.ca\/wp-content\/uploads\/2024\/06\/JHSJKHDKJAHSJ1-521x1536.png 521w, https:\/\/shuji.ca\/wp-content\/uploads\/2024\/06\/JHSJKHDKJAHSJ1-695x2048.png 695w, https:\/\/shuji.ca\/wp-content\/uploads\/2024\/06\/JHSJKHDKJAHSJ1-600x1768.png 600w\" sizes=\"(max-width: 844px) 100vw, 844px\" \/><\/p>","protected":false},"excerpt":{"rendered":"<p>Features: 5 Megapixels High-Resolution Camera: Equipped with a 5 Megapixels high-resolution camera and a 3-axis gyroscope for clear images and accurate detection. Wide Compatibility: Compatible with most Android and iOS phones and tablets, ensuring broad usability. IP67 Waterproof: The IP67 waterproof design allows for easy cleaning and maintenance, keeping the ear canal healthy. Type-C Rechargeable: [&hellip;]<\/p>","protected":false},"featured_media":24846,"comment_status":"open","ping_status":"closed","template":"","meta":[],"product_brand":[],"product_cat":[1202,1235],"product_tag":[],"class_list":{"0":"post-24841","1":"product","2":"type-product","3":"status-publish","4":"has-post-thumbnail","6":"product_cat-beauty-personal-care","7":"product_cat-beauty-devices-tools","8":"product_shipping_class-havestock","9":"product-has-variation-images","11":"first","12":"instock","13":"taxable","14":"shipping-taxable","15":"purchasable","16":"product-type-variable"},"_links":{"self":[{"href":"https:\/\/shuji.ca\/fr\/wp-json\/wp\/v2\/product\/24841","targetHints":{"allow":["GET"]}}],"collection":[{"href":"https:\/\/shuji.ca\/fr\/wp-json\/wp\/v2\/product"}],"about":[{"href":"https:\/\/shuji.ca\/fr\/wp-json\/wp\/v2\/types\/product"}],"replies":[{"embeddable":true,"href":"https:\/\/shuji.ca\/fr\/wp-json\/wp\/v2\/comments?post=24841"}],"wp:featuredmedia":[{"embeddable":true,"href":"https:\/\/shuji.ca\/fr\/wp-json\/wp\/v2\/media\/24846"}],"wp:attachment":[{"href":"https:\/\/shuji.ca\/fr\/wp-json\/wp\/v2\/media?parent=24841"}],"wp:term":[{"taxonomy":"product_brand","embeddable":true,"href":"https:\/\/shuji.ca\/fr\/wp-json\/wp\/v2\/product_brand?post=24841"},{"taxonomy":"product_cat","embeddable":true,"href":"https:\/\/shuji.ca\/fr\/wp-json\/wp\/v2\/product_cat?post=24841"},{"taxonomy":"product_tag","embeddable":true,"href":"https:\/\/shuji.ca\/fr\/wp-json\/wp\/v2\/product_tag?post=24841"}],"curies":[{"name":"wp","href":"https:\/\/api.w.org\/{rel}","templated":true}]}}