{"id":24815,"date":"2024-06-23T00:39:42","date_gmt":"2024-06-23T04:39:42","guid":{"rendered":"https:\/\/shuji.ca\/?post_type=product&#038;p=24815"},"modified":"2024-08-28T20:37:59","modified_gmt":"2024-08-29T00:37:59","slug":"high-resolution-visual-ear-cleaning-kit-with-8mp-camera","status":"publish","type":"product","link":"https:\/\/shuji.ca\/fr\/shop\/beauty-personal-care\/beauty-devices-tools\/high-resolution-visual-ear-cleaning-kit-with-8mp-camera\/","title":{"rendered":"Kit de nettoyage visuel des oreilles \u00e0 haute r\u00e9solution avec cam\u00e9ra 8MP, connexion Wi-Fi et lumi\u00e8res LED"},"content":{"rendered":"<p>Caract\u00e9ristiques :<\/p>\n<ul>\n<li>Appareil photo haute r\u00e9solution de 8 MP : \u00c9quip\u00e9 d'un endoscope haute d\u00e9finition de 8 millions de pixels, il fournit des images claires et d\u00e9taill\u00e9es pour un nettoyage pr\u00e9cis des oreilles.<\/li>\n<li>Construction durable en ABS et en m\u00e9tal : Fabriqu\u00e9 en ABS et en m\u00e9tal de haute qualit\u00e9, il garantit une utilisation et une fiabilit\u00e9 durables.<\/li>\n<li>Connexion Wi-Fi facile et prise en charge des applications : Se connecte en toute transparence \u00e0 votre smartphone via Wi-Fi, avec une application d\u00e9di\u00e9e pour la visualisation et l'enregistrement en temps r\u00e9el.<\/li>\n<li>6 LED pour une meilleure visibilit\u00e9 : Les lumi\u00e8res LED int\u00e9gr\u00e9es \u00e9clairent le conduit auditif, vous permettant de voir clairement m\u00eame dans les environnements sombres.<\/li>\n<li>Conception \u00e9tanche IP67 : L'appareil est \u00e9tanche, ce qui le rend facile \u00e0 nettoyer avec de l'eau ou de l'alcool, garantissant ainsi l'hygi\u00e8ne et la s\u00e9curit\u00e9.<\/li>\n<li>Plusieurs embouts en silicone : Livr\u00e9 avec des embouts en silicone rempla\u00e7ables de diff\u00e9rentes formes, con\u00e7us pour le confort et la s\u00e9curit\u00e9, convenant \u00e0 tous les membres de la famille.<\/li>\n<\/ul>\n<p><img fetchpriority=\"high\" decoding=\"async\" class=\"aligncenter wp-image-24829\" src=\"https:\/\/shuji.ca\/wp-content\/uploads\/2024\/06\/SD1231-764x1024.png\" alt=\"\" width=\"662\" height=\"887\" srcset=\"https:\/\/shuji.ca\/wp-content\/uploads\/2024\/06\/SD1231-764x1024.png 764w, https:\/\/shuji.ca\/wp-content\/uploads\/2024\/06\/SD1231-224x300.png 224w, https:\/\/shuji.ca\/wp-content\/uploads\/2024\/06\/SD1231-768x1030.png 768w, https:\/\/shuji.ca\/wp-content\/uploads\/2024\/06\/SD1231-600x804.png 600w, https:\/\/shuji.ca\/wp-content\/uploads\/2024\/06\/SD1231.png 869w\" sizes=\"(max-width: 662px) 100vw, 662px\" \/><\/p>\n<p><img decoding=\"async\" class=\"aligncenter\" src=\"https:\/\/cbu01.alicdn.com\/img\/ibank\/O1CN012t5gWU1FpzZYMu3JC_!!2988370537-0-cib.jpg\" width=\"668\" height=\"668\" \/><\/p>","protected":false},"excerpt":{"rendered":"<p>Features: 8 MP High-Resolution Camera: Equipped with an 8 million pixel high-definition endoscope, providing clear and detailed images for accurate ear cleaning. Durable ABS and Metal Construction: Made with high-quality ABS and metal materials, ensuring long-lasting use and reliability. Easy Wi-Fi Connection and App Support: Connects seamlessly to your smartphone via Wi-Fi, with a dedicated [&hellip;]<\/p>","protected":false},"featured_media":24814,"comment_status":"open","ping_status":"closed","template":"","meta":[],"product_brand":[],"product_cat":[1202,1235],"product_tag":[],"class_list":{"0":"post-24815","1":"product","2":"type-product","3":"status-publish","4":"has-post-thumbnail","6":"product_cat-beauty-personal-care","7":"product_cat-beauty-devices-tools","8":"product_shipping_class-preorder","9":"product-has-variation-images","11":"first","12":"onbackorder","13":"taxable","14":"shipping-taxable","15":"purchasable","16":"product-type-variable"},"_links":{"self":[{"href":"https:\/\/shuji.ca\/fr\/wp-json\/wp\/v2\/product\/24815","targetHints":{"allow":["GET"]}}],"collection":[{"href":"https:\/\/shuji.ca\/fr\/wp-json\/wp\/v2\/product"}],"about":[{"href":"https:\/\/shuji.ca\/fr\/wp-json\/wp\/v2\/types\/product"}],"replies":[{"embeddable":true,"href":"https:\/\/shuji.ca\/fr\/wp-json\/wp\/v2\/comments?post=24815"}],"wp:featuredmedia":[{"embeddable":true,"href":"https:\/\/shuji.ca\/fr\/wp-json\/wp\/v2\/media\/24814"}],"wp:attachment":[{"href":"https:\/\/shuji.ca\/fr\/wp-json\/wp\/v2\/media?parent=24815"}],"wp:term":[{"taxonomy":"product_brand","embeddable":true,"href":"https:\/\/shuji.ca\/fr\/wp-json\/wp\/v2\/product_brand?post=24815"},{"taxonomy":"product_cat","embeddable":true,"href":"https:\/\/shuji.ca\/fr\/wp-json\/wp\/v2\/product_cat?post=24815"},{"taxonomy":"product_tag","embeddable":true,"href":"https:\/\/shuji.ca\/fr\/wp-json\/wp\/v2\/product_tag?post=24815"}],"curies":[{"name":"wp","href":"https:\/\/api.w.org\/{rel}","templated":true}]}}