{"id":24720,"date":"2024-06-22T21:52:37","date_gmt":"2024-06-23T01:52:37","guid":{"rendered":"https:\/\/shuji.ca\/?post_type=product&#038;p=24720"},"modified":"2024-08-18T15:22:00","modified_gmt":"2024-08-18T19:22:00","slug":"hepburn-style-high-end-premium-ceramic-chopsticks-set","status":"publish","type":"product","link":"https:\/\/shuji.ca\/fr\/shop\/home-kitchen\/kitchen-storage\/hepburn-style-high-end-premium-ceramic-chopsticks-set\/","title":{"rendered":"Set de baguettes en c\u00e9ramique haut de gamme de style Hepburn, antid\u00e9rapant, anti-moisissure, une paire par personne, style INS, bo\u00eete cadeau"},"content":{"rendered":"<p>Caract\u00e9ristiques :<\/p>\n<ul>\n<li>R\u00e9sistance aux temp\u00e9ratures \u00e9lev\u00e9es : Fabriqu\u00e9es en c\u00e9ramique, ces baguettes sont durables, non toxiques et peuvent \u00eatre st\u00e9rilis\u00e9es \u00e0 haute temp\u00e9rature.<\/li>\n<li>Antid\u00e9rapantes et anti-moisissures : Les baguettes sont antid\u00e9rapantes et r\u00e9sistantes \u00e0 la moisissure, ce qui garantit une hygi\u00e8ne \u00e0 long terme.<\/li>\n<li>Design \u00e9l\u00e9gant : Des motifs classiques en noir et blanc avec des d\u00e9calcomanies \u00e0 haute temp\u00e9rature qui ne se d\u00e9colorent pas, ajoutant une touche de modernit\u00e9 \u00e0 votre exp\u00e9rience culinaire.<\/li>\n<li>S\u00fbr et facile \u00e0 nettoyer : Surface lisse pour un nettoyage facile, conservant sa finition brillante sans l'utilisation d'abrasifs agressifs.<\/li>\n<li>\u00c9paississement pour plus de durabilit\u00e9 : Les baguettes sont con\u00e7ues avec un corps plus \u00e9pais pour \u00e9viter la casse et assurer une prise en main confortable.<\/li>\n<li>Utilisation polyvalente : ils conviennent aux micro-ondes, aux fours et aux lave-vaisselle, ce qui les rend parfaits pour une utilisation quotidienne \u00e0 la maison, au bureau ou au restaurant.<\/li>\n<\/ul>\n<p>&nbsp;<\/p>\n<p><img decoding=\"async\" class=\"aligncenter\" src=\"https:\/\/cbu01.alicdn.com\/img\/ibank\/O1CN01dWrt0u1mY1PJPMbdR_!!2210872814965-0-cib.jpg\" \/><img decoding=\"async\" class=\"aligncenter\" src=\"https:\/\/cbu01.alicdn.com\/img\/ibank\/O1CN01Ej0xj31mY1PBoGAa6_!!2210872814965-0-cib.jpg\" \/><img decoding=\"async\" class=\"aligncenter\" src=\"https:\/\/cbu01.alicdn.com\/img\/ibank\/O1CN01HQXsN81mY1PJNExeO_!!2210872814965-0-cib.jpg\" \/><\/p>\n<p>&nbsp;<\/p>","protected":false},"excerpt":{"rendered":"<p>Features: High-Temperature Resistance: Made from ceramic, these chopsticks are durable, non-toxic, and safe for use in high-temperature sterilization. Non-Slip and Anti-Mold: The chopsticks feature a non-slip design and are resistant to mold, ensuring long-term hygiene. Elegant Design: Classic black and white patterns with high-temperature decals that do not fade, adding a modern touch to your [&hellip;]<\/p>","protected":false},"featured_media":24719,"comment_status":"open","ping_status":"closed","template":"","meta":[],"product_brand":[],"product_cat":[1204,1229],"product_tag":[],"class_list":{"0":"post-24720","1":"product","2":"type-product","3":"status-publish","4":"has-post-thumbnail","6":"product_cat-home-kitchen","7":"product_cat-kitchen-storage","8":"product_shipping_class-preorder","10":"first","11":"instock","12":"taxable","13":"shipping-taxable","14":"purchasable","15":"product-type-simple"},"_links":{"self":[{"href":"https:\/\/shuji.ca\/fr\/wp-json\/wp\/v2\/product\/24720","targetHints":{"allow":["GET"]}}],"collection":[{"href":"https:\/\/shuji.ca\/fr\/wp-json\/wp\/v2\/product"}],"about":[{"href":"https:\/\/shuji.ca\/fr\/wp-json\/wp\/v2\/types\/product"}],"replies":[{"embeddable":true,"href":"https:\/\/shuji.ca\/fr\/wp-json\/wp\/v2\/comments?post=24720"}],"wp:featuredmedia":[{"embeddable":true,"href":"https:\/\/shuji.ca\/fr\/wp-json\/wp\/v2\/media\/24719"}],"wp:attachment":[{"href":"https:\/\/shuji.ca\/fr\/wp-json\/wp\/v2\/media?parent=24720"}],"wp:term":[{"taxonomy":"product_brand","embeddable":true,"href":"https:\/\/shuji.ca\/fr\/wp-json\/wp\/v2\/product_brand?post=24720"},{"taxonomy":"product_cat","embeddable":true,"href":"https:\/\/shuji.ca\/fr\/wp-json\/wp\/v2\/product_cat?post=24720"},{"taxonomy":"product_tag","embeddable":true,"href":"https:\/\/shuji.ca\/fr\/wp-json\/wp\/v2\/product_tag?post=24720"}],"curies":[{"name":"wp","href":"https:\/\/api.w.org\/{rel}","templated":true}]}}