{"id":24619,"date":"2024-06-22T21:15:52","date_gmt":"2024-06-22T13:15:52","guid":{"rendered":"https:\/\/shuji.ca\/?post_type=product&#038;p=24619"},"modified":"2024-08-18T15:22:38","modified_gmt":"2024-08-18T19:22:38","slug":"japanese-ceramic-instant-noodle-bowl-with-lid","status":"publish","type":"product","link":"https:\/\/shuji.ca\/fr\/shop\/sports-outdoors\/camping-equipment\/japanese-ceramic-instant-noodle-bowl-with-lid\/","title":{"rendered":"Bol \u00e0 nouilles instantan\u00e9es en c\u00e9ramique japonaise avec couvercle - Grand format pour la maison, le bureau et l'\u00e9cole avec design unique CupNoodle"},"content":{"rendered":"<p><strong>Caract\u00e9ristiques :<\/strong><\/p>\n<ul>\n<li>Specially processed ceramic material<\/li>\n<li>Large bowl for noodles<\/li>\n<li>Unique Instant Noodle design<\/li>\n<li>Convenient and durable, easy to clean<\/li>\n<li>Microwave and dishwasher safe<\/li>\n<li>Resistant to color fading and wear<\/li>\n<li>Convenient handle and lid design<\/li>\n<\/ul>\n<p>&nbsp;<\/p>\n<p><img fetchpriority=\"high\" decoding=\"async\" class=\"alignnone wp-image-24616 aligncenter\" src=\"https:\/\/shuji.ca\/wp-content\/uploads\/2024\/06\/a-3-6.png\" alt=\"\" width=\"1188\" height=\"1146\" srcset=\"https:\/\/shuji.ca\/wp-content\/uploads\/2024\/06\/a-3-6.png 1304w, https:\/\/shuji.ca\/wp-content\/uploads\/2024\/06\/a-3-6-300x289.png 300w, https:\/\/shuji.ca\/wp-content\/uploads\/2024\/06\/a-3-6-1024x988.png 1024w, https:\/\/shuji.ca\/wp-content\/uploads\/2024\/06\/a-3-6-768x741.png 768w, https:\/\/shuji.ca\/wp-content\/uploads\/2024\/06\/a-3-6-600x579.png 600w\" sizes=\"(max-width: 1188px) 100vw, 1188px\" \/> <img decoding=\"async\" class=\"alignnone wp-image-24617 aligncenter\" src=\"https:\/\/shuji.ca\/wp-content\/uploads\/2024\/06\/a-4-3.png\" alt=\"\" width=\"1186\" height=\"980\" srcset=\"https:\/\/shuji.ca\/wp-content\/uploads\/2024\/06\/a-4-3.png 1479w, https:\/\/shuji.ca\/wp-content\/uploads\/2024\/06\/a-4-3-300x248.png 300w, https:\/\/shuji.ca\/wp-content\/uploads\/2024\/06\/a-4-3-1024x847.png 1024w, https:\/\/shuji.ca\/wp-content\/uploads\/2024\/06\/a-4-3-768x635.png 768w, https:\/\/shuji.ca\/wp-content\/uploads\/2024\/06\/a-4-3-600x496.png 600w\" sizes=\"(max-width: 1186px) 100vw, 1186px\" \/> <img decoding=\"async\" class=\"wp-image-24618 aligncenter\" src=\"https:\/\/shuji.ca\/wp-content\/uploads\/2024\/06\/a-5-2.png\" alt=\"\" width=\"1185\" height=\"977\" srcset=\"https:\/\/shuji.ca\/wp-content\/uploads\/2024\/06\/a-5-2.png 1481w, https:\/\/shuji.ca\/wp-content\/uploads\/2024\/06\/a-5-2-300x247.png 300w, https:\/\/shuji.ca\/wp-content\/uploads\/2024\/06\/a-5-2-1024x844.png 1024w, https:\/\/shuji.ca\/wp-content\/uploads\/2024\/06\/a-5-2-768x633.png 768w, https:\/\/shuji.ca\/wp-content\/uploads\/2024\/06\/a-5-2-600x495.png 600w\" sizes=\"(max-width: 1185px) 100vw, 1185px\" \/><\/p>","protected":false},"excerpt":{"rendered":"<p>Features: Specially processed ceramic material Large bowl for noodles Unique Instant Noodle design Convenient and durable, easy to clean Microwave and dishwasher safe Resistant to color fading and wear Convenient handle and lid design &nbsp;<\/p>","protected":false},"featured_media":24615,"comment_status":"open","ping_status":"closed","template":"","meta":[],"product_brand":[],"product_cat":[1231,1200],"product_tag":[],"class_list":{"0":"post-24619","1":"product","2":"type-product","3":"status-publish","4":"has-post-thumbnail","6":"product_cat-camping-equipment","7":"product_cat-sports-outdoors","8":"product_shipping_class-havestock","9":"product-has-variation-images","11":"first","12":"instock","13":"taxable","14":"shipping-taxable","15":"purchasable","16":"product-type-variable"},"_links":{"self":[{"href":"https:\/\/shuji.ca\/fr\/wp-json\/wp\/v2\/product\/24619","targetHints":{"allow":["GET"]}}],"collection":[{"href":"https:\/\/shuji.ca\/fr\/wp-json\/wp\/v2\/product"}],"about":[{"href":"https:\/\/shuji.ca\/fr\/wp-json\/wp\/v2\/types\/product"}],"replies":[{"embeddable":true,"href":"https:\/\/shuji.ca\/fr\/wp-json\/wp\/v2\/comments?post=24619"}],"wp:featuredmedia":[{"embeddable":true,"href":"https:\/\/shuji.ca\/fr\/wp-json\/wp\/v2\/media\/24615"}],"wp:attachment":[{"href":"https:\/\/shuji.ca\/fr\/wp-json\/wp\/v2\/media?parent=24619"}],"wp:term":[{"taxonomy":"product_brand","embeddable":true,"href":"https:\/\/shuji.ca\/fr\/wp-json\/wp\/v2\/product_brand?post=24619"},{"taxonomy":"product_cat","embeddable":true,"href":"https:\/\/shuji.ca\/fr\/wp-json\/wp\/v2\/product_cat?post=24619"},{"taxonomy":"product_tag","embeddable":true,"href":"https:\/\/shuji.ca\/fr\/wp-json\/wp\/v2\/product_tag?post=24619"}],"curies":[{"name":"wp","href":"https:\/\/api.w.org\/{rel}","templated":true}]}}