{"id":24578,"date":"2024-06-22T17:47:03","date_gmt":"2024-06-22T09:47:03","guid":{"rendered":"https:\/\/shuji.ca\/?post_type=product&#038;p=24578"},"modified":"2024-08-18T15:23:36","modified_gmt":"2024-08-18T19:23:36","slug":"premium-full-metal-hand-grinder-r-series-coffee-grinder","status":"publish","type":"product","link":"https:\/\/shuji.ca\/fr\/shop\/home-kitchen\/kitchen-appliances-home-kitchen\/premium-full-metal-hand-grinder-r-series-coffee-grinder\/","title":{"rendered":"Premium Full Metal Hand Grinder R Series Coffee Grinder Machine - Manual Espresso Hand Mill for Home Use (Moulin \u00e0 caf\u00e9 manuel pour usage domestique)"},"content":{"rendered":"<p>Caract\u00e9ristiques :<\/p>\n<ul>\n<li>Un caf\u00e9 d\u00e9licieux et frais \u00e0 tout moment : Le moulin \u00e0 caf\u00e9 manuel RSNMocha conserve tout l'ar\u00f4me et le go\u00fbt des grains de caf\u00e9 sans surchauffe. Ajustez la taille de la mouture en fonction de la m\u00e9thode d'infusion, de grossi\u00e8re \u00e0 fine, pour une tasse parfaite.<\/li>\n<li>Contr\u00f4le complet des portions : Le r\u00e9gulateur point \u00e0 point permet des r\u00e9glages pr\u00e9cis de la mouture. R\u00e9glez diff\u00e9rents niveaux de mouture pour l'espresso ou le caf\u00e9 en fonction de vos besoins.<\/li>\n<li>Conception ergonomique anti-chute : Les billes d'acier anti-d\u00e9placement entre le manche et la poign\u00e9e garantissent une fixation s\u00fbre. La fraise en acier 420 avec 6 lames \u00e0 haut rendement assure un broyage pr\u00e9cis.<\/li>\n<li>Facile \u00e0 utiliser et \u00e0 nettoyer : La base rembourr\u00e9e assure la stabilit\u00e9 pendant le broyage. La poign\u00e9e en bois rouge offre une prise en main confortable. Toutes les pi\u00e8ces sont faciles \u00e0 d\u00e9monter et \u00e0 nettoyer \u00e0 l'aide de la brosse fournie.<\/li>\n<li>Le compagnon de voyage id\u00e9al : Avec un poids de seulement 1,03 livres, ce broyeur manuel ne n\u00e9cessite pas d'alimentation \u00e9lectrique ni de piles. Il se d\u00e9monte facilement pour les d\u00e9placements. Utilisez la brosse pour le nettoyage ; \u00e9vitez de rincer \u00e0 l'eau.<\/li>\n<li>Fonctionnement silencieux : La conception \u00e0 double roulement r\u00e9duit le bruit de plus de 90%. La taille compacte de 52 mm permet une utilisation d'une seule main, ce qui rend le processus de mouture doux et silencieux. Profitez d'une exp\u00e9rience de mouture de caf\u00e9 relaxante.<\/li>\n<\/ul>\n<p>&nbsp;<\/p>\n<p><img fetchpriority=\"high\" decoding=\"async\" class=\"aligncenter wp-image-24583\" src=\"https:\/\/shuji.ca\/wp-content\/uploads\/2024\/06\/SADASDASSD1-880x1024.png\" alt=\"\" width=\"611\" height=\"711\" srcset=\"https:\/\/shuji.ca\/wp-content\/uploads\/2024\/06\/SADASDASSD1-880x1024.png 880w, https:\/\/shuji.ca\/wp-content\/uploads\/2024\/06\/SADASDASSD1-258x300.png 258w, https:\/\/shuji.ca\/wp-content\/uploads\/2024\/06\/SADASDASSD1-768x894.png 768w, https:\/\/shuji.ca\/wp-content\/uploads\/2024\/06\/SADASDASSD1-600x698.png 600w, https:\/\/shuji.ca\/wp-content\/uploads\/2024\/06\/SADASDASSD1.png 988w\" sizes=\"(max-width: 611px) 100vw, 611px\" \/><img decoding=\"async\" class=\"alignnone wp-image-24576 aligncenter\" src=\"https:\/\/shuji.ca\/wp-content\/uploads\/2024\/06\/a-5-1-300x300.png\" alt=\"\" width=\"609\" height=\"609\" srcset=\"https:\/\/shuji.ca\/wp-content\/uploads\/2024\/06\/a-5-1-300x300.png 300w, https:\/\/shuji.ca\/wp-content\/uploads\/2024\/06\/a-5-1-1024x1022.png 1024w, https:\/\/shuji.ca\/wp-content\/uploads\/2024\/06\/a-5-1-150x150.png 150w, https:\/\/shuji.ca\/wp-content\/uploads\/2024\/06\/a-5-1-768x767.png 768w, https:\/\/shuji.ca\/wp-content\/uploads\/2024\/06\/a-5-1-600x599.png 600w, https:\/\/shuji.ca\/wp-content\/uploads\/2024\/06\/a-5-1-100x100.png 100w, https:\/\/shuji.ca\/wp-content\/uploads\/2024\/06\/a-5-1.png 1026w\" sizes=\"(max-width: 609px) 100vw, 609px\" \/><img decoding=\"async\" class=\"aligncenter\" src=\"https:\/\/cbu01.alicdn.com\/img\/ibank\/O1CN01xWm42z2H8955iwwHo_!!2211526439105-0-cib.jpg\" width=\"610\" height=\"610\" \/><\/p>","protected":false},"excerpt":{"rendered":"<p>Features: Delicious &amp; Fresh Coffee Anytime: The RSNMocha manual coffee grinder retains the full aroma and taste of coffee beans without overheating. Adjust the grind size for any brewing method, from coarse to fine, for the perfect cup. Complete Portion Control: The point-to-point regulator allows precise grind adjustments. Set different grind levels for espresso or [&hellip;]<\/p>","protected":false},"featured_media":24572,"comment_status":"open","ping_status":"closed","template":"","meta":[],"product_brand":[],"product_cat":[1204,1245],"product_tag":[],"class_list":{"0":"post-24578","1":"product","2":"type-product","3":"status-publish","4":"has-post-thumbnail","6":"product_cat-home-kitchen","7":"product_cat-kitchen-appliances-home-kitchen","8":"product_shipping_class-preorder","9":"product-has-variation-images","11":"first","12":"onbackorder","13":"taxable","14":"shipping-taxable","15":"purchasable","16":"product-type-variable"},"_links":{"self":[{"href":"https:\/\/shuji.ca\/fr\/wp-json\/wp\/v2\/product\/24578","targetHints":{"allow":["GET"]}}],"collection":[{"href":"https:\/\/shuji.ca\/fr\/wp-json\/wp\/v2\/product"}],"about":[{"href":"https:\/\/shuji.ca\/fr\/wp-json\/wp\/v2\/types\/product"}],"replies":[{"embeddable":true,"href":"https:\/\/shuji.ca\/fr\/wp-json\/wp\/v2\/comments?post=24578"}],"wp:featuredmedia":[{"embeddable":true,"href":"https:\/\/shuji.ca\/fr\/wp-json\/wp\/v2\/media\/24572"}],"wp:attachment":[{"href":"https:\/\/shuji.ca\/fr\/wp-json\/wp\/v2\/media?parent=24578"}],"wp:term":[{"taxonomy":"product_brand","embeddable":true,"href":"https:\/\/shuji.ca\/fr\/wp-json\/wp\/v2\/product_brand?post=24578"},{"taxonomy":"product_cat","embeddable":true,"href":"https:\/\/shuji.ca\/fr\/wp-json\/wp\/v2\/product_cat?post=24578"},{"taxonomy":"product_tag","embeddable":true,"href":"https:\/\/shuji.ca\/fr\/wp-json\/wp\/v2\/product_tag?post=24578"}],"curies":[{"name":"wp","href":"https:\/\/api.w.org\/{rel}","templated":true}]}}