{"id":24548,"date":"2024-06-22T16:06:07","date_gmt":"2024-06-22T08:06:07","guid":{"rendered":"https:\/\/shuji.ca\/?post_type=product&#038;p=24548"},"modified":"2024-08-18T15:23:45","modified_gmt":"2024-08-18T19:23:45","slug":"uforu-20-lbs-food-grade-sealed-rice-storage-container","status":"publish","type":"product","link":"https:\/\/shuji.ca\/fr\/shop\/home-kitchen\/kitchen-appliances-home-kitchen\/uforu-20-lbs-food-grade-sealed-rice-storage-container\/","title":{"rendered":"Uforu 20 lbs Food-Grade Sealed Rice Container, Moisture-Proof, Insect-Resistant, Press-to-Dispense Rice Box for Kitchen (bo\u00eete de riz \u00e0 pression pour la cuisine)"},"content":{"rendered":"<p>Caract\u00e9ristiques :<\/p>\n<ul>\n<li>Entonnoir inclin\u00e9 pour un \u00e9coulement r\u00e9gulier du riz<\/li>\n<li>Compartiment anti-insectes<\/li>\n<li>Couvercle int\u00e9gr\u00e9<\/li>\n<li>Fabriqu\u00e9 \u00e0 partir de mat\u00e9riaux de qualit\u00e9 alimentaire<\/li>\n<li>Peu encombrant, il convient aux comptoirs et aux armoires.<\/li>\n<li>Gobelet \u00e0 riz ind\u00e9pendant<\/li>\n<li>Distribution du riz par simple pression d'un bouton<\/li>\n<\/ul>\n<p><img fetchpriority=\"high\" decoding=\"async\" class=\"aligncenter\" src=\"https:\/\/cbu01.alicdn.com\/img\/ibank\/O1CN01agc7HP1CEUFkqEnax_!!2211638630049-0-cib.jpg\" width=\"1067\" height=\"1067\" \/><img decoding=\"async\" class=\"aligncenter\" src=\"https:\/\/cbu01.alicdn.com\/img\/ibank\/O1CN01QLLE6Y1CEUFlOdb4Q_!!2211638630049-0-cib.jpg\" width=\"1067\" height=\"1067\" \/><\/p>","protected":false},"excerpt":{"rendered":"<p>Features: Sloped funnel design for smooth rice flow Insect-proof compartment Embedded lid Made of food-grade materials Space-saving, suitable for countertops and cabinets Independent rice measuring cup One-button press for rice dispensing<\/p>","protected":false},"featured_media":24543,"comment_status":"open","ping_status":"closed","template":"","meta":[],"product_brand":[],"product_cat":[1204,1245],"product_tag":[],"class_list":{"0":"post-24548","1":"product","2":"type-product","3":"status-publish","4":"has-post-thumbnail","6":"product_cat-home-kitchen","7":"product_cat-kitchen-appliances-home-kitchen","8":"product_shipping_class-preorder","9":"product-has-variation-images","11":"first","12":"onbackorder","13":"taxable","14":"shipping-taxable","15":"purchasable","16":"product-type-variable"},"_links":{"self":[{"href":"https:\/\/shuji.ca\/fr\/wp-json\/wp\/v2\/product\/24548","targetHints":{"allow":["GET"]}}],"collection":[{"href":"https:\/\/shuji.ca\/fr\/wp-json\/wp\/v2\/product"}],"about":[{"href":"https:\/\/shuji.ca\/fr\/wp-json\/wp\/v2\/types\/product"}],"replies":[{"embeddable":true,"href":"https:\/\/shuji.ca\/fr\/wp-json\/wp\/v2\/comments?post=24548"}],"wp:featuredmedia":[{"embeddable":true,"href":"https:\/\/shuji.ca\/fr\/wp-json\/wp\/v2\/media\/24543"}],"wp:attachment":[{"href":"https:\/\/shuji.ca\/fr\/wp-json\/wp\/v2\/media?parent=24548"}],"wp:term":[{"taxonomy":"product_brand","embeddable":true,"href":"https:\/\/shuji.ca\/fr\/wp-json\/wp\/v2\/product_brand?post=24548"},{"taxonomy":"product_cat","embeddable":true,"href":"https:\/\/shuji.ca\/fr\/wp-json\/wp\/v2\/product_cat?post=24548"},{"taxonomy":"product_tag","embeddable":true,"href":"https:\/\/shuji.ca\/fr\/wp-json\/wp\/v2\/product_tag?post=24548"}],"curies":[{"name":"wp","href":"https:\/\/api.w.org\/{rel}","templated":true}]}}