{"id":24538,"date":"2024-06-22T15:47:30","date_gmt":"2024-06-22T07:47:30","guid":{"rendered":"https:\/\/shuji.ca\/?post_type=product&#038;p=24538"},"modified":"2024-08-18T15:09:26","modified_gmt":"2024-08-18T19:09:26","slug":"householdseasoningjar","status":"publish","type":"product","link":"https:\/\/shuji.ca\/fr\/shop\/home-kitchen\/kitchen-storage\/householdseasoningjar\/","title":{"rendered":"Pot d'assaisonnement en verre pour la cuisine Contenant de stockage de sel et de MSG avec cuill\u00e8re, scell\u00e9 \u00e0 l'\u00e9preuve de l'humidit\u00e9"},"content":{"rendered":"<p>Caract\u00e9ristiques :<\/p>\n<ul>\n<li>Conception anti-humidit\u00e9 : Comprend un d\u00e9shydratant pour la protection contre l'humidit\u00e9<\/li>\n<li>Mat\u00e9riau de qualit\u00e9 alimentaire : Fabriqu\u00e9 \u00e0 partir de mat\u00e9riaux s\u00fbrs et de haute qualit\u00e9<\/li>\n<li>Rangement organis\u00e9 : Disponible en diff\u00e9rentes couleurs pour un tri facile<\/li>\n<li>Comprend des cuill\u00e8res longues et courtes : Pratique pour diff\u00e9rentes utilisations<\/li>\n<li>Facile \u00e0 nettoyer : Conception amovible pour un nettoyage rapide et facile<\/li>\n<li>Adh\u00e9sif puissant : Supporte jusqu'\u00e0 3 kg de poids<\/li>\n<li>Imperm\u00e9able \u00e0 l'eau : Convient aux environnements humides tels que les salles de bains<\/li>\n<\/ul>\n<p>Remarque : le meuble de rangement illustr\u00e9 n'est pas inclus.<\/p>\n<p>&nbsp;<\/p>\n<p><img fetchpriority=\"high\" decoding=\"async\" class=\"aligncenter size-large wp-image-24560\" src=\"https:\/\/shuji.ca\/wp-content\/uploads\/2024\/06\/SDHJAJSDH1-948x1024.png\" alt=\"\" width=\"640\" height=\"691\" srcset=\"https:\/\/shuji.ca\/wp-content\/uploads\/2024\/06\/SDHJAJSDH1-948x1024.png 948w, https:\/\/shuji.ca\/wp-content\/uploads\/2024\/06\/SDHJAJSDH1-278x300.png 278w, https:\/\/shuji.ca\/wp-content\/uploads\/2024\/06\/SDHJAJSDH1-768x829.png 768w, https:\/\/shuji.ca\/wp-content\/uploads\/2024\/06\/SDHJAJSDH1-600x648.png 600w, https:\/\/shuji.ca\/wp-content\/uploads\/2024\/06\/SDHJAJSDH1.png 989w\" sizes=\"(max-width: 640px) 100vw, 640px\" \/> <img decoding=\"async\" class=\"aligncenter size-large wp-image-24561\" src=\"https:\/\/shuji.ca\/wp-content\/uploads\/2024\/06\/SADASDA1.png\" alt=\"\" width=\"640\" height=\"645\" srcset=\"https:\/\/shuji.ca\/wp-content\/uploads\/2024\/06\/SADASDA1.png 989w, https:\/\/shuji.ca\/wp-content\/uploads\/2024\/06\/SADASDA1-298x300.png 298w, https:\/\/shuji.ca\/wp-content\/uploads\/2024\/06\/SADASDA1-150x150.png 150w, https:\/\/shuji.ca\/wp-content\/uploads\/2024\/06\/SADASDA1-768x773.png 768w, https:\/\/shuji.ca\/wp-content\/uploads\/2024\/06\/SADASDA1-600x604.png 600w, https:\/\/shuji.ca\/wp-content\/uploads\/2024\/06\/SADASDA1-100x100.png 100w\" sizes=\"(max-width: 640px) 100vw, 640px\" \/> <img decoding=\"async\" class=\"aligncenter size-large wp-image-24562\" src=\"https:\/\/shuji.ca\/wp-content\/uploads\/2024\/06\/dasSD.jpg\" alt=\"\" width=\"640\" height=\"640\" srcset=\"https:\/\/shuji.ca\/wp-content\/uploads\/2024\/06\/dasSD.jpg 800w, https:\/\/shuji.ca\/wp-content\/uploads\/2024\/06\/dasSD-300x300.jpg 300w, https:\/\/shuji.ca\/wp-content\/uploads\/2024\/06\/dasSD-150x150.jpg 150w, https:\/\/shuji.ca\/wp-content\/uploads\/2024\/06\/dasSD-768x768.jpg 768w, https:\/\/shuji.ca\/wp-content\/uploads\/2024\/06\/dasSD-600x600.jpg 600w, https:\/\/shuji.ca\/wp-content\/uploads\/2024\/06\/dasSD-100x100.jpg 100w\" sizes=\"(max-width: 640px) 100vw, 640px\" \/> <img loading=\"lazy\" decoding=\"async\" class=\"aligncenter size-large wp-image-24563\" src=\"https:\/\/shuji.ca\/wp-content\/uploads\/2024\/06\/SDADA1-978x1024.png\" alt=\"\" width=\"640\" height=\"670\" srcset=\"https:\/\/shuji.ca\/wp-content\/uploads\/2024\/06\/SDADA1-978x1024.png 978w, https:\/\/shuji.ca\/wp-content\/uploads\/2024\/06\/SDADA1-287x300.png 287w, https:\/\/shuji.ca\/wp-content\/uploads\/2024\/06\/SDADA1-768x804.png 768w, https:\/\/shuji.ca\/wp-content\/uploads\/2024\/06\/SDADA1-600x628.png 600w, https:\/\/shuji.ca\/wp-content\/uploads\/2024\/06\/SDADA1.png 987w\" sizes=\"(max-width: 640px) 100vw, 640px\" \/><\/p>","protected":false},"excerpt":{"rendered":"<p>Features: Anti-Moisture Design: Includes desiccant for moisture protection Food-Grade Material: Made from high-quality, safe materials Organized Storage: Comes in various colors for easy sorting Includes Long and Short Spoons: Convenient for different uses Easy to Clean: Detachable design for quick and easy cleaning Strong Adhesive: Supports up to 3kg of weight Waterproof: Suitable for damp [&hellip;]<\/p>","protected":false},"featured_media":24535,"comment_status":"open","ping_status":"closed","template":"","meta":[],"product_brand":[],"product_cat":[1204,1229],"product_tag":[],"class_list":{"0":"post-24538","1":"product","2":"type-product","3":"status-publish","4":"has-post-thumbnail","6":"product_cat-home-kitchen","7":"product_cat-kitchen-storage","8":"product_shipping_class-havestock","9":"product-has-variation-images","11":"first","12":"instock","13":"taxable","14":"shipping-taxable","15":"purchasable","16":"product-type-variable"},"_links":{"self":[{"href":"https:\/\/shuji.ca\/fr\/wp-json\/wp\/v2\/product\/24538","targetHints":{"allow":["GET"]}}],"collection":[{"href":"https:\/\/shuji.ca\/fr\/wp-json\/wp\/v2\/product"}],"about":[{"href":"https:\/\/shuji.ca\/fr\/wp-json\/wp\/v2\/types\/product"}],"replies":[{"embeddable":true,"href":"https:\/\/shuji.ca\/fr\/wp-json\/wp\/v2\/comments?post=24538"}],"wp:featuredmedia":[{"embeddable":true,"href":"https:\/\/shuji.ca\/fr\/wp-json\/wp\/v2\/media\/24535"}],"wp:attachment":[{"href":"https:\/\/shuji.ca\/fr\/wp-json\/wp\/v2\/media?parent=24538"}],"wp:term":[{"taxonomy":"product_brand","embeddable":true,"href":"https:\/\/shuji.ca\/fr\/wp-json\/wp\/v2\/product_brand?post=24538"},{"taxonomy":"product_cat","embeddable":true,"href":"https:\/\/shuji.ca\/fr\/wp-json\/wp\/v2\/product_cat?post=24538"},{"taxonomy":"product_tag","embeddable":true,"href":"https:\/\/shuji.ca\/fr\/wp-json\/wp\/v2\/product_tag?post=24538"}],"curies":[{"name":"wp","href":"https:\/\/api.w.org\/{rel}","templated":true}]}}