{"id":24435,"date":"2024-06-22T00:13:22","date_gmt":"2024-06-21T16:13:22","guid":{"rendered":"https:\/\/shuji.ca\/?post_type=product&#038;p=24435"},"modified":"2024-08-18T15:10:55","modified_gmt":"2024-08-18T19:10:55","slug":"creative-cute-cartoon-hooks","status":"publish","type":"product","link":"https:\/\/shuji.ca\/fr\/shop\/home-living\/home-decor\/creative-cute-cartoon-hooks\/","title":{"rendered":"Crochets cr\u00e9atifs en forme de dessins anim\u00e9s pour le salon, la cuisine, la salle de bain - Crochets muraux adh\u00e9sifs, pas besoin de percer, lot de quatre"},"content":{"rendered":"<p>Caract\u00e9ristiques :<\/p>\n<ul>\n<li>Cute Design: Features lovely pet cartoon patterns that make your room more beautiful and fun. Perfect for children, friends, and yourself.<\/li>\n<li>High-Quality Material: Made of high-quality ABS and traceless adhesive. Each hook can hold up to 3.5 pounds (1.5kg). Comes with 6 hooks and 4 small animals in different colors.<\/li>\n<li>Fashionable and Practical: Can hang bags, keys, scarves, coats, hats, towels, toys, photos, kitchen utensils, etc.<\/li>\n<li>Easy to Use: Easy peel and stick technology that won\u2019t damage walls or surfaces. No nails or drilling needed. Works on smooth surfaces like wood, tiles, metal, and plastic. Not suitable for wallpaper or rough surfaces.<\/li>\n<li>Wide Use: Ideal for living rooms, kitchens, bedrooms, offices, and more. Can be installed in one minute without damaging the wall.<\/li>\n<\/ul>\n<p>&nbsp;<\/p>\n<p><img fetchpriority=\"high\" decoding=\"async\" class=\"aligncenter wp-image-24457\" src=\"https:\/\/shuji.ca\/wp-content\/uploads\/2024\/06\/41231.jpg\" alt=\"\" width=\"1169\" height=\"1169\" srcset=\"https:\/\/shuji.ca\/wp-content\/uploads\/2024\/06\/41231.jpg 800w, https:\/\/shuji.ca\/wp-content\/uploads\/2024\/06\/41231-300x300.jpg 300w, https:\/\/shuji.ca\/wp-content\/uploads\/2024\/06\/41231-150x150.jpg 150w, https:\/\/shuji.ca\/wp-content\/uploads\/2024\/06\/41231-768x768.jpg 768w, https:\/\/shuji.ca\/wp-content\/uploads\/2024\/06\/41231-600x600.jpg 600w, https:\/\/shuji.ca\/wp-content\/uploads\/2024\/06\/41231-100x100.jpg 100w\" sizes=\"(max-width: 1169px) 100vw, 1169px\" \/> <img decoding=\"async\" class=\"aligncenter wp-image-24458\" src=\"https:\/\/shuji.ca\/wp-content\/uploads\/2024\/06\/5121234123.png\" alt=\"\" width=\"1169\" height=\"1242\" srcset=\"https:\/\/shuji.ca\/wp-content\/uploads\/2024\/06\/5121234123.png 709w, https:\/\/shuji.ca\/wp-content\/uploads\/2024\/06\/5121234123-282x300.png 282w, https:\/\/shuji.ca\/wp-content\/uploads\/2024\/06\/5121234123-600x637.png 600w\" sizes=\"(max-width: 1169px) 100vw, 1169px\" \/> <img decoding=\"async\" class=\"aligncenter wp-image-24459\" src=\"https:\/\/shuji.ca\/wp-content\/uploads\/2024\/06\/S4131.png\" alt=\"\" width=\"1173\" height=\"1248\" srcset=\"https:\/\/shuji.ca\/wp-content\/uploads\/2024\/06\/S4131.png 712w, https:\/\/shuji.ca\/wp-content\/uploads\/2024\/06\/S4131-282x300.png 282w, https:\/\/shuji.ca\/wp-content\/uploads\/2024\/06\/S4131-600x639.png 600w\" sizes=\"(max-width: 1173px) 100vw, 1173px\" \/><\/p>","protected":false},"excerpt":{"rendered":"<p>Features: Cute Design: Features lovely pet cartoon patterns that make your room more beautiful and fun. Perfect for children, friends, and yourself. High-Quality Material: Made of high-quality ABS and traceless adhesive. Each hook can hold up to 3.5 pounds (1.5kg). Comes with 6 hooks and 4 small animals in different colors. Fashionable and Practical: Can [&hellip;]<\/p>","protected":false},"featured_media":24431,"comment_status":"open","ping_status":"closed","template":"","meta":[],"product_brand":[],"product_cat":[1199,1226],"product_tag":[],"class_list":{"0":"post-24435","1":"product","2":"type-product","3":"status-publish","4":"has-post-thumbnail","6":"product_cat-home-living","7":"product_cat-home-decor","8":"product_shipping_class-havestock","9":"product-has-variation-images","11":"first","12":"instock","13":"taxable","14":"shipping-taxable","15":"purchasable","16":"product-type-variable"},"_links":{"self":[{"href":"https:\/\/shuji.ca\/fr\/wp-json\/wp\/v2\/product\/24435","targetHints":{"allow":["GET"]}}],"collection":[{"href":"https:\/\/shuji.ca\/fr\/wp-json\/wp\/v2\/product"}],"about":[{"href":"https:\/\/shuji.ca\/fr\/wp-json\/wp\/v2\/types\/product"}],"replies":[{"embeddable":true,"href":"https:\/\/shuji.ca\/fr\/wp-json\/wp\/v2\/comments?post=24435"}],"wp:featuredmedia":[{"embeddable":true,"href":"https:\/\/shuji.ca\/fr\/wp-json\/wp\/v2\/media\/24431"}],"wp:attachment":[{"href":"https:\/\/shuji.ca\/fr\/wp-json\/wp\/v2\/media?parent=24435"}],"wp:term":[{"taxonomy":"product_brand","embeddable":true,"href":"https:\/\/shuji.ca\/fr\/wp-json\/wp\/v2\/product_brand?post=24435"},{"taxonomy":"product_cat","embeddable":true,"href":"https:\/\/shuji.ca\/fr\/wp-json\/wp\/v2\/product_cat?post=24435"},{"taxonomy":"product_tag","embeddable":true,"href":"https:\/\/shuji.ca\/fr\/wp-json\/wp\/v2\/product_tag?post=24435"}],"curies":[{"name":"wp","href":"https:\/\/api.w.org\/{rel}","templated":true}]}}