{"id":24425,"date":"2024-06-21T21:52:06","date_gmt":"2024-06-21T13:52:06","guid":{"rendered":"https:\/\/shuji.ca\/?post_type=product&#038;p=24425"},"modified":"2024-08-18T15:11:25","modified_gmt":"2024-08-18T19:11:25","slug":"trendy-mini-snack-sealing-machine","status":"publish","type":"product","link":"https:\/\/shuji.ca\/fr\/shop\/home-kitchen\/kitchen-appliances-home-kitchen\/trendy-mini-snack-sealing-machine\/","title":{"rendered":"Machine \u00e0 sceller sous vide portable pour sacs en plastique et conservation des aliments"},"content":{"rendered":"<p><strong>Caract\u00e9ristiques :<\/strong><\/p>\n<ul>\n<li>Fermeture facile pour conserver la fra\u00eecheur des aliments<\/li>\n<li>Lame cach\u00e9e pour une coupe s\u00fbre<\/li>\n<li>Petit et portable<\/li>\n<li>Polyvalent : scelle et coupe<\/li>\n<li>Dos magn\u00e9tique pour un rangement facile sur le r\u00e9frig\u00e9rateur<\/li>\n<li>Rechargeable par USB<\/li>\n<\/ul>\n<p><strong>D\u00e9tails suppl\u00e9mentaires :<\/strong><\/p>\n<ul>\n<li>Utilisation simple gr\u00e2ce \u00e0 deux boutons : un pour le scellage, un pour la d\u00e9coupe<\/li>\n<li>Convient pour sceller divers types d'emballages alimentaires<\/li>\n<li>L\u00e9ger (45 g), il se glisse facilement dans un sac ou une poche.<\/li>\n<li>Construction \u00e0 haute densit\u00e9 pour une transmission et une qualit\u00e9 sonores efficaces<\/li>\n<li>Touches grav\u00e9es pour faciliter l'accord et l'apprentissage<\/li>\n<\/ul>\n<p>Cette machine \u00e0 sceller compacte est parfaite pour conserver la fra\u00eecheur de vos en-cas, que vous soyez \u00e0 la maison ou en d\u00e9placement. Sa conception s\u00fbre et facile \u00e0 utiliser en fait un outil de cuisine essentiel.<\/p>\n<p><img fetchpriority=\"high\" decoding=\"async\" class=\"aligncenter wp-image-24454\" src=\"https:\/\/shuji.ca\/wp-content\/uploads\/2024\/06\/512341.png\" alt=\"\" width=\"635\" height=\"704\" srcset=\"https:\/\/shuji.ca\/wp-content\/uploads\/2024\/06\/512341.png 713w, https:\/\/shuji.ca\/wp-content\/uploads\/2024\/06\/512341-271x300.png 271w, https:\/\/shuji.ca\/wp-content\/uploads\/2024\/06\/512341-600x665.png 600w\" sizes=\"(max-width: 635px) 100vw, 635px\" \/><img decoding=\"async\" class=\"aligncenter wp-image-24453\" src=\"https:\/\/shuji.ca\/wp-content\/uploads\/2024\/06\/34243252.png\" alt=\"\" width=\"635\" height=\"816\" srcset=\"https:\/\/shuji.ca\/wp-content\/uploads\/2024\/06\/34243252.png 712w, https:\/\/shuji.ca\/wp-content\/uploads\/2024\/06\/34243252-233x300.png 233w, https:\/\/shuji.ca\/wp-content\/uploads\/2024\/06\/34243252-600x771.png 600w\" sizes=\"(max-width: 635px) 100vw, 635px\" \/><\/p>\n<p>&nbsp;<\/p>\n<p>&nbsp;<\/p>\n<p>&nbsp;<\/p>\n<p>&nbsp;<\/p>","protected":false},"excerpt":{"rendered":"<p>Features: Easy sealing to keep food fresh Hidden blade for safe cutting Small and portable Multi-purpose: seals and cuts Magnetic back for easy storage on the fridge USB rechargeable Additional Details: Simple operation with two buttons: one for sealing, one for cutting Suitable for sealing various types of food packaging Lightweight design (45g) fits easily [&hellip;]<\/p>","protected":false},"featured_media":24416,"comment_status":"open","ping_status":"closed","template":"","meta":[],"product_brand":[],"product_cat":[1204,1245],"product_tag":[],"class_list":{"0":"post-24425","1":"product","2":"type-product","3":"status-publish","4":"has-post-thumbnail","6":"product_cat-home-kitchen","7":"product_cat-kitchen-appliances-home-kitchen","8":"product_shipping_class-preorder","9":"product-has-variation-images","11":"first","12":"onbackorder","13":"taxable","14":"shipping-taxable","15":"purchasable","16":"product-type-variable"},"_links":{"self":[{"href":"https:\/\/shuji.ca\/fr\/wp-json\/wp\/v2\/product\/24425","targetHints":{"allow":["GET"]}}],"collection":[{"href":"https:\/\/shuji.ca\/fr\/wp-json\/wp\/v2\/product"}],"about":[{"href":"https:\/\/shuji.ca\/fr\/wp-json\/wp\/v2\/types\/product"}],"replies":[{"embeddable":true,"href":"https:\/\/shuji.ca\/fr\/wp-json\/wp\/v2\/comments?post=24425"}],"wp:featuredmedia":[{"embeddable":true,"href":"https:\/\/shuji.ca\/fr\/wp-json\/wp\/v2\/media\/24416"}],"wp:attachment":[{"href":"https:\/\/shuji.ca\/fr\/wp-json\/wp\/v2\/media?parent=24425"}],"wp:term":[{"taxonomy":"product_brand","embeddable":true,"href":"https:\/\/shuji.ca\/fr\/wp-json\/wp\/v2\/product_brand?post=24425"},{"taxonomy":"product_cat","embeddable":true,"href":"https:\/\/shuji.ca\/fr\/wp-json\/wp\/v2\/product_cat?post=24425"},{"taxonomy":"product_tag","embeddable":true,"href":"https:\/\/shuji.ca\/fr\/wp-json\/wp\/v2\/product_tag?post=24425"}],"curies":[{"name":"wp","href":"https:\/\/api.w.org\/{rel}","templated":true}]}}