{"id":24334,"date":"2024-06-20T15:52:31","date_gmt":"2024-06-20T07:52:31","guid":{"rendered":"https:\/\/shuji.ca\/?post_type=product&#038;p=24334"},"modified":"2024-08-18T15:12:28","modified_gmt":"2024-08-18T19:12:28","slug":"mini-snack-bag-sealer","status":"publish","type":"product","link":"https:\/\/shuji.ca\/fr\/shop\/home-kitchen\/kitchen-appliances-home-kitchen\/mini-snack-bag-sealer\/","title":{"rendered":"Mini scelleuse de sacs Snack : appareil de scellement portable et pratique \u00e0 haute temp\u00e9rature pour les sacs en plastique et la conservation des aliments"},"content":{"rendered":"<p><strong>Caract\u00e9ristiques :<\/strong><\/p>\n<ul>\n<li>Conception compacte et portable<\/li>\n<li>Facile \u00e0 utiliser pour sceller les sacs en plastique<\/li>\n<li>Conserve la fra\u00eecheur des aliments<\/li>\n<li>Double fonction pour sceller et couper<\/li>\n<li>Caract\u00e9ristiques de s\u00e9curit\u00e9 avec des lames cach\u00e9es<\/li>\n<li>Rechargeable, permet jusqu'\u00e0 300 utilisations avec une charge compl\u00e8te<\/li>\n<li>Puissance \u00e9lev\u00e9e, adapt\u00e9e aux sacs \u00e9pais<\/li>\n<li>Pratique \u00e0 ranger gr\u00e2ce \u00e0 sa conception suspendue<\/li>\n<\/ul>\n<p><strong>Utilisation :<\/strong><\/p>\n<ul>\n<li>Id\u00e9al pour sceller les sachets d'encas, la conservation des aliments<\/li>\n<li>Convient \u00e0 la maison, \u00e0 la cuisine et \u00e0 l'ext\u00e9rieur<\/li>\n<li>Peut sceller une vari\u00e9t\u00e9 de sacs en plastique pour en pr\u00e9server la fra\u00eecheur<\/li>\n<\/ul>\n<p><strong>Mat\u00e9riau :<\/strong><\/p>\n<ul>\n<li>Fabriqu\u00e9 en plastique durable<\/li>\n<li>Capacit\u00e9 d'\u00e9tanch\u00e9it\u00e9 \u00e0 haute temp\u00e9rature<\/li>\n<\/ul>\n<p>Cette mini-scelleuse est parfaite pour garder vos en-cas frais et organis\u00e9s. Sa taille compacte la rend facile \u00e0 transporter et \u00e0 ranger, ce qui vous permet de l'utiliser n'importe o\u00f9, n'importe quand.<\/p>\n<p><img fetchpriority=\"high\" decoding=\"async\" class=\"aligncenter wp-image-24350\" src=\"https:\/\/shuji.ca\/wp-content\/uploads\/2024\/06\/ADASD1.png\" alt=\"\" width=\"1004\" height=\"1115\" srcset=\"https:\/\/shuji.ca\/wp-content\/uploads\/2024\/06\/ADASD1.png 711w, https:\/\/shuji.ca\/wp-content\/uploads\/2024\/06\/ADASD1-270x300.png 270w, https:\/\/shuji.ca\/wp-content\/uploads\/2024\/06\/ADASD1-600x666.png 600w\" sizes=\"(max-width: 1004px) 100vw, 1004px\" \/> <img decoding=\"async\" class=\"aligncenter wp-image-24351\" src=\"https:\/\/shuji.ca\/wp-content\/uploads\/2024\/06\/ASFAFA11.png\" alt=\"\" width=\"1003\" height=\"1209\" srcset=\"https:\/\/shuji.ca\/wp-content\/uploads\/2024\/06\/ASFAFA11.png 711w, https:\/\/shuji.ca\/wp-content\/uploads\/2024\/06\/ASFAFA11-249x300.png 249w, https:\/\/shuji.ca\/wp-content\/uploads\/2024\/06\/ASFAFA11-600x723.png 600w\" sizes=\"(max-width: 1003px) 100vw, 1003px\" \/> <img decoding=\"async\" class=\"aligncenter wp-image-24352\" src=\"https:\/\/shuji.ca\/wp-content\/uploads\/2024\/06\/3APPPPP1.png\" alt=\"\" width=\"1002\" height=\"1098\" srcset=\"https:\/\/shuji.ca\/wp-content\/uploads\/2024\/06\/3APPPPP1.png 711w, https:\/\/shuji.ca\/wp-content\/uploads\/2024\/06\/3APPPPP1-274x300.png 274w, https:\/\/shuji.ca\/wp-content\/uploads\/2024\/06\/3APPPPP1-600x657.png 600w\" sizes=\"(max-width: 1002px) 100vw, 1002px\" \/><\/p>","protected":false},"excerpt":{"rendered":"<p>Features: Compact and portable design Easy to use for sealing plastic bags Keeps food fresh Dual function for sealing and cutting Safety features with concealed blades Rechargeable, supports up to 300 uses on a full charge High power, suitable for thick bags Convenient to store with a hanging design Usage: Ideal for sealing snack bags, [&hellip;]<\/p>","protected":false},"featured_media":24299,"comment_status":"open","ping_status":"closed","template":"","meta":[],"product_brand":[],"product_cat":[1204,1245],"product_tag":[],"class_list":{"0":"post-24334","1":"product","2":"type-product","3":"status-publish","4":"has-post-thumbnail","6":"product_cat-home-kitchen","7":"product_cat-kitchen-appliances-home-kitchen","8":"product_shipping_class-havestock","9":"product-has-variation-images","11":"first","12":"instock","13":"taxable","14":"shipping-taxable","15":"purchasable","16":"product-type-variable"},"_links":{"self":[{"href":"https:\/\/shuji.ca\/fr\/wp-json\/wp\/v2\/product\/24334","targetHints":{"allow":["GET"]}}],"collection":[{"href":"https:\/\/shuji.ca\/fr\/wp-json\/wp\/v2\/product"}],"about":[{"href":"https:\/\/shuji.ca\/fr\/wp-json\/wp\/v2\/types\/product"}],"replies":[{"embeddable":true,"href":"https:\/\/shuji.ca\/fr\/wp-json\/wp\/v2\/comments?post=24334"}],"wp:featuredmedia":[{"embeddable":true,"href":"https:\/\/shuji.ca\/fr\/wp-json\/wp\/v2\/media\/24299"}],"wp:attachment":[{"href":"https:\/\/shuji.ca\/fr\/wp-json\/wp\/v2\/media?parent=24334"}],"wp:term":[{"taxonomy":"product_brand","embeddable":true,"href":"https:\/\/shuji.ca\/fr\/wp-json\/wp\/v2\/product_brand?post=24334"},{"taxonomy":"product_cat","embeddable":true,"href":"https:\/\/shuji.ca\/fr\/wp-json\/wp\/v2\/product_cat?post=24334"},{"taxonomy":"product_tag","embeddable":true,"href":"https:\/\/shuji.ca\/fr\/wp-json\/wp\/v2\/product_tag?post=24334"}],"curies":[{"name":"wp","href":"https:\/\/api.w.org\/{rel}","templated":true}]}}