{"id":24294,"date":"2024-06-20T15:11:41","date_gmt":"2024-06-20T07:11:41","guid":{"rendered":"https:\/\/shuji.ca\/?post_type=product&#038;p=24294"},"modified":"2024-10-17T02:53:48","modified_gmt":"2024-10-17T06:53:48","slug":"non-drilling-creative-door-hook","status":"publish","type":"product","link":"https:\/\/shuji.ca\/fr\/shop\/home-living\/home-decor\/non-drilling-creative-door-hook\/","title":{"rendered":"4 PCS Crochet de porte cr\u00e9atif sans per\u00e7age - rev\u00eatement en caoutchouc antid\u00e9rapant pour usage domestique, crochet mobile unique pour v\u00eatements et chapeaux - Lot de 4"},"content":{"rendered":"<p>Caract\u00e9ristiques :<\/p>\n<p>Suspension de couronne : Convient aux portes jusqu'\u00e0 1,8 pouces de large, supporte jusqu'\u00e0 20 livres.<br \/>\nDesign fin : Accrochez les couronnes de No\u00ebl ou d'Halloween sans g\u00eaner le fonctionnement de la porte.<br \/>\nLargement utilis\u00e9 : Parfait pour suspendre des d\u00e9corations, des v\u00eatements, des serviettes, etc. sur n'importe quelle porte.<br \/>\nMat\u00e9riau m\u00e9tallique : La construction m\u00e9tallique durable garantit une longue dur\u00e9e de vie, m\u00eame en cas de vents violents.<\/p>\n<p><img fetchpriority=\"high\" decoding=\"async\" class=\"aligncenter\" src=\"https:\/\/cbu01.alicdn.com\/img\/ibank\/O1CN012Bgv1Q1jOSHRmFU9Z_!!2217189854538-0-cib.jpg\" width=\"895\" height=\"895\" \/><img decoding=\"async\" class=\"aligncenter\" src=\"https:\/\/cbu01.alicdn.com\/img\/ibank\/O1CN01i50RMf1jOSHTDUVJ7_!!2217189854538-0-cib.jpg\" width=\"893\" height=\"893\" \/><\/p>","protected":false},"excerpt":{"rendered":"<p>Features: Wreath Hanger: Suitable for doors up to 1.8 inches wide, holds up to 20 pounds. Thin Design: Hang Christmas or Halloween wreaths without hindering door operation. Widely Used: Perfect for hanging decorations, clothes, towels, and more on any door. Metallic Material: Durable metal construction ensures long service life, even in strong winds.<\/p>","protected":false},"featured_media":24292,"comment_status":"open","ping_status":"closed","template":"","meta":[],"product_brand":[],"product_cat":[1199,1226],"product_tag":[],"class_list":{"0":"post-24294","1":"product","2":"type-product","3":"status-publish","4":"has-post-thumbnail","6":"product_cat-home-living","7":"product_cat-home-decor","8":"product_shipping_class-havestock","9":"product-has-variation-images","11":"first","12":"instock","13":"taxable","14":"shipping-taxable","15":"purchasable","16":"product-type-variable"},"_links":{"self":[{"href":"https:\/\/shuji.ca\/fr\/wp-json\/wp\/v2\/product\/24294","targetHints":{"allow":["GET"]}}],"collection":[{"href":"https:\/\/shuji.ca\/fr\/wp-json\/wp\/v2\/product"}],"about":[{"href":"https:\/\/shuji.ca\/fr\/wp-json\/wp\/v2\/types\/product"}],"replies":[{"embeddable":true,"href":"https:\/\/shuji.ca\/fr\/wp-json\/wp\/v2\/comments?post=24294"}],"wp:featuredmedia":[{"embeddable":true,"href":"https:\/\/shuji.ca\/fr\/wp-json\/wp\/v2\/media\/24292"}],"wp:attachment":[{"href":"https:\/\/shuji.ca\/fr\/wp-json\/wp\/v2\/media?parent=24294"}],"wp:term":[{"taxonomy":"product_brand","embeddable":true,"href":"https:\/\/shuji.ca\/fr\/wp-json\/wp\/v2\/product_brand?post=24294"},{"taxonomy":"product_cat","embeddable":true,"href":"https:\/\/shuji.ca\/fr\/wp-json\/wp\/v2\/product_cat?post=24294"},{"taxonomy":"product_tag","embeddable":true,"href":"https:\/\/shuji.ca\/fr\/wp-json\/wp\/v2\/product_tag?post=24294"}],"curies":[{"name":"wp","href":"https:\/\/api.w.org\/{rel}","templated":true}]}}