{"id":24199,"date":"2024-06-20T13:21:23","date_gmt":"2024-06-20T05:21:23","guid":{"rendered":"https:\/\/shuji.ca\/?post_type=product&#038;p=24199"},"modified":"2024-08-18T15:15:43","modified_gmt":"2024-08-18T19:15:43","slug":"three-in-one-non-stick-coated-pan","status":"publish","type":"product","link":"https:\/\/shuji.ca\/fr\/shop\/home-kitchen\/kitchen-appliances-home-kitchen\/three-in-one-non-stick-coated-pan\/","title":{"rendered":"Po\u00eale \u00e0 frire antiadh\u00e9sive trois en un pour les \u0153ufs, le petit d\u00e9jeuner et le steak R\u00e9sistante \u00e0 l'usure"},"content":{"rendered":"<p>Caract\u00e9ristiques :<\/p>\n<ul>\n<li>Surface antiadh\u00e9sive : Les surfaces int\u00e9rieures et ext\u00e9rieures sont antiadh\u00e9sives, ce qui permet de cuisiner et de nettoyer sans effort.<\/li>\n<li>Po\u00eale multi-usages : Con\u00e7ue avec plusieurs compartiments, cette po\u00eale vous permet de cuire diff\u00e9rents aliments simultan\u00e9ment.<\/li>\n<li>L\u00e9g\u00e8ret\u00e9 : La po\u00eale est con\u00e7ue pour \u00eatre l\u00e9g\u00e8re, ce qui r\u00e9duit la charge sur vos mains pendant la cuisson.<\/li>\n<li>Distribution uniforme de la chaleur : La conception int\u00e9gr\u00e9e assure une distribution uniforme de la chaleur pour des r\u00e9sultats de cuisson homog\u00e8nes.<\/li>\n<li>Compatibilit\u00e9 polyvalente : Convient \u00e0 diverses surfaces de cuisson, y compris l'induction et le gaz, gr\u00e2ce \u00e0 son fond en composite.<\/li>\n<li>Facile \u00e0 nettoyer : Le mat\u00e9riau lisse permet un nettoyage rapide et facile, ce qui vous permet d'\u00e9conomiser du temps et des efforts dans la cuisine.<\/li>\n<li>Conception profonde : La profondeur de 2 cm emp\u00eache les aliments de d\u00e9border, ce qui augmente la capacit\u00e9 de la casserole.<\/li>\n<li>Construction durable : Fabriqu\u00e9 \u00e0 partir de mat\u00e9riaux de haute qualit\u00e9 r\u00e9sistants \u00e0 l'usure, il garantit la long\u00e9vit\u00e9 et la fiabilit\u00e9 des performances.<\/li>\n<\/ul>\n<p><img fetchpriority=\"high\" decoding=\"async\" class=\"aligncenter wp-image-24338\" src=\"https:\/\/shuji.ca\/wp-content\/uploads\/2024\/06\/41231.png\" alt=\"\" width=\"1030\" height=\"1174\" srcset=\"https:\/\/shuji.ca\/wp-content\/uploads\/2024\/06\/41231.png 788w, https:\/\/shuji.ca\/wp-content\/uploads\/2024\/06\/41231-263x300.png 263w, https:\/\/shuji.ca\/wp-content\/uploads\/2024\/06\/41231-768x875.png 768w, https:\/\/shuji.ca\/wp-content\/uploads\/2024\/06\/41231-600x684.png 600w\" sizes=\"(max-width: 1030px) 100vw, 1030px\" \/> <img decoding=\"async\" class=\"aligncenter wp-image-24339\" src=\"https:\/\/shuji.ca\/wp-content\/uploads\/2024\/06\/24312431.png\" alt=\"\" width=\"1029\" height=\"1030\" srcset=\"https:\/\/shuji.ca\/wp-content\/uploads\/2024\/06\/24312431.png 790w, https:\/\/shuji.ca\/wp-content\/uploads\/2024\/06\/24312431-300x300.png 300w, https:\/\/shuji.ca\/wp-content\/uploads\/2024\/06\/24312431-150x150.png 150w, https:\/\/shuji.ca\/wp-content\/uploads\/2024\/06\/24312431-768x769.png 768w, https:\/\/shuji.ca\/wp-content\/uploads\/2024\/06\/24312431-600x601.png 600w, https:\/\/shuji.ca\/wp-content\/uploads\/2024\/06\/24312431-100x100.png 100w\" sizes=\"(max-width: 1029px) 100vw, 1029px\" \/> <img decoding=\"async\" class=\"aligncenter wp-image-24340\" src=\"https:\/\/shuji.ca\/wp-content\/uploads\/2024\/06\/sSADA.png\" alt=\"\" width=\"1029\" height=\"1028\" srcset=\"https:\/\/shuji.ca\/wp-content\/uploads\/2024\/06\/sSADA.png 790w, https:\/\/shuji.ca\/wp-content\/uploads\/2024\/06\/sSADA-300x300.png 300w, https:\/\/shuji.ca\/wp-content\/uploads\/2024\/06\/sSADA-150x150.png 150w, https:\/\/shuji.ca\/wp-content\/uploads\/2024\/06\/sSADA-768x767.png 768w, https:\/\/shuji.ca\/wp-content\/uploads\/2024\/06\/sSADA-600x599.png 600w, https:\/\/shuji.ca\/wp-content\/uploads\/2024\/06\/sSADA-100x100.png 100w\" sizes=\"(max-width: 1029px) 100vw, 1029px\" \/><\/p>","protected":false},"excerpt":{"rendered":"<p>Features: Non-stick Surface: Both the interior and exterior surfaces are non-stick, making cooking and cleaning effortless. Multi-use Pan: Designed with multiple compartments, this pan allows you to cook different foods simultaneously. Lightweight: The pan is designed to be lightweight, reducing the burden on your hands while cooking. Even Heat Distribution: The integrated design ensures uniform [&hellip;]<\/p>","protected":false},"featured_media":24198,"comment_status":"open","ping_status":"closed","template":"","meta":[],"product_brand":[],"product_cat":[1204,1245],"product_tag":[],"class_list":{"0":"post-24199","1":"product","2":"type-product","3":"status-publish","4":"has-post-thumbnail","6":"product_cat-home-kitchen","7":"product_cat-kitchen-appliances-home-kitchen","8":"product_shipping_class-havestock","9":"product-has-variation-images","11":"first","12":"instock","13":"taxable","14":"shipping-taxable","15":"purchasable","16":"product-type-variable"},"_links":{"self":[{"href":"https:\/\/shuji.ca\/fr\/wp-json\/wp\/v2\/product\/24199","targetHints":{"allow":["GET"]}}],"collection":[{"href":"https:\/\/shuji.ca\/fr\/wp-json\/wp\/v2\/product"}],"about":[{"href":"https:\/\/shuji.ca\/fr\/wp-json\/wp\/v2\/types\/product"}],"replies":[{"embeddable":true,"href":"https:\/\/shuji.ca\/fr\/wp-json\/wp\/v2\/comments?post=24199"}],"wp:featuredmedia":[{"embeddable":true,"href":"https:\/\/shuji.ca\/fr\/wp-json\/wp\/v2\/media\/24198"}],"wp:attachment":[{"href":"https:\/\/shuji.ca\/fr\/wp-json\/wp\/v2\/media?parent=24199"}],"wp:term":[{"taxonomy":"product_brand","embeddable":true,"href":"https:\/\/shuji.ca\/fr\/wp-json\/wp\/v2\/product_brand?post=24199"},{"taxonomy":"product_cat","embeddable":true,"href":"https:\/\/shuji.ca\/fr\/wp-json\/wp\/v2\/product_cat?post=24199"},{"taxonomy":"product_tag","embeddable":true,"href":"https:\/\/shuji.ca\/fr\/wp-json\/wp\/v2\/product_tag?post=24199"}],"curies":[{"name":"wp","href":"https:\/\/api.w.org\/{rel}","templated":true}]}}