{"id":24094,"date":"2024-06-19T14:41:07","date_gmt":"2024-06-19T06:41:07","guid":{"rendered":"https:\/\/shuji.ca\/?post_type=product&#038;p=24094"},"modified":"2024-08-16T03:03:44","modified_gmt":"2024-08-16T07:03:44","slug":"cute-instagram-style-smart-home-weight-scale-with-tempered-glass-electronic-body-scale-rechargeable-cute-design","status":"publish","type":"product","link":"https:\/\/shuji.ca\/fr\/shop\/beauty-personal-care\/beauty-devices-tools\/cute-instagram-style-smart-home-weight-scale-with-tempered-glass-electronic-body-scale-rechargeable-cute-design\/","title":{"rendered":"P\u00e8se-personne intelligent avec verre tremp\u00e9, rechargeable, design mignon, style Instagram"},"content":{"rendered":"<div class=\"flex-shrink-0 flex flex-col relative items-end\">\n<div>\n<div class=\"pt-0.5 juice:pt-0\">\n<div class=\"gizmo-bot-avatar flex h-6 w-6 items-center justify-center overflow-hidden rounded-full juice:h-8 juice:w-8\">\n<div class=\"relative p-1 rounded-sm flex items-center justify-center bg-token-main-surface-primary text-token-text-primary h-8 w-8\">Caract\u00e9ristiques :<\/div>\n<\/div>\n<\/div>\n<\/div>\n<\/div>\n<div class=\"group\/conversation-turn relative flex w-full min-w-0 flex-col agent-turn\">\n<div class=\"flex-col gap-1 md:gap-3\">\n<div class=\"flex flex-grow flex-col max-w-full\">\n<div class=\"min-h-[20px] text-message flex flex-col items-start whitespace-pre-wrap break-words [.text-message+&amp;]:mt-5 juice:w-full juice:items-end overflow-x-auto gap-2\" dir=\"auto\" data-message-author-role=\"assistant\" data-message-id=\"4fe100f5-ee50-49ab-9fcf-3f5334ab0948\">\n<div class=\"flex w-full flex-col gap-1 juice:empty:hidden juice:first:pt-[3px]\">\n<div class=\"markdown prose w-full break-words dark:prose-invert light\">\n<ul>\n<li>Tissu pelucheux haute densit\u00e9 : Mat\u00e9riau durable, doux et respectueux de la peau qui offre une exp\u00e9rience confortable.<\/li>\n<li>Fermeture \u00e9clair invisible : Utilise une fermeture \u00e0 glissi\u00e8re de marque nationale r\u00e9put\u00e9e, durable et \u00e9l\u00e9gante, pour faciliter le retrait de la housse.<\/li>\n<li>Facile \u00e0 nettoyer : La housse de l'oreiller est amovible et lavable, ce qui garantit une utilisation \u00e0 long terme.<\/li>\n<li>Fabrication d\u00e9taill\u00e9e : Les coutures de pr\u00e9cision et l'attention port\u00e9e aux d\u00e9tails garantissent une finition de haute qualit\u00e9.<\/li>\n<li>Rechargeable : Chargement USB pratique, compatible avec diverses sources d'alimentation telles que les chargeurs, les ordinateurs et les banques d'alimentation portables.<\/li>\n<li>Mesures pr\u00e9cises : Mesure le poids avec pr\u00e9cision, s'affiche sur un \u00e9cran LCD facile \u00e0 lire avec r\u00e9tro-\u00e9clairage pour une bonne visibilit\u00e9 m\u00eame la nuit.<\/li>\n<\/ul>\n<p><img fetchpriority=\"high\" decoding=\"async\" class=\"aligncenter wp-image-24093\" src=\"https:\/\/shuji.ca\/wp-content\/uploads\/2024\/06\/3J213J.png\" alt=\"\" width=\"979\" height=\"677\" srcset=\"https:\/\/shuji.ca\/wp-content\/uploads\/2024\/06\/3J213J.png 712w, https:\/\/shuji.ca\/wp-content\/uploads\/2024\/06\/3J213J-300x207.png 300w, https:\/\/shuji.ca\/wp-content\/uploads\/2024\/06\/3J213J-100x70.png 100w, https:\/\/shuji.ca\/wp-content\/uploads\/2024\/06\/3J213J-600x415.png 600w\" sizes=\"(max-width: 979px) 100vw, 979px\" \/> <img decoding=\"async\" class=\"aligncenter wp-image-24092\" src=\"https:\/\/shuji.ca\/wp-content\/uploads\/2024\/06\/231HJ1.png\" alt=\"\" width=\"979\" height=\"1009\" srcset=\"https:\/\/shuji.ca\/wp-content\/uploads\/2024\/06\/231HJ1.png 709w, https:\/\/shuji.ca\/wp-content\/uploads\/2024\/06\/231HJ1-291x300.png 291w, https:\/\/shuji.ca\/wp-content\/uploads\/2024\/06\/231HJ1-600x619.png 600w\" sizes=\"(max-width: 979px) 100vw, 979px\" \/><\/p>\n<\/div>\n<\/div>\n<\/div>\n<\/div>\n<\/div>\n<\/div>","protected":false},"excerpt":{"rendered":"<p>Features: High-Density Plush Fabric: Durable, soft, and skin-friendly material that provides a comfortable experience. Invisible Zipper: Uses a well-known domestic brand zipper, durable and stylish, for easy cover removal. Easy to Clean: The pillow cover is removable and washable, ensuring long-term use. Detailed Craftsmanship: Made with precision stitching and attention to detail for a high-quality [&hellip;]<\/p>","protected":false},"featured_media":24093,"comment_status":"open","ping_status":"closed","template":"","meta":[],"product_brand":[],"product_cat":[1202,1235],"product_tag":[],"class_list":{"0":"post-24094","1":"product","2":"type-product","3":"status-publish","4":"has-post-thumbnail","6":"product_cat-beauty-personal-care","7":"product_cat-beauty-devices-tools","8":"product_shipping_class-preorder","10":"first","11":"onbackorder","12":"taxable","13":"shipping-taxable","14":"purchasable","15":"product-type-simple"},"_links":{"self":[{"href":"https:\/\/shuji.ca\/fr\/wp-json\/wp\/v2\/product\/24094","targetHints":{"allow":["GET"]}}],"collection":[{"href":"https:\/\/shuji.ca\/fr\/wp-json\/wp\/v2\/product"}],"about":[{"href":"https:\/\/shuji.ca\/fr\/wp-json\/wp\/v2\/types\/product"}],"replies":[{"embeddable":true,"href":"https:\/\/shuji.ca\/fr\/wp-json\/wp\/v2\/comments?post=24094"}],"wp:featuredmedia":[{"embeddable":true,"href":"https:\/\/shuji.ca\/fr\/wp-json\/wp\/v2\/media\/24093"}],"wp:attachment":[{"href":"https:\/\/shuji.ca\/fr\/wp-json\/wp\/v2\/media?parent=24094"}],"wp:term":[{"taxonomy":"product_brand","embeddable":true,"href":"https:\/\/shuji.ca\/fr\/wp-json\/wp\/v2\/product_brand?post=24094"},{"taxonomy":"product_cat","embeddable":true,"href":"https:\/\/shuji.ca\/fr\/wp-json\/wp\/v2\/product_cat?post=24094"},{"taxonomy":"product_tag","embeddable":true,"href":"https:\/\/shuji.ca\/fr\/wp-json\/wp\/v2\/product_tag?post=24094"}],"curies":[{"name":"wp","href":"https:\/\/api.w.org\/{rel}","templated":true}]}}