{"id":24014,"date":"2024-06-19T12:47:54","date_gmt":"2024-06-19T04:47:54","guid":{"rendered":"https:\/\/shuji.ca\/?post_type=product&#038;p=24014"},"modified":"2024-08-16T06:03:29","modified_gmt":"2024-08-16T10:03:29","slug":"alloy-wind-chime-blessings-students-graduation-season-gifts-creative-metal-bell-hanging-class-friends-send-gifts","status":"publish","type":"product","link":"https:\/\/shuji.ca\/fr\/shop\/home-living\/home-decor\/alloy-wind-chime-blessings-students-graduation-season-gifts-creative-metal-bell-hanging-class-friends-send-gifts\/","title":{"rendered":"Carillon \u00e9olien en alliage b\u00e9n\u00e9dictions \u00e9tudiants cadeaux de fin d'\u00e9tudes cloche cr\u00e9ative en m\u00e9tal suspendue classe amis envoyer des cadeaux"},"content":{"rendered":"<h6>Caract\u00e9ristiques :<\/h6>\n<ul>\n<li>Simple et \u00e9l\u00e9gant : Ajoute une touche de sophistication \u00e0 tout espace.<\/li>\n<li>Cloche int\u00e9gr\u00e9e : Livr\u00e9 avec une charmante cloche qui produit un son agr\u00e9able.<\/li>\n<li>Couleurs vives : peintes \u00e0 la main avec des couleurs vives et durables.<\/li>\n<li>D\u00e9licat et petit : parfait pour \u00eatre accroch\u00e9 sur un bureau, une armoire, etc.<\/li>\n<\/ul>\n<p>Ce produit peut \u00eatre utilis\u00e9 pour diverses d\u00e9corations, notamment pour les voitures, les magasins et les chambres \u00e0 coucher, afin de cr\u00e9er une ambiance \u00e0 la fois \u00e9l\u00e9gante et ludique.<\/p>\n<p>&nbsp;<\/p>\n<p><img fetchpriority=\"high\" decoding=\"async\" class=\"aligncenter\" src=\"https:\/\/cbu01.alicdn.com\/img\/ibank\/O1CN01U07gLM1KLpczU6UK4_!!2631001148-0-cib.jpg\" width=\"1128\" height=\"1128\" \/><img decoding=\"async\" class=\"aligncenter\" src=\"https:\/\/cbu01.alicdn.com\/img\/ibank\/O1CN01Cgeyjc1KLpczY75LM_!!2631001148-0-cib.jpg\" width=\"1128\" height=\"1128\" \/><img decoding=\"async\" class=\"aligncenter\" src=\"https:\/\/cbu01.alicdn.com\/img\/ibank\/O1CN01mk6XDk1KLpczYAylt_!!2631001148-0-cib.jpg\" width=\"1132\" height=\"1132\" \/><img loading=\"lazy\" decoding=\"async\" class=\"aligncenter\" src=\"https:\/\/cbu01.alicdn.com\/img\/ibank\/O1CN01JCltlN1KLpd0HOWKV_!!2631001148-0-cib.jpg\" width=\"1133\" height=\"1133\" \/><\/p>","protected":false},"excerpt":{"rendered":"<p>Features: Simple and Elegant: Adds a touch of sophistication to any space. Built-in Bell: Comes with a charming bell that produces a pleasant sound. Vivid Colors: Hand-painted with bright, long-lasting colors. Delicate and Small: Perfect for hanging on desks, cabinets, and more. This product can be used for various decorations including cars, shops, and bedrooms, [&hellip;]<\/p>","protected":false},"featured_media":24009,"comment_status":"open","ping_status":"closed","template":"","meta":[],"product_brand":[],"product_cat":[1199,1226],"product_tag":[],"class_list":{"0":"post-24014","1":"product","2":"type-product","3":"status-publish","4":"has-post-thumbnail","6":"product_cat-home-living","7":"product_cat-home-decor","8":"product_shipping_class-havestock","9":"product-has-variation-images","11":"first","12":"instock","13":"taxable","14":"shipping-taxable","15":"purchasable","16":"product-type-variable"},"_links":{"self":[{"href":"https:\/\/shuji.ca\/fr\/wp-json\/wp\/v2\/product\/24014","targetHints":{"allow":["GET"]}}],"collection":[{"href":"https:\/\/shuji.ca\/fr\/wp-json\/wp\/v2\/product"}],"about":[{"href":"https:\/\/shuji.ca\/fr\/wp-json\/wp\/v2\/types\/product"}],"replies":[{"embeddable":true,"href":"https:\/\/shuji.ca\/fr\/wp-json\/wp\/v2\/comments?post=24014"}],"wp:featuredmedia":[{"embeddable":true,"href":"https:\/\/shuji.ca\/fr\/wp-json\/wp\/v2\/media\/24009"}],"wp:attachment":[{"href":"https:\/\/shuji.ca\/fr\/wp-json\/wp\/v2\/media?parent=24014"}],"wp:term":[{"taxonomy":"product_brand","embeddable":true,"href":"https:\/\/shuji.ca\/fr\/wp-json\/wp\/v2\/product_brand?post=24014"},{"taxonomy":"product_cat","embeddable":true,"href":"https:\/\/shuji.ca\/fr\/wp-json\/wp\/v2\/product_cat?post=24014"},{"taxonomy":"product_tag","embeddable":true,"href":"https:\/\/shuji.ca\/fr\/wp-json\/wp\/v2\/product_tag?post=24014"}],"curies":[{"name":"wp","href":"https:\/\/api.w.org\/{rel}","templated":true}]}}