{"id":23975,"date":"2024-06-19T10:48:39","date_gmt":"2024-06-19T02:48:39","guid":{"rendered":"https:\/\/shuji.ca\/?post_type=product&#038;p=23975"},"modified":"2024-10-26T00:18:08","modified_gmt":"2024-10-26T04:18:08","slug":"trendy-peach-cat-diatomaceous-earth-bath-mat-for-bathroom-water-absorbent-non-slip-and-anti-bacterial-floor-mat-5080cm","status":"publish","type":"product","link":"https:\/\/shuji.ca\/fr\/shop\/home-living\/bathroom\/trendy-peach-cat-diatomaceous-earth-bath-mat-for-bathroom-water-absorbent-non-slip-and-anti-bacterial-floor-mat-5080cm\/","title":{"rendered":"Tapis de bain Trendy Peach Cat Diatomaceous Earth pour la salle de bain, absorbant l'eau, antid\u00e9rapant et antibact\u00e9rien 50*80cm"},"content":{"rendered":"<p>Caract\u00e9ristiques :<\/p>\n<ul>\n<li>Absorption instantan\u00e9e de l'eau : Compos\u00e9 de terre de diatom\u00e9e, il absorbe rapidement l'eau et s\u00e8che vite.<\/li>\n<li>P\u00e9n\u00e9tration rapide de l'eau : L'humidit\u00e9 s'infiltre rapidement pour une surface s\u00e8che.<\/li>\n<li>Doux et confortable : Procure une sensation de douceur et de confort sous le pied.<\/li>\n<li>Support en caoutchouc antid\u00e9rapant : Le dos en caoutchouc naturel garantit que le tapis reste en place.<\/li>\n<li>Facile \u00e0 nettoyer : Nettoyage facile \u00e0 l'aide d'un chiffon<\/li>\n<li>L\u00e9ger et facile \u00e0 ranger : Conception fine pour un stockage et une portabilit\u00e9 pratiques, taille 60*90m<\/li>\n<\/ul>\n<p><img fetchpriority=\"high\" decoding=\"async\" class=\"aligncenter wp-image-23969\" src=\"https:\/\/shuji.ca\/wp-content\/uploads\/2024\/06\/dhasjksdh1.png\" alt=\"\" width=\"1014\" height=\"1335\" srcset=\"https:\/\/shuji.ca\/wp-content\/uploads\/2024\/06\/dhasjksdh1.png 708w, https:\/\/shuji.ca\/wp-content\/uploads\/2024\/06\/dhasjksdh1-228x300.png 228w, https:\/\/shuji.ca\/wp-content\/uploads\/2024\/06\/dhasjksdh1-600x790.png 600w\" sizes=\"(max-width: 1014px) 100vw, 1014px\" \/><img decoding=\"async\" class=\"aligncenter\" src=\"https:\/\/cbu01.alicdn.com\/img\/ibank\/O1CN01CaJ9zV1qdkk3qqV6g_!!1996195519-0-cib.jpg\" width=\"1013\" height=\"1013\" \/><img decoding=\"async\" class=\"aligncenter\" src=\"https:\/\/cbu01.alicdn.com\/img\/ibank\/O1CN01c5zzpN1qdkk4VfXQ4_!!1996195519-0-cib.jpg\" width=\"1012\" height=\"1012\" \/> <img loading=\"lazy\" decoding=\"async\" class=\"aligncenter wp-image-23973\" src=\"https:\/\/shuji.ca\/wp-content\/uploads\/2024\/06\/SKDJAKOJ1.png\" alt=\"\" width=\"1042\" height=\"1385\" srcset=\"https:\/\/shuji.ca\/wp-content\/uploads\/2024\/06\/SKDJAKOJ1.png 622w, https:\/\/shuji.ca\/wp-content\/uploads\/2024\/06\/SKDJAKOJ1-226x300.png 226w, https:\/\/shuji.ca\/wp-content\/uploads\/2024\/06\/SKDJAKOJ1-600x798.png 600w\" sizes=\"(max-width: 1042px) 100vw, 1042px\" \/><\/p>","protected":false},"excerpt":{"rendered":"<p>Features: Instant Water Absorption: Features Diatomaceous Earth Material, Quickly absorbs water and dries fast. Quick Water Penetration: Moisture seeps through quickly for a dry surface. Soft and Comfortable: Provides a soft and comfortable feel underfoot. Non-Slip Rubber Backing: Natural rubber backing on the back ensures the mat stays in place. Easy to Clean: Wipe clean [&hellip;]<\/p>","protected":false},"featured_media":23972,"comment_status":"open","ping_status":"closed","template":"","meta":[],"product_brand":[],"product_cat":[1237,1199],"product_tag":[],"class_list":{"0":"post-23975","1":"product","2":"type-product","3":"status-publish","4":"has-post-thumbnail","6":"product_cat-bathroom","7":"product_cat-home-living","8":"product_shipping_class-havestock","9":"product-has-variation-images","11":"first","12":"instock","13":"sale","14":"taxable","15":"shipping-taxable","16":"purchasable","17":"product-type-variable"},"_links":{"self":[{"href":"https:\/\/shuji.ca\/fr\/wp-json\/wp\/v2\/product\/23975","targetHints":{"allow":["GET"]}}],"collection":[{"href":"https:\/\/shuji.ca\/fr\/wp-json\/wp\/v2\/product"}],"about":[{"href":"https:\/\/shuji.ca\/fr\/wp-json\/wp\/v2\/types\/product"}],"replies":[{"embeddable":true,"href":"https:\/\/shuji.ca\/fr\/wp-json\/wp\/v2\/comments?post=23975"}],"wp:featuredmedia":[{"embeddable":true,"href":"https:\/\/shuji.ca\/fr\/wp-json\/wp\/v2\/media\/23972"}],"wp:attachment":[{"href":"https:\/\/shuji.ca\/fr\/wp-json\/wp\/v2\/media?parent=23975"}],"wp:term":[{"taxonomy":"product_brand","embeddable":true,"href":"https:\/\/shuji.ca\/fr\/wp-json\/wp\/v2\/product_brand?post=23975"},{"taxonomy":"product_cat","embeddable":true,"href":"https:\/\/shuji.ca\/fr\/wp-json\/wp\/v2\/product_cat?post=23975"},{"taxonomy":"product_tag","embeddable":true,"href":"https:\/\/shuji.ca\/fr\/wp-json\/wp\/v2\/product_tag?post=23975"}],"curies":[{"name":"wp","href":"https:\/\/api.w.org\/{rel}","templated":true}]}}