{"id":23941,"date":"2024-06-19T10:03:28","date_gmt":"2024-06-19T02:03:28","guid":{"rendered":"https:\/\/shuji.ca\/?post_type=product&#038;p=23941"},"modified":"2024-08-16T06:19:25","modified_gmt":"2024-08-16T10:19:25","slug":"worlds-most-useless-box-real-wood-turns-itself-off-useless-box-leave-me-alone-box-perpetual-machine-for-geek-gift","status":"publish","type":"product","link":"https:\/\/shuji.ca\/fr\/shop\/toys-games\/collectibles\/worlds-most-useless-box-real-wood-turns-itself-off-useless-box-leave-me-alone-box-perpetual-machine-for-geek-gift\/","title":{"rendered":"Bo\u00eete la plus inutile du monde -Bo\u00eete en bois v\u00e9ritable qui s'\u00e9teint d'elle-m\u00eame Bo\u00eete inutile\/Leave Me Alone Box Perpetual Machine for Geek Gift"},"content":{"rendered":"<p>Caract\u00e9ristiques :<\/p>\n<ul class=\"a-unordered-list a-vertical a-spacing-mini\">\n<li class=\"a-spacing-mini\"><span class=\"a-list-item\">Avec cette bo\u00eete inutile, machine perp\u00e9tuelle, chaque fois que vous appuyez sur l'interrupteur, un petit doigt sort et s'\u00e9teint.<\/span><\/li>\n<li class=\"a-spacing-mini\"><span class=\"a-list-item\">Posez-la sur votre table basse ou votre bureau et attendez que la curiosit\u00e9 pousse les victimes, les unes apr\u00e8s les autres, \u00e0 l'allumer - \u00e0 chaque fois, c'est le petit doigt qui \u00e9teint la bo\u00eete.<\/span><\/li>\n<li class=\"a-spacing-mini\"><span class=\"a-list-item\">Un gadget de bureau \u00e0 l'aspect professionnel mais incroyablement dr\u00f4le<\/span><\/li>\n<li class=\"a-spacing-mini\"><span class=\"a-list-item\">Une bo\u00eete totalement inutile qui procure un plaisir sans fin ! Chaque fois que vous appuyez sur l'interrupteur<\/span><\/li>\n<li class=\"a-spacing-mini\"><span class=\"a-list-item\">Mat\u00e9riau : Bois de pin v\u00e9ritable ; Dimensions : Environ 15,24\u00d79,4x7cm\/6X3,70\u00d72,76inch ; Poids : Environ 350g ; N\u00e9cessite 2 piles AA (non incluses)<\/span><\/li>\n<\/ul>\n<p><img fetchpriority=\"high\" decoding=\"async\" class=\"aligncenter wp-image-23944\" src=\"https:\/\/shuji.ca\/wp-content\/uploads\/2024\/06\/USEJSAH1.jpg\" alt=\"\" width=\"1009\" height=\"1009\" srcset=\"https:\/\/shuji.ca\/wp-content\/uploads\/2024\/06\/USEJSAH1.jpg 750w, https:\/\/shuji.ca\/wp-content\/uploads\/2024\/06\/USEJSAH1-300x300.jpg 300w, https:\/\/shuji.ca\/wp-content\/uploads\/2024\/06\/USEJSAH1-150x150.jpg 150w, https:\/\/shuji.ca\/wp-content\/uploads\/2024\/06\/USEJSAH1-600x600.jpg 600w, https:\/\/shuji.ca\/wp-content\/uploads\/2024\/06\/USEJSAH1-100x100.jpg 100w\" sizes=\"(max-width: 1009px) 100vw, 1009px\" \/> <img decoding=\"async\" class=\"aligncenter wp-image-23942\" src=\"https:\/\/shuji.ca\/wp-content\/uploads\/2024\/06\/uhsdak1.jpg\" alt=\"\" width=\"986\" height=\"925\" srcset=\"https:\/\/shuji.ca\/wp-content\/uploads\/2024\/06\/uhsdak1.jpg 679w, https:\/\/shuji.ca\/wp-content\/uploads\/2024\/06\/uhsdak1-300x281.jpg 300w, https:\/\/shuji.ca\/wp-content\/uploads\/2024\/06\/uhsdak1-600x563.jpg 600w\" sizes=\"(max-width: 986px) 100vw, 986px\" \/><\/p>\n<p>&nbsp;<\/p>","protected":false},"excerpt":{"rendered":"<p>Features: With this useless box perpetual machine every time you flip the switch on, a little finger pops out and turns itself off Set it on your coffee table or desk and wait for curiosity to cause victim after victim to turn it on &#8211; each to be met with the little finger turning the [&hellip;]<\/p>","protected":false},"featured_media":23944,"comment_status":"open","ping_status":"closed","template":"","meta":[],"product_brand":[],"product_cat":[1224,1203],"product_tag":[],"class_list":{"0":"post-23941","1":"product","2":"type-product","3":"status-publish","4":"has-post-thumbnail","6":"product_cat-collectibles","7":"product_cat-toys-games","8":"product_shipping_class-preorder","9":"product-has-variation-images","11":"first","12":"onbackorder","13":"taxable","14":"shipping-taxable","15":"purchasable","16":"product-type-variable"},"_links":{"self":[{"href":"https:\/\/shuji.ca\/fr\/wp-json\/wp\/v2\/product\/23941","targetHints":{"allow":["GET"]}}],"collection":[{"href":"https:\/\/shuji.ca\/fr\/wp-json\/wp\/v2\/product"}],"about":[{"href":"https:\/\/shuji.ca\/fr\/wp-json\/wp\/v2\/types\/product"}],"replies":[{"embeddable":true,"href":"https:\/\/shuji.ca\/fr\/wp-json\/wp\/v2\/comments?post=23941"}],"wp:featuredmedia":[{"embeddable":true,"href":"https:\/\/shuji.ca\/fr\/wp-json\/wp\/v2\/media\/23944"}],"wp:attachment":[{"href":"https:\/\/shuji.ca\/fr\/wp-json\/wp\/v2\/media?parent=23941"}],"wp:term":[{"taxonomy":"product_brand","embeddable":true,"href":"https:\/\/shuji.ca\/fr\/wp-json\/wp\/v2\/product_brand?post=23941"},{"taxonomy":"product_cat","embeddable":true,"href":"https:\/\/shuji.ca\/fr\/wp-json\/wp\/v2\/product_cat?post=23941"},{"taxonomy":"product_tag","embeddable":true,"href":"https:\/\/shuji.ca\/fr\/wp-json\/wp\/v2\/product_tag?post=23941"}],"curies":[{"name":"wp","href":"https:\/\/api.w.org\/{rel}","templated":true}]}}