{"id":23929,"date":"2024-06-19T09:31:18","date_gmt":"2024-06-19T01:31:18","guid":{"rendered":"https:\/\/shuji.ca\/?post_type=product&#038;p=23929"},"modified":"2024-08-16T06:22:40","modified_gmt":"2024-08-16T10:22:40","slug":"comfy-hammock-chair-with-heavy-duty-steel-chair-stand-and-back-cushions-macrame-boho-swing-chairs-for-indoor-outdoor-usage-supports-up-to-330lbs-white","status":"publish","type":"product","link":"https:\/\/shuji.ca\/fr\/shop\/home-living\/sofa\/comfy-hammock-chair-with-heavy-duty-steel-chair-stand-and-back-cushions-macrame-boho-swing-chairs-for-indoor-outdoor-usage-supports-up-to-330lbs-white\/","title":{"rendered":"Chaise hamac confortable avec support de chaise en acier robuste et coussins de dossier, chaise balan\u00e7oire Boho Macrame pour l'int\u00e9rieur et l'ext\u00e9rieur, supporte jusqu'\u00e0 330lbs (blanc)"},"content":{"rendered":"<p>Caract\u00e9ristiques :<\/p>\n<ul>\n<li>Robuste et durable : Fabriqu\u00e9 en acier robuste rev\u00eatu de poudre et en cordes de chanvre pour une utilisation durable.<\/li>\n<li>Confortable : Comprend un coussin de si\u00e8ge et un oreiller doux avec des \u00e9ponges PP tr\u00e8s r\u00e9sistantes et une housse en lin durable.<\/li>\n<li>S\u00e9curit\u00e9 : la base peut supporter jusqu'\u00e0 330 livres<\/li>\n<li>Polyvalent : convient \u00e0 une utilisation int\u00e9rieure et ext\u00e9rieure dans les cours, les jardins, les patios, les salons, etc.<\/li>\n<\/ul>\n<p><img fetchpriority=\"high\" decoding=\"async\" class=\"aligncenter wp-image-23934\" src=\"https:\/\/shuji.ca\/wp-content\/uploads\/2024\/06\/13131231.jpg\" alt=\"\" width=\"968\" height=\"968\" srcset=\"https:\/\/shuji.ca\/wp-content\/uploads\/2024\/06\/13131231.jpg 800w, https:\/\/shuji.ca\/wp-content\/uploads\/2024\/06\/13131231-300x300.jpg 300w, https:\/\/shuji.ca\/wp-content\/uploads\/2024\/06\/13131231-150x150.jpg 150w, https:\/\/shuji.ca\/wp-content\/uploads\/2024\/06\/13131231-768x768.jpg 768w, https:\/\/shuji.ca\/wp-content\/uploads\/2024\/06\/13131231-600x600.jpg 600w, https:\/\/shuji.ca\/wp-content\/uploads\/2024\/06\/13131231-100x100.jpg 100w\" sizes=\"(max-width: 968px) 100vw, 968px\" \/><\/p>\n<p>&nbsp;<\/p>","protected":false},"excerpt":{"rendered":"<p>Features: Sturdy &amp; Durable: Made of heavy-duty powder-coated steel and hemp ropes for long-lasting use. Comfortable: Includes soft seat cushion and pillow with high-resilient PP sponges and durable linen cover Safety: base can support up to 330 lbs Versatile: Suitable for indoor and outdoor use in yards, gardens, patios, living rooms, and more. &nbsp;<\/p>","protected":false},"featured_media":23931,"comment_status":"open","ping_status":"closed","template":"","meta":[],"product_brand":[],"product_cat":[1199,1215],"product_tag":[],"class_list":{"0":"post-23929","1":"product","2":"type-product","3":"status-publish","4":"has-post-thumbnail","6":"product_cat-home-living","7":"product_cat-sofa","8":"product_shipping_class-preorder","10":"first","11":"onbackorder","12":"taxable","13":"shipping-taxable","14":"purchasable","15":"product-type-simple"},"_links":{"self":[{"href":"https:\/\/shuji.ca\/fr\/wp-json\/wp\/v2\/product\/23929","targetHints":{"allow":["GET"]}}],"collection":[{"href":"https:\/\/shuji.ca\/fr\/wp-json\/wp\/v2\/product"}],"about":[{"href":"https:\/\/shuji.ca\/fr\/wp-json\/wp\/v2\/types\/product"}],"replies":[{"embeddable":true,"href":"https:\/\/shuji.ca\/fr\/wp-json\/wp\/v2\/comments?post=23929"}],"wp:featuredmedia":[{"embeddable":true,"href":"https:\/\/shuji.ca\/fr\/wp-json\/wp\/v2\/media\/23931"}],"wp:attachment":[{"href":"https:\/\/shuji.ca\/fr\/wp-json\/wp\/v2\/media?parent=23929"}],"wp:term":[{"taxonomy":"product_brand","embeddable":true,"href":"https:\/\/shuji.ca\/fr\/wp-json\/wp\/v2\/product_brand?post=23929"},{"taxonomy":"product_cat","embeddable":true,"href":"https:\/\/shuji.ca\/fr\/wp-json\/wp\/v2\/product_cat?post=23929"},{"taxonomy":"product_tag","embeddable":true,"href":"https:\/\/shuji.ca\/fr\/wp-json\/wp\/v2\/product_tag?post=23929"}],"curies":[{"name":"wp","href":"https:\/\/api.w.org\/{rel}","templated":true}]}}