{"id":23914,"date":"2024-06-19T09:12:08","date_gmt":"2024-06-19T01:12:08","guid":{"rendered":"https:\/\/shuji.ca\/?post_type=product&#038;p=23914"},"modified":"2024-08-16T06:25:33","modified_gmt":"2024-08-16T10:25:33","slug":"hammock-chair-hanging-rope-swing-topind-hanging-chair-with-sturdy-steel-spreader-bar-with-anti-slip-rings-max-500-lbs-two-cushions-included-for-indoor-or-outdoor-spaces","status":"publish","type":"product","link":"https:\/\/shuji.ca\/fr\/shop\/home-living\/sofa\/hammock-chair-hanging-rope-swing-topind-hanging-chair-with-sturdy-steel-spreader-bar-with-anti-slip-rings-max-500-lbs-two-cushions-included-for-indoor-or-outdoor-spaces\/","title":{"rendered":"Hamac Chaise suspendue \u00e0 corde, chaise suspendue Topind avec barre d'\u00e9cartement en bois robuste et anneaux antid\u00e9rapants - Max 500 Lbs - Deux coussins inclus pour l'int\u00e9rieur ou l'ext\u00e9rieur"},"content":{"rendered":"<p>Caract\u00e9ristiques :<\/p>\n<ul>\n<li>Conception antid\u00e9rapante : barre en bois v\u00e9ritable robuste avec caract\u00e9ristiques antid\u00e9rapantes, supporte jusqu'\u00e0 500 livres.<\/li>\n<li>Doux et durable : Fabriqu\u00e9 en polyester\/coton doux, il comprend une poche lat\u00e9rale pour plus de commodit\u00e9.<\/li>\n<li>Installation et rangement faciles : Accrochez-le n'importe o\u00f9 et pliez-le en un format compact pour le ranger.<\/li>\n<li>Utilisation int\u00e9rieure\/ext\u00e9rieure : id\u00e9al pour les chambres \u00e0 coucher, les patios, les cours et les jardins.<\/li>\n<li>\u00c9l\u00e9ments inclus : 1 chaise hamac, 2 coussins de si\u00e8ge, sac de rangement, sangle d'arbre et mousqueton. (le mat\u00e9riel de suspension n'est pas inclus)<\/li>\n<\/ul>\n<p><img fetchpriority=\"high\" decoding=\"async\" class=\"aligncenter wp-image-23922\" src=\"https:\/\/shuji.ca\/wp-content\/uploads\/2024\/06\/2313113-1024x1024.jpg\" alt=\"\" width=\"957\" height=\"957\" srcset=\"https:\/\/shuji.ca\/wp-content\/uploads\/2024\/06\/2313113-1024x1024.jpg 1024w, https:\/\/shuji.ca\/wp-content\/uploads\/2024\/06\/2313113-300x300.jpg 300w, https:\/\/shuji.ca\/wp-content\/uploads\/2024\/06\/2313113-150x150.jpg 150w, https:\/\/shuji.ca\/wp-content\/uploads\/2024\/06\/2313113-768x768.jpg 768w, https:\/\/shuji.ca\/wp-content\/uploads\/2024\/06\/2313113-600x600.jpg 600w, https:\/\/shuji.ca\/wp-content\/uploads\/2024\/06\/2313113-100x100.jpg 100w, https:\/\/shuji.ca\/wp-content\/uploads\/2024\/06\/2313113.jpg 1276w\" sizes=\"(max-width: 957px) 100vw, 957px\" \/> <img decoding=\"async\" class=\"aligncenter wp-image-23918\" src=\"https:\/\/shuji.ca\/wp-content\/uploads\/2024\/06\/796745-JDALSJDASLK-1024x1024.jpg\" alt=\"\" width=\"958\" height=\"958\" srcset=\"https:\/\/shuji.ca\/wp-content\/uploads\/2024\/06\/796745-JDALSJDASLK-1024x1024.jpg 1024w, https:\/\/shuji.ca\/wp-content\/uploads\/2024\/06\/796745-JDALSJDASLK-300x300.jpg 300w, https:\/\/shuji.ca\/wp-content\/uploads\/2024\/06\/796745-JDALSJDASLK-150x150.jpg 150w, https:\/\/shuji.ca\/wp-content\/uploads\/2024\/06\/796745-JDALSJDASLK-768x768.jpg 768w, https:\/\/shuji.ca\/wp-content\/uploads\/2024\/06\/796745-JDALSJDASLK-600x600.jpg 600w, https:\/\/shuji.ca\/wp-content\/uploads\/2024\/06\/796745-JDALSJDASLK-100x100.jpg 100w, https:\/\/shuji.ca\/wp-content\/uploads\/2024\/06\/796745-JDALSJDASLK.jpg 1276w\" sizes=\"(max-width: 958px) 100vw, 958px\" \/><\/p>","protected":false},"excerpt":{"rendered":"<p>Features: Slip-Proof Design: heavy duty real wood bar with anti-slip features, supports up to 500 lbs. Soft and Durable: Made of soft polyester\/cotton, includes a side pocket for convenience. Easy Setup and Storage: Hang anywhere and fold into a compact size for storage. Indoor\/Outdoor Use: Ideal for bedrooms, patios, yards, and gardens. Included Items: 1 [&hellip;]<\/p>","protected":false},"featured_media":23917,"comment_status":"open","ping_status":"closed","template":"","meta":[],"product_brand":[],"product_cat":[1199,1215],"product_tag":[],"class_list":{"0":"post-23914","1":"product","2":"type-product","3":"status-publish","4":"has-post-thumbnail","6":"product_cat-home-living","7":"product_cat-sofa","8":"product_shipping_class-preorder","9":"product-has-variation-images","11":"first","12":"onbackorder","13":"taxable","14":"shipping-taxable","15":"purchasable","16":"product-type-variable"},"_links":{"self":[{"href":"https:\/\/shuji.ca\/fr\/wp-json\/wp\/v2\/product\/23914","targetHints":{"allow":["GET"]}}],"collection":[{"href":"https:\/\/shuji.ca\/fr\/wp-json\/wp\/v2\/product"}],"about":[{"href":"https:\/\/shuji.ca\/fr\/wp-json\/wp\/v2\/types\/product"}],"replies":[{"embeddable":true,"href":"https:\/\/shuji.ca\/fr\/wp-json\/wp\/v2\/comments?post=23914"}],"wp:featuredmedia":[{"embeddable":true,"href":"https:\/\/shuji.ca\/fr\/wp-json\/wp\/v2\/media\/23917"}],"wp:attachment":[{"href":"https:\/\/shuji.ca\/fr\/wp-json\/wp\/v2\/media?parent=23914"}],"wp:term":[{"taxonomy":"product_brand","embeddable":true,"href":"https:\/\/shuji.ca\/fr\/wp-json\/wp\/v2\/product_brand?post=23914"},{"taxonomy":"product_cat","embeddable":true,"href":"https:\/\/shuji.ca\/fr\/wp-json\/wp\/v2\/product_cat?post=23914"},{"taxonomy":"product_tag","embeddable":true,"href":"https:\/\/shuji.ca\/fr\/wp-json\/wp\/v2\/product_tag?post=23914"}],"curies":[{"name":"wp","href":"https:\/\/api.w.org\/{rel}","templated":true}]}}