{"id":23908,"date":"2024-06-19T05:42:17","date_gmt":"2024-06-18T21:42:17","guid":{"rendered":"https:\/\/shuji.ca\/?post_type=product&#038;p=23908"},"modified":"2024-08-28T20:32:34","modified_gmt":"2024-08-29T00:32:34","slug":"premium-gaming-chair-with-foot-rest","status":"publish","type":"product","link":"https:\/\/shuji.ca\/fr\/shop\/home-living\/sofa\/premium-gaming-chair-with-foot-rest\/","title":{"rendered":"Fauteuil de jeu Premium avec repose-pieds et support pour les \u00e9paules et le lombaire, fauteuil d'ordinateur ergonomique avec repose-pieds et appui-t\u00eate, rose"},"content":{"rendered":"<p>Caract\u00e9ristiques :<\/p>\n<ul>\n<li>Dos large : Fournit un soutien et un confort accrus.<\/li>\n<li>Oreiller mobile : Double oreiller r\u00e9glable pour un soutien pr\u00e9cis de la nuque et des lombaires.<\/li>\n<li>Moulage int\u00e9gr\u00e9 : L'accoudoir est con\u00e7u d'une seule pi\u00e8ce pour une plus grande durabilit\u00e9.<\/li>\n<li>Coussin en latex : Rembourrage en latex naturel pour un meilleur confort.<\/li>\n<li>Tissu respirant : Mati\u00e8re hautement \u00e9lastique et respirante pour une assise prolong\u00e9e.<\/li>\n<li>Protection de la s\u00e9curit\u00e9 : \u00c9quip\u00e9 d'un \u00e9l\u00e9vateur \u00e0 gaz s\u00e9curis\u00e9 pour le r\u00e9glage de la hauteur.<\/li>\n<\/ul>\n<p>Caract\u00e9ristiques suppl\u00e9mentaires :<\/p>\n<ul>\n<li>Conception ergonomique : 135\u00b0 d'inclinaison avec 35\u00b0 suppl\u00e9mentaires pour une relaxation optimale.<\/li>\n<li>R\u00e9glage de la hauteur et de la rotation : R\u00e9glage de la hauteur sur 10 cm et pivotement sur 360\u00b0 pour plus de flexibilit\u00e9.<\/li>\n<li>Mat\u00e9riaux de premi\u00e8re qualit\u00e9 : Cuir de haute qualit\u00e9, souple, durable et r\u00e9sistant \u00e0 l'usure.<\/li>\n<li>Coussin \u00e9pais : mousse haute densit\u00e9 de 8 cm pour un confort durable.<\/li>\n<\/ul>\n<p><img fetchpriority=\"high\" decoding=\"async\" class=\"aligncenter wp-image-23910\" src=\"https:\/\/shuji.ca\/wp-content\/uploads\/2024\/06\/sdjklajJISJ.png\" alt=\"\" width=\"1044\" height=\"1150\" srcset=\"https:\/\/shuji.ca\/wp-content\/uploads\/2024\/06\/sdjklajJISJ.png 751w, https:\/\/shuji.ca\/wp-content\/uploads\/2024\/06\/sdjklajJISJ-272x300.png 272w, https:\/\/shuji.ca\/wp-content\/uploads\/2024\/06\/sdjklajJISJ-600x661.png 600w\" sizes=\"(max-width: 1044px) 100vw, 1044px\" \/> <img decoding=\"async\" class=\"aligncenter wp-image-23909\" src=\"https:\/\/shuji.ca\/wp-content\/uploads\/2024\/06\/HSHDJA.png\" alt=\"\" width=\"1044\" height=\"1310\" srcset=\"https:\/\/shuji.ca\/wp-content\/uploads\/2024\/06\/HSHDJA.png 612w, https:\/\/shuji.ca\/wp-content\/uploads\/2024\/06\/HSHDJA-239x300.png 239w, https:\/\/shuji.ca\/wp-content\/uploads\/2024\/06\/HSHDJA-600x753.png 600w\" sizes=\"(max-width: 1044px) 100vw, 1044px\" \/><\/p>","protected":false},"excerpt":{"rendered":"<p>Features: Wide Back: Provides enhanced support and comfort. Moving Pillow: Adjustable double pillows for precise neck and lumbar support. Integrated Molding: One-piece armrest design for durability. Latex Cushion: Natural latex filling for better comfort. Breathable Fabric: High-elastic, breathable material for prolonged sitting. Safety Protection: Equipped with a secure gas lift for height adjustment. Additional Features: [&hellip;]<\/p>","protected":false},"featured_media":23910,"comment_status":"open","ping_status":"closed","template":"","meta":[],"product_brand":[],"product_cat":[1199,1215],"product_tag":[],"class_list":{"0":"post-23908","1":"product","2":"type-product","3":"status-publish","4":"has-post-thumbnail","6":"product_cat-home-living","7":"product_cat-sofa","8":"product_shipping_class-havestockoversize","10":"first","11":"instock","12":"taxable","13":"shipping-taxable","14":"purchasable","15":"product-type-simple"},"_links":{"self":[{"href":"https:\/\/shuji.ca\/fr\/wp-json\/wp\/v2\/product\/23908","targetHints":{"allow":["GET"]}}],"collection":[{"href":"https:\/\/shuji.ca\/fr\/wp-json\/wp\/v2\/product"}],"about":[{"href":"https:\/\/shuji.ca\/fr\/wp-json\/wp\/v2\/types\/product"}],"replies":[{"embeddable":true,"href":"https:\/\/shuji.ca\/fr\/wp-json\/wp\/v2\/comments?post=23908"}],"wp:featuredmedia":[{"embeddable":true,"href":"https:\/\/shuji.ca\/fr\/wp-json\/wp\/v2\/media\/23910"}],"wp:attachment":[{"href":"https:\/\/shuji.ca\/fr\/wp-json\/wp\/v2\/media?parent=23908"}],"wp:term":[{"taxonomy":"product_brand","embeddable":true,"href":"https:\/\/shuji.ca\/fr\/wp-json\/wp\/v2\/product_brand?post=23908"},{"taxonomy":"product_cat","embeddable":true,"href":"https:\/\/shuji.ca\/fr\/wp-json\/wp\/v2\/product_cat?post=23908"},{"taxonomy":"product_tag","embeddable":true,"href":"https:\/\/shuji.ca\/fr\/wp-json\/wp\/v2\/product_tag?post=23908"}],"curies":[{"name":"wp","href":"https:\/\/api.w.org\/{rel}","templated":true}]}}