{"id":23856,"date":"2024-06-19T02:24:38","date_gmt":"2024-06-18T18:24:38","guid":{"rendered":"https:\/\/shuji.ca\/?post_type=product&#038;p=23856"},"modified":"2024-08-16T06:36:55","modified_gmt":"2024-08-16T10:36:55","slug":"coffee-table-nesting-white-set-of-2-side-set-golden-frame-circular-round-and-marble-pattern-wooden-tables-living-room-bedroom-apartment-modern-industrial-simple-nightstand","status":"publish","type":"product","link":"https:\/\/shuji.ca\/fr\/shop\/home-living\/coffee-side-tables\/coffee-table-nesting-white-set-of-2-side-set-golden-frame-circular-round-and-marble-pattern-wooden-tables-living-room-bedroom-apartment-modern-industrial-simple-nightstand\/","title":{"rendered":"Table basse gigogne blanche Ensemble de 2 tables d'appoint en bois \u00e0 cadre dor\u00e9 Tables rondes et marbr\u00e9es, salon chambre appartement moderne industriel simple table de chevet"},"content":{"rendered":"<p>Caract\u00e9ristiques :<\/p>\n<ul class=\"a-unordered-list a-vertical a-spacing-mini\">\n<li class=\"a-spacing-mini\"><span class=\"a-list-item\">Les tables basses rondes blanches gigognes comprennent une grande table (\u03a6 23.6 \u00d7 17.7 pouces) et une petite table (\u03a6 15.7 \u00d7 15.7 pouces). Une petite table peut \u00eatre plac\u00e9e sous la plus grande pour gagner de la place. Vous pouvez les combiner \u00e0 votre guise.<\/span><\/li>\n<li class=\"a-spacing-mini\"><span class=\"a-list-item\">\u00a0Fabriqu\u00e9 \u00e0 partir de panneaux de particules plus denses et uniformes, le bureau \u00e0 motif de marbre blanc a une apparence moderne et \u00e9l\u00e9gante. L'\u00e9paisseur est de 0,59\u2033, et la surface de la table basse est r\u00e9sistante aux rayures et \u00e0 l'eau, ce qui est tr\u00e8s solide et durable.<\/span><\/li>\n<li class=\"a-spacing-mini\"><span class=\"a-list-item\">Con\u00e7u dans un style moderne, l'ensemble de tables basses gigognes est \u00e9l\u00e9gant et minimaliste, apportant du charme \u00e0 votre salon et donnant \u00e0 vos visiteurs une bonne impression de votre maison.<\/span><\/li>\n<li class=\"a-spacing-mini\"><span class=\"a-list-item\">\u00a0Le style de conception du plateau de table rond et du pied en acier semi-circulaire est unique et ing\u00e9nieux. Plus stable et plus durable que d'autres mat\u00e9riaux, le pied semi-circulaire en acier pr\u00e9sente non seulement des lignes plus douces et plus belles, mais il est \u00e9galement plus s\u00fbr que les autres pieds carr\u00e9s, ce qui permet d'\u00e9viter les blessures.<\/span><\/li>\n<li class=\"a-spacing-mini\"><span class=\"a-list-item\">Vous pouvez l'installer facilement en quelques minutes. Les instructions d'installation et les accessoires sont inclus dans l'emballage.<\/span><\/li>\n<\/ul>\n<p><img fetchpriority=\"high\" decoding=\"async\" class=\"aligncenter\" src=\"https:\/\/cbu01.alicdn.com\/img\/ibank\/O1CN016ZI14j2FXDZtmRJUG_!!2210951088889-0-cib.jpg\" width=\"1154\" height=\"1154\" \/><img decoding=\"async\" class=\"aligncenter\" src=\"https:\/\/cbu01.alicdn.com\/img\/ibank\/21930737808_1159090562.jpg\" width=\"1152\" height=\"1152\" \/><img decoding=\"async\" class=\"aligncenter\" src=\"https:\/\/cbu01.alicdn.com\/img\/ibank\/O1CN01Qe8MnX2CSgiBy4zTh_!!2212833288473-0-cib.jpg\" width=\"1153\" height=\"1153\" \/><\/p>","protected":false},"excerpt":{"rendered":"<p>Features: Nesting white round coffee table include a large table (\u03a6 23.6 \u00d7 17.7 inch) and a small table (\u03a6 15.7 \u00d7 15.7 inch). A small table can be placed under the bigger one to save spaces . You can combine them as you like. \u00a0Made of denser and uniform particle board, the white marble [&hellip;]<\/p>","protected":false},"featured_media":26766,"comment_status":"open","ping_status":"closed","template":"","meta":[],"product_brand":[],"product_cat":[1221,1199],"product_tag":[],"class_list":{"0":"post-23856","1":"product","2":"type-product","3":"status-publish","4":"has-post-thumbnail","6":"product_cat-coffee-side-tables","7":"product_cat-home-living","8":"product_shipping_class-preorderoversize","9":"product-has-variation-images","11":"first","12":"onbackorder","13":"taxable","14":"shipping-taxable","15":"purchasable","16":"product-type-variable"},"_links":{"self":[{"href":"https:\/\/shuji.ca\/fr\/wp-json\/wp\/v2\/product\/23856","targetHints":{"allow":["GET"]}}],"collection":[{"href":"https:\/\/shuji.ca\/fr\/wp-json\/wp\/v2\/product"}],"about":[{"href":"https:\/\/shuji.ca\/fr\/wp-json\/wp\/v2\/types\/product"}],"replies":[{"embeddable":true,"href":"https:\/\/shuji.ca\/fr\/wp-json\/wp\/v2\/comments?post=23856"}],"wp:featuredmedia":[{"embeddable":true,"href":"https:\/\/shuji.ca\/fr\/wp-json\/wp\/v2\/media\/26766"}],"wp:attachment":[{"href":"https:\/\/shuji.ca\/fr\/wp-json\/wp\/v2\/media?parent=23856"}],"wp:term":[{"taxonomy":"product_brand","embeddable":true,"href":"https:\/\/shuji.ca\/fr\/wp-json\/wp\/v2\/product_brand?post=23856"},{"taxonomy":"product_cat","embeddable":true,"href":"https:\/\/shuji.ca\/fr\/wp-json\/wp\/v2\/product_cat?post=23856"},{"taxonomy":"product_tag","embeddable":true,"href":"https:\/\/shuji.ca\/fr\/wp-json\/wp\/v2\/product_tag?post=23856"}],"curies":[{"name":"wp","href":"https:\/\/api.w.org\/{rel}","templated":true}]}}