{"id":23798,"date":"2024-06-18T19:09:20","date_gmt":"2024-06-18T11:09:20","guid":{"rendered":"https:\/\/shuji.ca\/?post_type=product&#038;p=23798"},"modified":"2024-10-17T02:37:07","modified_gmt":"2024-10-17T06:37:07","slug":"humidifiers-for-bedroom-large-room-2-5l-cool-mist-humidifier-with-essential-oil-diffuser-top-fill-humidifier-for-baby-home-plant-ultrasonic-humidification-for-whole-house-auto-shut-off-white","status":"publish","type":"product","link":"https:\/\/shuji.ca\/fr\/shop\/home-living\/housekeeping\/humidifiers-for-bedroom-large-room-2-5l-cool-mist-humidifier-with-essential-oil-diffuser-top-fill-humidifier-for-baby-home-plant-ultrasonic-humidification-for-whole-house-auto-shut-off-white\/","title":{"rendered":"Humidificateur pour chambre \u00e0 coucher, 2.5L Cool Mist Humidifier avec Diffuseur d'huiles essentielles, Humidificateur pour b\u00e9b\u00e9, maison, plantes, Humidification ultrasonique pour toute la maison, Arr\u00eat automatique, (Blanc)"},"content":{"rendered":"<p><strong style=\"font-family: var(--mt-font__main); font-size: 1rem;\">Caract\u00e9ristiques :<\/strong><\/p>\n<ul>\n<li><strong>Longue dur\u00e9e de vie et s\u00e9curit\u00e9 :<\/strong> Le r\u00e9servoir d'eau de 2,5 litres assure jusqu'\u00e0 28 heures de brumisation. L'arr\u00eat automatique garantit la s\u00e9curit\u00e9 lorsque l'eau est \u00e9puis\u00e9e.<\/li>\n<li><strong>Fonction 2 en 1 :<\/strong> Humidificateur avec diffuseur d'huiles essentielles. Ajoutez des huiles dans le r\u00e9servoir pour un spa parfum\u00e9 \u00e0 domicile.<\/li>\n<li><strong>Sortie de brume r\u00e9glable :<\/strong> Bouton de r\u00e9glage de l'humidit\u00e9 pour garder la peau hydrat\u00e9e et les plantes en bonne sant\u00e9.<\/li>\n<li><strong>Fonctionnement silencieux :<\/strong> Niveau sonore de 23 dB pour un sommeil paisible. Veilleuse color\u00e9e avec plusieurs couleurs pour une atmosph\u00e8re relaxante.<\/li>\n<li><strong>Remplissage par le haut :<\/strong> Remplissage et nettoyage faciles gr\u00e2ce \u00e0 une large ouverture de 6,8 pouces.<\/li>\n<\/ul>\n<p><img fetchpriority=\"high\" decoding=\"async\" class=\"aligncenter wp-image-26787\" src=\"https:\/\/shuji.ca\/wp-content\/uploads\/2024\/06\/SDASKDJAKLSJ1.png\" alt=\"\" width=\"1013\" height=\"1117\" srcset=\"https:\/\/shuji.ca\/wp-content\/uploads\/2024\/06\/SDASKDJAKLSJ1.png 971w, https:\/\/shuji.ca\/wp-content\/uploads\/2024\/06\/SDASKDJAKLSJ1-272x300.png 272w, https:\/\/shuji.ca\/wp-content\/uploads\/2024\/06\/SDASKDJAKLSJ1-928x1024.png 928w, https:\/\/shuji.ca\/wp-content\/uploads\/2024\/06\/SDASKDJAKLSJ1-768x847.png 768w, https:\/\/shuji.ca\/wp-content\/uploads\/2024\/06\/SDASKDJAKLSJ1-600x662.png 600w\" sizes=\"(max-width: 1013px) 100vw, 1013px\" \/><\/p>","protected":false},"excerpt":{"rendered":"<p>Features: Long-Lasting &amp; Safe: 2.5L water tank provides up to 28 hours of mist. Auto shut-off ensures safety when water runs out. 2-in-1 Function: Humidifier with essential oil diffuser. Add oils to the tank for a fragrant home spa. Adjustable Mist Output: Dial knob for easy humidity adjustment to keep skin moisturized and plants healthy. [&hellip;]<\/p>","protected":false},"featured_media":26781,"comment_status":"open","ping_status":"closed","template":"","meta":[],"product_brand":[],"product_cat":[1199,1232],"product_tag":[],"class_list":{"0":"post-23798","1":"product","2":"type-product","3":"status-publish","4":"has-post-thumbnail","6":"product_cat-home-living","7":"product_cat-housekeeping","8":"product_shipping_class-havestock","9":"product-has-variation-images","11":"first","12":"instock","13":"taxable","14":"shipping-taxable","15":"purchasable","16":"product-type-variable"},"_links":{"self":[{"href":"https:\/\/shuji.ca\/fr\/wp-json\/wp\/v2\/product\/23798","targetHints":{"allow":["GET"]}}],"collection":[{"href":"https:\/\/shuji.ca\/fr\/wp-json\/wp\/v2\/product"}],"about":[{"href":"https:\/\/shuji.ca\/fr\/wp-json\/wp\/v2\/types\/product"}],"replies":[{"embeddable":true,"href":"https:\/\/shuji.ca\/fr\/wp-json\/wp\/v2\/comments?post=23798"}],"wp:featuredmedia":[{"embeddable":true,"href":"https:\/\/shuji.ca\/fr\/wp-json\/wp\/v2\/media\/26781"}],"wp:attachment":[{"href":"https:\/\/shuji.ca\/fr\/wp-json\/wp\/v2\/media?parent=23798"}],"wp:term":[{"taxonomy":"product_brand","embeddable":true,"href":"https:\/\/shuji.ca\/fr\/wp-json\/wp\/v2\/product_brand?post=23798"},{"taxonomy":"product_cat","embeddable":true,"href":"https:\/\/shuji.ca\/fr\/wp-json\/wp\/v2\/product_cat?post=23798"},{"taxonomy":"product_tag","embeddable":true,"href":"https:\/\/shuji.ca\/fr\/wp-json\/wp\/v2\/product_tag?post=23798"}],"curies":[{"name":"wp","href":"https:\/\/api.w.org\/{rel}","templated":true}]}}