{"id":23767,"date":"2024-06-18T18:41:38","date_gmt":"2024-06-18T10:41:38","guid":{"rendered":"https:\/\/shuji.ca\/?post_type=product&#038;p=23767"},"modified":"2024-08-18T03:04:58","modified_gmt":"2024-08-18T07:04:58","slug":"foot-soaking-tub-collapsible-plastic-folding-travel-foot-wash-basin-bucket-portable-bath-tub","status":"publish","type":"product","link":"https:\/\/shuji.ca\/fr\/shop\/beauty-personal-care\/massagers\/foot-soaking-tub-collapsible-plastic-folding-travel-foot-wash-basin-bucket-portable-bath-tub\/","title":{"rendered":"Bain de pieds pliable avec poign\u00e9e pour p\u00e9diluve, bain de pieds pliable en plastique pour p\u00e9dicure, seau gonflable pour le lavage des pieds"},"content":{"rendered":"<p>Caract\u00e9ristiques :<\/p>\n<ul>\n<li>\u00a0Rabattable : Ce n'est pas comme le bassin de bain de pieds traditionnel qui est grand et lourd. L\u00e9ger et compact lorsqu'il est pli\u00e9. Il se plie en format portable et s'ouvre en seau. La taille pliable est d'environ 17X13.2X2.8 pouces, le poids est d'environ 1.4 lbs. Facile \u00e0 emballer, \u00e0 ranger ou \u00e0 s\u00e9cher apr\u00e8s avoir tremp\u00e9 vos pieds.<\/li>\n<li>\u00a0Rangement facile : La capacit\u00e9 peut atteindre 15 litres lorsqu'il est plein. La longueur du fond int\u00e9rieur est d'environ 10,5 pouces, ce qui correspond \u00e0 environ 9,5 pieds de longueur. Il suffit de tirer vers le haut pour d\u00e9ployer compl\u00e8tement les c\u00f4t\u00e9s et de pousser vers le bas pour le replier \u00e0 plat. Vous pouvez le plier et le ranger sous le lit, le bureau ou le canap\u00e9. Si vous cherchez une baignoire \u00e0 pieds pliable, durable et fiable, celle-ci est faite pour vous.<\/li>\n<li>\u00a0Conception confortable : Les 120 n\u0153uds de pression situ\u00e9s sous la plante des pieds stimulent les points de pression r\u00e9flexologiques vitaux. Il peut frotter vos pieds et \u00e9liminer les callosit\u00e9s. En versant de l'eau chaude dans le bassin, il am\u00e9liore la circulation des pieds, soulage la douleur, apporte de la d\u00e9tente et favorise une meilleure sant\u00e9 et un plus grand bien-\u00eatre.<\/li>\n<li>Pas seulement pour le spa des pieds : assez grand pour tremper vos pieds, laver les voitures ou nettoyer la maison, les courses et m\u00eame la lessive. La poign\u00e9e robuste permet de transporter facilement l'eau \u00e0 l'int\u00e9rieur ou \u00e0 l'ext\u00e9rieur. C'est une bonne id\u00e9e de l'utiliser comme seau d'eau, seau de p\u00eache, r\u00e9cipient d'eau pour le camping ou le pique-nique, la plage ou la randonn\u00e9e, etc.<\/li>\n<\/ul>\n<p><img fetchpriority=\"high\" decoding=\"async\" class=\"aligncenter wp-image-26929\" src=\"https:\/\/shuji.ca\/wp-content\/uploads\/2024\/06\/AKLSDKSAJD.jpg\" alt=\"\" width=\"1113\" height=\"1721\" srcset=\"https:\/\/shuji.ca\/wp-content\/uploads\/2024\/06\/AKLSDKSAJD.jpg 789w, https:\/\/shuji.ca\/wp-content\/uploads\/2024\/06\/AKLSDKSAJD-194x300.jpg 194w, https:\/\/shuji.ca\/wp-content\/uploads\/2024\/06\/AKLSDKSAJD-662x1024.jpg 662w, https:\/\/shuji.ca\/wp-content\/uploads\/2024\/06\/AKLSDKSAJD-768x1188.jpg 768w, https:\/\/shuji.ca\/wp-content\/uploads\/2024\/06\/AKLSDKSAJD-600x928.jpg 600w\" sizes=\"(max-width: 1113px) 100vw, 1113px\" \/><img decoding=\"async\" class=\"aligncenter wp-image-26931\" src=\"https:\/\/shuji.ca\/wp-content\/uploads\/2024\/06\/AJLSLKADJLAJ1-1.jpg\" alt=\"\" width=\"1113\" height=\"1548\" srcset=\"https:\/\/shuji.ca\/wp-content\/uploads\/2024\/06\/AJLSLKADJLAJ1-1.jpg 709w, https:\/\/shuji.ca\/wp-content\/uploads\/2024\/06\/AJLSLKADJLAJ1-1-216x300.jpg 216w, https:\/\/shuji.ca\/wp-content\/uploads\/2024\/06\/AJLSLKADJLAJ1-1-600x834.jpg 600w\" sizes=\"(max-width: 1113px) 100vw, 1113px\" \/><img decoding=\"async\" class=\"aligncenter wp-image-26930\" src=\"https:\/\/shuji.ca\/wp-content\/uploads\/2024\/06\/ASHDKJHAS11231.png\" alt=\"\" width=\"1113\" height=\"1371\" srcset=\"https:\/\/shuji.ca\/wp-content\/uploads\/2024\/06\/ASHDKJHAS11231.png 936w, https:\/\/shuji.ca\/wp-content\/uploads\/2024\/06\/ASHDKJHAS11231-244x300.png 244w, https:\/\/shuji.ca\/wp-content\/uploads\/2024\/06\/ASHDKJHAS11231-831x1024.png 831w, https:\/\/shuji.ca\/wp-content\/uploads\/2024\/06\/ASHDKJHAS11231-768x946.png 768w, https:\/\/shuji.ca\/wp-content\/uploads\/2024\/06\/ASHDKJHAS11231-600x739.png 600w\" sizes=\"(max-width: 1113px) 100vw, 1113px\" \/><\/p>","protected":false},"excerpt":{"rendered":"<p>Features: \u00a0Collapsable: Not like traditional foot bath basin as big and heavy. Light weight and compact size when folding. It folds up into portable size and opens up into a bucket. Foldable size is about 17X13.2X2.8 inches, weight is about 1.4 lbs. Easy to pack, store or dry after soaking your feet. \u00a0Easy Storage: The [&hellip;]<\/p>","protected":false},"featured_media":23763,"comment_status":"open","ping_status":"closed","template":"","meta":[],"product_brand":[],"product_cat":[1202,1233],"product_tag":[],"class_list":{"0":"post-23767","1":"product","2":"type-product","3":"status-publish","4":"has-post-thumbnail","6":"product_cat-beauty-personal-care","7":"product_cat-massagers","8":"product_shipping_class-havestock","9":"product-has-variation-images","11":"first","12":"instock","13":"taxable","14":"shipping-taxable","15":"purchasable","16":"product-type-variable"},"_links":{"self":[{"href":"https:\/\/shuji.ca\/fr\/wp-json\/wp\/v2\/product\/23767","targetHints":{"allow":["GET"]}}],"collection":[{"href":"https:\/\/shuji.ca\/fr\/wp-json\/wp\/v2\/product"}],"about":[{"href":"https:\/\/shuji.ca\/fr\/wp-json\/wp\/v2\/types\/product"}],"replies":[{"embeddable":true,"href":"https:\/\/shuji.ca\/fr\/wp-json\/wp\/v2\/comments?post=23767"}],"wp:featuredmedia":[{"embeddable":true,"href":"https:\/\/shuji.ca\/fr\/wp-json\/wp\/v2\/media\/23763"}],"wp:attachment":[{"href":"https:\/\/shuji.ca\/fr\/wp-json\/wp\/v2\/media?parent=23767"}],"wp:term":[{"taxonomy":"product_brand","embeddable":true,"href":"https:\/\/shuji.ca\/fr\/wp-json\/wp\/v2\/product_brand?post=23767"},{"taxonomy":"product_cat","embeddable":true,"href":"https:\/\/shuji.ca\/fr\/wp-json\/wp\/v2\/product_cat?post=23767"},{"taxonomy":"product_tag","embeddable":true,"href":"https:\/\/shuji.ca\/fr\/wp-json\/wp\/v2\/product_tag?post=23767"}],"curies":[{"name":"wp","href":"https:\/\/api.w.org\/{rel}","templated":true}]}}