{"id":23701,"date":"2024-06-19T04:44:04","date_gmt":"2024-06-18T20:44:04","guid":{"rendered":"https:\/\/shuji.ca\/?post_type=product&#038;p=23701"},"modified":"2024-08-16T06:33:43","modified_gmt":"2024-08-16T10:33:43","slug":"led-desk-lamp-with-clamp-architect-desk-lamp-with-dual-light-and-adjustable-swing-arm-clip-on-eye-care-4-cct-modes-5-brightness-levels","status":"publish","type":"product","link":"https:\/\/shuji.ca\/fr\/shop\/home-living\/lighting\/led-desk-lamp-with-clamp-architect-desk-lamp-with-dual-light-and-adjustable-swing-arm-clip-on-eye-care-4-cct-modes-5-brightness-levels\/","title":{"rendered":"Lampe de bureau LED avec pince, lampe de bureau d'architecte avec double lumi\u00e8re et bras pivotant ajustable, clip-on Eye-Care 4 modes CCT et 5 niveaux de luminosit\u00e9"},"content":{"rendered":"<p>Caract\u00e9ristiques :<\/p>\n<ul>\n<li>Double source lumineuse, IRC=95 : \u00e9clairage uniforme avec une lumi\u00e8re naturelle et douce ; pas de scintillement ni d'\u00e9blouissement, et moins de lumi\u00e8re bleue.<\/li>\n<li>7 pi\u00e8ces rotatives : Angles et positions r\u00e9glables pour diverses configurations telles que bureaux, \u00e9tag\u00e8res et lits.<\/li>\n<li>Pince m\u00e9tallique large et corps en aluminium : la pince solide supporte des surfaces jusqu'\u00e0 2,5\u2033 d'\u00e9paisseur ; aluminium de haute qualit\u00e9 pour une meilleure dissipation de la chaleur.<\/li>\n<li>Convivialit\u00e9 : 5 niveaux de luminosit\u00e9 et 4 temp\u00e9ratures de couleur pour \u00e9viter la fatigue oculaire, adapt\u00e9 aux \u00e9tudes, \u00e0 la lecture et au travail.<\/li>\n<li>Minuterie et fonction m\u00e9moire : Minuterie d'arr\u00eat automatique (30 minutes) et fonction m\u00e9moire pour conserver les derniers r\u00e9glages.<\/li>\n<\/ul>\n<p><img fetchpriority=\"high\" decoding=\"async\" class=\"aligncenter wp-image-23876\" src=\"https:\/\/shuji.ca\/wp-content\/uploads\/2024\/06\/KLJKLSAAJELK1-1024x983.jpg\" alt=\"\" width=\"1115\" height=\"1070\" srcset=\"https:\/\/shuji.ca\/wp-content\/uploads\/2024\/06\/KLJKLSAAJELK1-1024x983.jpg 1024w, https:\/\/shuji.ca\/wp-content\/uploads\/2024\/06\/KLJKLSAAJELK1-300x288.jpg 300w, https:\/\/shuji.ca\/wp-content\/uploads\/2024\/06\/KLJKLSAAJELK1-768x737.jpg 768w, https:\/\/shuji.ca\/wp-content\/uploads\/2024\/06\/KLJKLSAAJELK1-600x576.jpg 600w, https:\/\/shuji.ca\/wp-content\/uploads\/2024\/06\/KLJKLSAAJELK1.jpg 1500w\" sizes=\"(max-width: 1115px) 100vw, 1115px\" \/> <img decoding=\"async\" class=\"aligncenter wp-image-23877\" src=\"https:\/\/shuji.ca\/wp-content\/uploads\/2024\/06\/ksjdklaj1-1024x1024.jpg\" alt=\"\" width=\"1117\" height=\"1117\" srcset=\"https:\/\/shuji.ca\/wp-content\/uploads\/2024\/06\/ksjdklaj1-1024x1024.jpg 1024w, https:\/\/shuji.ca\/wp-content\/uploads\/2024\/06\/ksjdklaj1-300x300.jpg 300w, https:\/\/shuji.ca\/wp-content\/uploads\/2024\/06\/ksjdklaj1-150x150.jpg 150w, https:\/\/shuji.ca\/wp-content\/uploads\/2024\/06\/ksjdklaj1-768x768.jpg 768w, https:\/\/shuji.ca\/wp-content\/uploads\/2024\/06\/ksjdklaj1-600x600.jpg 600w, https:\/\/shuji.ca\/wp-content\/uploads\/2024\/06\/ksjdklaj1-100x100.jpg 100w, https:\/\/shuji.ca\/wp-content\/uploads\/2024\/06\/ksjdklaj1.jpg 1500w\" sizes=\"(max-width: 1117px) 100vw, 1117px\" \/><\/p>","protected":false},"excerpt":{"rendered":"<p>Features: Dual Light Source, CRI=95: Even illumination with natural, soft light; no flicker or glare, and less blue light. 7 Rotating Parts: Adjustable angles and positions for various setups like desks, bookshelves, and beds. Wide Metal Clamp &amp; Aluminum Body: Strong clamp supports up to 2.5&#8243; thick surfaces; high-quality aluminum for better heat dissipation. Eye-Friendly: [&hellip;]<\/p>","protected":false},"featured_media":23880,"comment_status":"open","ping_status":"closed","template":"","meta":[],"product_brand":[],"product_cat":[1199,1227],"product_tag":[],"class_list":{"0":"post-23701","1":"product","2":"type-product","3":"status-publish","4":"has-post-thumbnail","6":"product_cat-home-living","7":"product_cat-lighting","8":"product_shipping_class-preorder","10":"first","11":"onbackorder","12":"taxable","13":"shipping-taxable","14":"purchasable","15":"product-type-simple"},"_links":{"self":[{"href":"https:\/\/shuji.ca\/fr\/wp-json\/wp\/v2\/product\/23701","targetHints":{"allow":["GET"]}}],"collection":[{"href":"https:\/\/shuji.ca\/fr\/wp-json\/wp\/v2\/product"}],"about":[{"href":"https:\/\/shuji.ca\/fr\/wp-json\/wp\/v2\/types\/product"}],"replies":[{"embeddable":true,"href":"https:\/\/shuji.ca\/fr\/wp-json\/wp\/v2\/comments?post=23701"}],"wp:featuredmedia":[{"embeddable":true,"href":"https:\/\/shuji.ca\/fr\/wp-json\/wp\/v2\/media\/23880"}],"wp:attachment":[{"href":"https:\/\/shuji.ca\/fr\/wp-json\/wp\/v2\/media?parent=23701"}],"wp:term":[{"taxonomy":"product_brand","embeddable":true,"href":"https:\/\/shuji.ca\/fr\/wp-json\/wp\/v2\/product_brand?post=23701"},{"taxonomy":"product_cat","embeddable":true,"href":"https:\/\/shuji.ca\/fr\/wp-json\/wp\/v2\/product_cat?post=23701"},{"taxonomy":"product_tag","embeddable":true,"href":"https:\/\/shuji.ca\/fr\/wp-json\/wp\/v2\/product_tag?post=23701"}],"curies":[{"name":"wp","href":"https:\/\/api.w.org\/{rel}","templated":true}]}}