{"id":23689,"date":"2024-06-18T15:08:42","date_gmt":"2024-06-18T07:08:42","guid":{"rendered":"https:\/\/shuji.ca\/?post_type=product&#038;p=23689"},"modified":"2024-08-18T09:31:09","modified_gmt":"2024-08-18T13:31:09","slug":"led-desk-lamp-for-office-home-eye-caring-architect-lamp-with-clamp-dual-screen-computer-monitor-gooseneck-smart-light-24w-5-color-flexible-adjustable-lighting","status":"publish","type":"product","link":"https:\/\/shuji.ca\/fr\/shop\/home-living\/lighting\/led-desk-lamp-for-office-home-eye-caring-architect-lamp-with-clamp-dual-screen-computer-monitor-gooseneck-smart-light-24w-5-color-flexible-adjustable-lighting\/","title":{"rendered":"Lampe de bureau \u00e0 Led pour le bureau et la maison - Lampe d'architecte avec pince, col de cygne pour moniteur d'ordinateur \u00e0 double \u00e9cran Lumi\u00e8re intelligente : 24W 5 couleurs d'\u00e9clairage flexible et ajustable"},"content":{"rendered":"<p>Caract\u00e9ristiques :<\/p>\n<ul>\n<li>T\u00e9l\u00e9commande et multifonction : La t\u00e9l\u00e9commande sans fil facilite la s\u00e9lection des modes, la fonction m\u00e9moire conserve les r\u00e9glages et la minuterie \u00e9teint la lampe au bout d'une heure.<\/li>\n<li>Ultra large et facile \u00e0 installer : Les deux t\u00eates s'\u00e9tendent jusqu'\u00e0 31,5 pouces, couvrant ainsi les bureaux de 71 pouces. Installation simple gr\u00e2ce \u00e0 une pince r\u00e9glable.<\/li>\n<li>\u00c9clairage r\u00e9glable : 5 temp\u00e9ratures de couleur et 5 niveaux de luminosit\u00e9, avec des modes nuit et lecture. Col de cygne \u00e0 360\u00b0 et bras r\u00e9glables.<\/li>\n<li>Protection des yeux : Pas d'\u00e9blouissement, de scintillement ou de lumi\u00e8re bleue. Id\u00e9al pour les grands espaces de travail, la lecture, l'\u00e9tude et le bricolage.<\/li>\n<li>Durable et \u00e9conome en \u00e9nergie : Bonne dissipation de la chaleur, longue dur\u00e9e de vie et \u00e9conomie d'\u00e9nergie.<\/li>\n<\/ul>\n<p><img fetchpriority=\"high\" decoding=\"async\" class=\"aligncenter wp-image-23692\" src=\"https:\/\/shuji.ca\/wp-content\/uploads\/2024\/06\/3131ssss.jpg\" alt=\"\" width=\"993\" height=\"993\" srcset=\"https:\/\/shuji.ca\/wp-content\/uploads\/2024\/06\/3131ssss.jpg 800w, https:\/\/shuji.ca\/wp-content\/uploads\/2024\/06\/3131ssss-300x300.jpg 300w, https:\/\/shuji.ca\/wp-content\/uploads\/2024\/06\/3131ssss-150x150.jpg 150w, https:\/\/shuji.ca\/wp-content\/uploads\/2024\/06\/3131ssss-768x768.jpg 768w, https:\/\/shuji.ca\/wp-content\/uploads\/2024\/06\/3131ssss-600x600.jpg 600w, https:\/\/shuji.ca\/wp-content\/uploads\/2024\/06\/3131ssss-100x100.jpg 100w\" sizes=\"(max-width: 993px) 100vw, 993px\" \/> <img decoding=\"async\" class=\"aligncenter wp-image-23690\" src=\"https:\/\/shuji.ca\/wp-content\/uploads\/2024\/06\/4sdsdad.jpg\" alt=\"\" width=\"993\" height=\"993\" srcset=\"https:\/\/shuji.ca\/wp-content\/uploads\/2024\/06\/4sdsdad.jpg 800w, https:\/\/shuji.ca\/wp-content\/uploads\/2024\/06\/4sdsdad-300x300.jpg 300w, https:\/\/shuji.ca\/wp-content\/uploads\/2024\/06\/4sdsdad-150x150.jpg 150w, https:\/\/shuji.ca\/wp-content\/uploads\/2024\/06\/4sdsdad-768x768.jpg 768w, https:\/\/shuji.ca\/wp-content\/uploads\/2024\/06\/4sdsdad-600x600.jpg 600w, https:\/\/shuji.ca\/wp-content\/uploads\/2024\/06\/4sdsdad-100x100.jpg 100w\" sizes=\"(max-width: 993px) 100vw, 993px\" \/> <img decoding=\"async\" class=\"aligncenter wp-image-23691\" src=\"https:\/\/shuji.ca\/wp-content\/uploads\/2024\/06\/234141.jpg\" alt=\"\" width=\"995\" height=\"995\" srcset=\"https:\/\/shuji.ca\/wp-content\/uploads\/2024\/06\/234141.jpg 800w, https:\/\/shuji.ca\/wp-content\/uploads\/2024\/06\/234141-300x300.jpg 300w, https:\/\/shuji.ca\/wp-content\/uploads\/2024\/06\/234141-150x150.jpg 150w, https:\/\/shuji.ca\/wp-content\/uploads\/2024\/06\/234141-768x768.jpg 768w, https:\/\/shuji.ca\/wp-content\/uploads\/2024\/06\/234141-600x600.jpg 600w, https:\/\/shuji.ca\/wp-content\/uploads\/2024\/06\/234141-100x100.jpg 100w\" sizes=\"(max-width: 995px) 100vw, 995px\" \/><\/p>","protected":false},"excerpt":{"rendered":"<p>Features: Remote Control &amp; Multifunction: Wireless remote for easy mode selection, memory function retains settings, and timer turns off lamp after 1 hour. Ultra Wide &amp; Easy to Install: Dual heads extend to 31.5 inches, covering 71-inch desks. Simple installation with adjustable clamp. Adjustable Lighting: 5 color temperatures and 5 brightness levels, with night and [&hellip;]<\/p>","protected":false},"featured_media":23692,"comment_status":"open","ping_status":"closed","template":"","meta":[],"product_brand":[],"product_cat":[1199,1227],"product_tag":[],"class_list":{"0":"post-23689","1":"product","2":"type-product","3":"status-publish","4":"has-post-thumbnail","6":"product_cat-home-living","7":"product_cat-lighting","8":"product_shipping_class-havestock","10":"first","11":"instock","12":"taxable","13":"shipping-taxable","14":"purchasable","15":"product-type-simple"},"_links":{"self":[{"href":"https:\/\/shuji.ca\/fr\/wp-json\/wp\/v2\/product\/23689","targetHints":{"allow":["GET"]}}],"collection":[{"href":"https:\/\/shuji.ca\/fr\/wp-json\/wp\/v2\/product"}],"about":[{"href":"https:\/\/shuji.ca\/fr\/wp-json\/wp\/v2\/types\/product"}],"replies":[{"embeddable":true,"href":"https:\/\/shuji.ca\/fr\/wp-json\/wp\/v2\/comments?post=23689"}],"wp:featuredmedia":[{"embeddable":true,"href":"https:\/\/shuji.ca\/fr\/wp-json\/wp\/v2\/media\/23692"}],"wp:attachment":[{"href":"https:\/\/shuji.ca\/fr\/wp-json\/wp\/v2\/media?parent=23689"}],"wp:term":[{"taxonomy":"product_brand","embeddable":true,"href":"https:\/\/shuji.ca\/fr\/wp-json\/wp\/v2\/product_brand?post=23689"},{"taxonomy":"product_cat","embeddable":true,"href":"https:\/\/shuji.ca\/fr\/wp-json\/wp\/v2\/product_cat?post=23689"},{"taxonomy":"product_tag","embeddable":true,"href":"https:\/\/shuji.ca\/fr\/wp-json\/wp\/v2\/product_tag?post=23689"}],"curies":[{"name":"wp","href":"https:\/\/api.w.org\/{rel}","templated":true}]}}