{"id":23658,"date":"2024-06-18T14:27:30","date_gmt":"2024-06-18T06:27:30","guid":{"rendered":"https:\/\/shuji.ca\/?post_type=product&#038;p=23658"},"modified":"2024-08-18T09:38:31","modified_gmt":"2024-08-18T13:38:31","slug":"bedside-lamp-with-usb-portbedroom-lamp-with-10w-fast-wireless-charger-nightstand-lamp-with-clock-dimming-3-color-modes","status":"publish","type":"product","link":"https:\/\/shuji.ca\/fr\/shop\/home-living\/lighting\/bedside-lamp-with-usb-portbedroom-lamp-with-10w-fast-wireless-charger-nightstand-lamp-with-clock-dimming-3-color-modes\/","title":{"rendered":"Lampe de chevet avec port USB, lampe de chambre \u00e0 coucher avec chargeur sans fil rapide 10W, lampe de chevet avec horloge, gradation et 3 modes de couleur"},"content":{"rendered":"<p>Fonctionnalit\u00e9 :<\/p>\n<ul>\n<li>Lampe de chevet multifonctionnelle : Combine une lampe de chevet, un chargeur sans fil de 10 W, un port USB et une horloge.<\/li>\n<li>Commande tactile \u00e0 gradation : Touchez pour passer d'un mode d'\u00e9clairage \u00e0 l'autre ; appuyez longuement pour r\u00e9gler la luminosit\u00e9.<\/li>\n<li>Chargement rapide : Chargement sans fil de 10 W et chargement USB de 5 V\/1 A pour les t\u00e9l\u00e9phones, les tablettes et bien plus encore.<\/li>\n<li>Fonction d'horloge : Horloge int\u00e9gr\u00e9e pour un contr\u00f4le pratique de l'heure.<\/li>\n<li>Design \u00e9l\u00e9gant : Base en bois, parfaite pour la d\u00e9coration et les cadeaux.<\/li>\n<li>Garantie : garantie de remboursement de 30 jours et garantie de 12 mois.<\/li>\n<\/ul>\n<p><img fetchpriority=\"high\" decoding=\"async\" class=\"aligncenter wp-image-23681\" src=\"https:\/\/shuji.ca\/wp-content\/uploads\/2024\/06\/12313.png\" alt=\"\" width=\"981\" height=\"1011\" srcset=\"https:\/\/shuji.ca\/wp-content\/uploads\/2024\/06\/12313.png 708w, https:\/\/shuji.ca\/wp-content\/uploads\/2024\/06\/12313-291x300.png 291w, https:\/\/shuji.ca\/wp-content\/uploads\/2024\/06\/12313-600x619.png 600w\" sizes=\"(max-width: 981px) 100vw, 981px\" \/><img decoding=\"async\" class=\"aligncenter wp-image-23680\" src=\"https:\/\/shuji.ca\/wp-content\/uploads\/2024\/06\/13131311.png\" alt=\"\" width=\"980\" height=\"849\" srcset=\"https:\/\/shuji.ca\/wp-content\/uploads\/2024\/06\/13131311.png 711w, https:\/\/shuji.ca\/wp-content\/uploads\/2024\/06\/13131311-300x260.png 300w, https:\/\/shuji.ca\/wp-content\/uploads\/2024\/06\/13131311-600x520.png 600w\" sizes=\"(max-width: 980px) 100vw, 980px\" \/><\/p>","protected":false},"excerpt":{"rendered":"<p>Feature: Multifunctional Bedside Lamp: Combines a nightstand lamp, 10W wireless charger, USB port, and clock. Dimmable Touch Control: Touch to switch between 3 light modes; long press to adjust brightness. Fast Charging: Features 10W wireless and 5V\/1A USB charging for phones, tablets, and more. Clock Function: Built-in clock for convenient time-checking. Elegant Design: Wooden base, [&hellip;]<\/p>","protected":false},"featured_media":23682,"comment_status":"open","ping_status":"closed","template":"","meta":[],"product_brand":[],"product_cat":[1199,1227],"product_tag":[],"class_list":{"0":"post-23658","1":"product","2":"type-product","3":"status-publish","4":"has-post-thumbnail","6":"product_cat-home-living","7":"product_cat-lighting","8":"product_shipping_class-havestock","10":"first","11":"instock","12":"taxable","13":"shipping-taxable","14":"purchasable","15":"product-type-simple"},"_links":{"self":[{"href":"https:\/\/shuji.ca\/fr\/wp-json\/wp\/v2\/product\/23658","targetHints":{"allow":["GET"]}}],"collection":[{"href":"https:\/\/shuji.ca\/fr\/wp-json\/wp\/v2\/product"}],"about":[{"href":"https:\/\/shuji.ca\/fr\/wp-json\/wp\/v2\/types\/product"}],"replies":[{"embeddable":true,"href":"https:\/\/shuji.ca\/fr\/wp-json\/wp\/v2\/comments?post=23658"}],"wp:featuredmedia":[{"embeddable":true,"href":"https:\/\/shuji.ca\/fr\/wp-json\/wp\/v2\/media\/23682"}],"wp:attachment":[{"href":"https:\/\/shuji.ca\/fr\/wp-json\/wp\/v2\/media?parent=23658"}],"wp:term":[{"taxonomy":"product_brand","embeddable":true,"href":"https:\/\/shuji.ca\/fr\/wp-json\/wp\/v2\/product_brand?post=23658"},{"taxonomy":"product_cat","embeddable":true,"href":"https:\/\/shuji.ca\/fr\/wp-json\/wp\/v2\/product_cat?post=23658"},{"taxonomy":"product_tag","embeddable":true,"href":"https:\/\/shuji.ca\/fr\/wp-json\/wp\/v2\/product_tag?post=23658"}],"curies":[{"name":"wp","href":"https:\/\/api.w.org\/{rel}","templated":true}]}}