{"id":23657,"date":"2024-06-18T13:39:01","date_gmt":"2024-06-18T05:39:01","guid":{"rendered":"https:\/\/shuji.ca\/?post_type=product&#038;p=23657"},"modified":"2024-08-18T22:29:00","modified_gmt":"2024-08-19T02:29:00","slug":"electric-automatic-coffee-grinder-set-rechargeable-with-usb-coffee-beans-grinder-machine-for-kitchen-tools","status":"publish","type":"product","link":"https:\/\/shuji.ca\/fr\/shop\/home-kitchen\/kitchen-appliances-home-kitchen\/electric-automatic-coffee-grinder-set-rechargeable-with-usb-coffee-beans-grinder-machine-for-kitchen-tools\/","title":{"rendered":"Moulin \u00e0 caf\u00e9 \u00e9lectrique automatique rechargeable avec USB Machine \u00e0 moudre les grains de caf\u00e9 pour les outils de cuisine"},"content":{"rendered":"<p><strong>Caract\u00e9ristiques :<\/strong><\/p>\n<ul>\n<li><strong>\u00c9paisseur de pon\u00e7age r\u00e9glable : <\/strong>Permet de r\u00e9gler la mouture de fine \u00e0 grossi\u00e8re. Convient \u00e0 diff\u00e9rentes m\u00e9thodes de pr\u00e9paration du caf\u00e9 comme l'espresso, le moka pot, le caf\u00e9 pr\u00e9par\u00e9 \u00e0 la main, la machine \u00e0 caf\u00e9 am\u00e9ricaine et la presse fran\u00e7aise.<\/li>\n<li><strong>Facile \u00e0 d\u00e9monter et \u00e0 nettoyer : <\/strong>Le broyeur peut \u00eatre facilement d\u00e9mont\u00e9 pour un nettoyage complet. Remarque : l'unit\u00e9 principale n'est pas lavable.<\/li>\n<li><strong>Portable et rechargeable : <\/strong>Conception compacte avec une batterie au lithium de 1250mAh. Id\u00e9al pour une utilisation \u00e0 la maison, au bureau ou en voyage.<\/li>\n<li><strong>Broyage haute performance : <\/strong>Le c\u0153ur en c\u00e9ramique de haute duret\u00e9 assure une mouture homog\u00e8ne. Moud efficacement les grains de caf\u00e9 en quelques secondes.<\/li>\n<li><strong>Fonctionnement convivial : <\/strong>Processus de broyage simple en quatre \u00e9tapes. Fonctionnement par simple pression d'une touche avec d\u00e9tection de la r\u00e9sistance pour un arr\u00eat automatique apr\u00e8s le broyage.<\/li>\n<li><strong>Sp\u00e9cifications : <\/strong>La r\u00e9serve de grains de caf\u00e9 contient 25 g, la r\u00e9serve de poudre de caf\u00e9 contient 200 ml. Puissance<strong>:<\/strong> 13W.<\/li>\n<\/ul>\n<p>&nbsp;<\/p>\n<p>&nbsp;<\/p>\n<p><img fetchpriority=\"high\" decoding=\"async\" class=\"aligncenter\" src=\"https:\/\/cbu01.alicdn.com\/img\/ibank\/O1CN01ivaPdx21fY1m1cnPr_!!2207851967012-0-cib.jpg\" width=\"1112\" height=\"1112\" \/><img decoding=\"async\" class=\"aligncenter\" src=\"https:\/\/cbu01.alicdn.com\/img\/ibank\/O1CN013hoC0m21fXv1M3U7y_!!2207851967012-0-cib.jpg\" alt=\"ind\u00e9fini\" width=\"1110\" height=\"1110\" \/><img decoding=\"async\" class=\"aligncenter\" src=\"https:\/\/cbu01.alicdn.com\/img\/ibank\/O1CN01LVChgU21fXvVwb9Cn_!!2207851967012-0-cib.jpg\" alt=\"ind\u00e9fini\" width=\"1112\" height=\"1408\" \/><\/p>","protected":false},"excerpt":{"rendered":"<p>Features: Adjustable Grinding Thickness: Provides fine to coarse grind settings. Suitable for different coffee brewing methods like espresso, moka pot, hand-brewed coffee, American coffee machine, and French press. Easy to Disassemble and Clean: The grinder can be easily disassembled for thorough cleaning. Note: The main unit is not washable. Portable and Rechargeable: Compact design with [&hellip;]<\/p>","protected":false},"featured_media":23647,"comment_status":"open","ping_status":"closed","template":"","meta":[],"product_brand":[],"product_cat":[1204,1245],"product_tag":[],"class_list":{"0":"post-23657","1":"product","2":"type-product","3":"status-publish","4":"has-post-thumbnail","6":"product_cat-home-kitchen","7":"product_cat-kitchen-appliances-home-kitchen","8":"product_shipping_class-havestock","10":"first","11":"instock","12":"taxable","13":"shipping-taxable","14":"purchasable","15":"product-type-simple"},"_links":{"self":[{"href":"https:\/\/shuji.ca\/fr\/wp-json\/wp\/v2\/product\/23657","targetHints":{"allow":["GET"]}}],"collection":[{"href":"https:\/\/shuji.ca\/fr\/wp-json\/wp\/v2\/product"}],"about":[{"href":"https:\/\/shuji.ca\/fr\/wp-json\/wp\/v2\/types\/product"}],"replies":[{"embeddable":true,"href":"https:\/\/shuji.ca\/fr\/wp-json\/wp\/v2\/comments?post=23657"}],"wp:featuredmedia":[{"embeddable":true,"href":"https:\/\/shuji.ca\/fr\/wp-json\/wp\/v2\/media\/23647"}],"wp:attachment":[{"href":"https:\/\/shuji.ca\/fr\/wp-json\/wp\/v2\/media?parent=23657"}],"wp:term":[{"taxonomy":"product_brand","embeddable":true,"href":"https:\/\/shuji.ca\/fr\/wp-json\/wp\/v2\/product_brand?post=23657"},{"taxonomy":"product_cat","embeddable":true,"href":"https:\/\/shuji.ca\/fr\/wp-json\/wp\/v2\/product_cat?post=23657"},{"taxonomy":"product_tag","embeddable":true,"href":"https:\/\/shuji.ca\/fr\/wp-json\/wp\/v2\/product_tag?post=23657"}],"curies":[{"name":"wp","href":"https:\/\/api.w.org\/{rel}","templated":true}]}}