{"id":23632,"date":"2024-06-18T13:20:56","date_gmt":"2024-06-18T05:20:56","guid":{"rendered":"https:\/\/shuji.ca\/?post_type=product&#038;p=23632"},"modified":"2024-08-19T00:42:30","modified_gmt":"2024-08-19T04:42:30","slug":"plush-eye-mask-2-pcs-colorful-plush-soft-sleeping-blindfold-eye-cover-fluffy-and-furry-eye-cover-for-women-girl-eye-protection-sleep-over-party-supplies","status":"publish","type":"product","link":"https:\/\/shuji.ca\/fr\/shop\/beauty-personal-care\/eye-care\/plush-eye-mask-2-pcs-colorful-plush-soft-sleeping-blindfold-eye-cover-fluffy-and-furry-eye-cover-for-women-girl-eye-protection-sleep-over-party-supplies\/","title":{"rendered":"Masque pour les yeux en peluche, 2 paires de couvre-\u0153il en peluche color\u00e9e pour dormir Couvre-\u0153il en peluche et fourrure pour les femmes et les filles, pour prot\u00e9ger les yeux, pour dormir sur les fournitures de f\u00eate."},"content":{"rendered":"<p><strong style=\"font-family: var(--mt-font__main); font-size: 1rem;\">Caract\u00e9ristiques :<\/strong><\/p>\n<ul>\n<li><strong>Mat\u00e9riau de premi\u00e8re qualit\u00e9 :<\/strong> Fabriqu\u00e9 en peluche et en satin de haute qualit\u00e9, non irritants, lisses et doux. L\u00e9ger, il n'appuie pas sur les yeux. Pas facile \u00e0 casser ou \u00e0 d\u00e9chirer, facile \u00e0 nettoyer.<\/li>\n<li><strong>Bonne exp\u00e9rience de sommeil :<\/strong> Bande \u00e9lastique qui ne serre pas la t\u00eate et n'exerce pas de pression sur les yeux. Fabriqu\u00e9 \u00e0 partir de mat\u00e9riaux doux et respirants, il \u00e9vite la congestion et la transpiration.<\/li>\n<li><strong>Apparence mignonne :<\/strong> Le mat\u00e9riau utilis\u00e9 est une peluche mignonne aux couleurs peu satur\u00e9es, ce qui lui conf\u00e8re une apparence confortable et mignonne. Il vous donne une allure exquise et \u00e9l\u00e9gante m\u00eame lorsque vous dormez, satisfaisant ainsi votre c\u0153ur de jeune fille.<\/li>\n<li><strong>Large application :<\/strong> Convient \u00e0 une utilisation \u00e0 la maison, dans les avions, les trains, les bus et au bureau. L\u00e9ger et facile \u00e0 transporter, il offre un confort partout. C'est \u00e9galement un excellent cadeau pour les amis, la famille, les amoureux ou les coll\u00e8gues, leur permettant de profiter d'un sommeil de qualit\u00e9 dans n'importe quel endroit lumineux ou \u00e9blouissant.<\/li>\n<li><strong>Le paquet comprend :<\/strong> 2 couvre-yeux en peluche, dont 1 gris et 1 blanc perle. La quantit\u00e9 est suffisante pour r\u00e9pondre aux besoins quotidiens de sommeil et de remplacement, et vous pouvez partager avec des amis pour profiter d'un sommeil de haute qualit\u00e9.<\/li>\n<\/ul>\n<p><img fetchpriority=\"high\" decoding=\"async\" class=\"aligncenter\" src=\"https:\/\/cbu01.alicdn.com\/img\/ibank\/O1CN01NY6rpG2IPq21ohOTi_!!2217562259279-0-cib.jpg\" width=\"1143\" height=\"1143\" \/><img decoding=\"async\" class=\"aligncenter\" src=\"https:\/\/cbu01.alicdn.com\/img\/ibank\/O1CN01ky9qqf2IYzyXq3CfU_!!2214964959299-0-cib.jpg\" width=\"1144\" height=\"1144\" \/><img decoding=\"async\" class=\"aligncenter\" src=\"https:\/\/cbu01.alicdn.com\/img\/ibank\/O1CN01fewyum2IYzvLb7tks_!!2214964959299-0-cib.jpg\" width=\"1147\" height=\"1147\" \/><\/p>","protected":false},"excerpt":{"rendered":"<p>Features: Premium Material: Made of high-quality plush and satin, which are non-irritating, smooth, and soft. Lightweight and won&#8217;t press on your eyes. Not easy to break or tear, easy to clean. Good Sleep Experience: Elastic band design that does not tighten around your head or put pressure on your eyes. Made from soft and breathable [&hellip;]<\/p>","protected":false},"featured_media":23630,"comment_status":"open","ping_status":"closed","template":"","meta":[],"product_brand":[],"product_cat":[1202,1241],"product_tag":[],"class_list":{"0":"post-23632","1":"product","2":"type-product","3":"status-publish","4":"has-post-thumbnail","6":"product_cat-beauty-personal-care","7":"product_cat-eye-care","8":"product_shipping_class-havestock","9":"product-has-variation-images","11":"first","12":"instock","13":"taxable","14":"shipping-taxable","15":"purchasable","16":"product-type-variable"},"_links":{"self":[{"href":"https:\/\/shuji.ca\/fr\/wp-json\/wp\/v2\/product\/23632","targetHints":{"allow":["GET"]}}],"collection":[{"href":"https:\/\/shuji.ca\/fr\/wp-json\/wp\/v2\/product"}],"about":[{"href":"https:\/\/shuji.ca\/fr\/wp-json\/wp\/v2\/types\/product"}],"replies":[{"embeddable":true,"href":"https:\/\/shuji.ca\/fr\/wp-json\/wp\/v2\/comments?post=23632"}],"wp:featuredmedia":[{"embeddable":true,"href":"https:\/\/shuji.ca\/fr\/wp-json\/wp\/v2\/media\/23630"}],"wp:attachment":[{"href":"https:\/\/shuji.ca\/fr\/wp-json\/wp\/v2\/media?parent=23632"}],"wp:term":[{"taxonomy":"product_brand","embeddable":true,"href":"https:\/\/shuji.ca\/fr\/wp-json\/wp\/v2\/product_brand?post=23632"},{"taxonomy":"product_cat","embeddable":true,"href":"https:\/\/shuji.ca\/fr\/wp-json\/wp\/v2\/product_cat?post=23632"},{"taxonomy":"product_tag","embeddable":true,"href":"https:\/\/shuji.ca\/fr\/wp-json\/wp\/v2\/product_tag?post=23632"}],"curies":[{"name":"wp","href":"https:\/\/api.w.org\/{rel}","templated":true}]}}