{"id":23562,"date":"2024-06-18T12:16:39","date_gmt":"2024-06-18T04:16:39","guid":{"rendered":"https:\/\/shuji.ca\/?post_type=product&#038;p=23562"},"modified":"2024-08-19T02:36:11","modified_gmt":"2024-08-19T06:36:11","slug":"mini-electronic-portable-home-use-high-frequency-ultrasonic-cleaner-with-digital-timer-jewelry-watch-glasses-cleaner","status":"publish","type":"product","link":"https:\/\/shuji.ca\/fr\/shop\/electronics\/home-appliances\/mini-electronic-portable-home-use-high-frequency-ultrasonic-cleaner-with-digital-timer-jewelry-watch-glasses-cleaner\/","title":{"rendered":"Mini nettoyeur \u00e9lectronique portable \u00e0 haute fr\u00e9quence avec minuterie num\u00e9rique pour bijoux, montres et lunettes"},"content":{"rendered":"<p><strong>Caract\u00e9ristiques :<\/strong><\/p>\n<ul>\n<li>Vibration \u00e0 haute fr\u00e9quence pour un nettoyage efficace : Utilise une fr\u00e9quence de 45 000 Hz pour cr\u00e9er des microbulles qui \u00e9liminent la graisse, la poussi\u00e8re et les bact\u00e9ries.<\/li>\n<li>Plusieurs modes de nettoyage : Diff\u00e9rents modes pour les lunettes, les bijoux, les montres et d'autres objets, avec des dur\u00e9es de nettoyage de 2 \u00e0 10 minutes.<\/li>\n<li>Portable et \u00e9l\u00e9gant : Disponible en vert menthe et en ivoire, avec une taille compacte adapt\u00e9e aux bureaux et autres espaces.<\/li>\n<li>Nettoyage puissant : Permet un nettoyage multidirectionnel \u00e0 360\u00b0, \u00e9liminant efficacement la salet\u00e9 sous tous les angles.<\/li>\n<li>Facile \u00e0 utiliser : Les boutons d'alimentation et d'engrenage sont simples \u00e0 utiliser, et la prise d'alimentation basse tension est un gage de s\u00e9curit\u00e9.<\/li>\n<li>Sans danger pour les objets les plus divers : Peut nettoyer une grande vari\u00e9t\u00e9 d'objets, y compris les montres et les lunettes \u00e9tanches, avec une capacit\u00e9 de 300 ml.<\/li>\n<\/ul>\n<p>Cet appareil de nettoyage \u00e0 ultrasons assure un nettoyage en profondeur de vos articles et leur redonne l'aspect du neuf. Son design compact et \u00e9l\u00e9gant en fait un compl\u00e9ment id\u00e9al pour la maison ou le bureau.<\/p>\n<p><img decoding=\"async\" class=\"aligncenter\" src=\"https:\/\/sc04.alicdn.com\/kf\/A77baec1625a74a1da98ffe8ac57532410\/278328368\/A77baec1625a74a1da98ffe8ac57532410.jpg\" \/><img decoding=\"async\" class=\"aligncenter\" src=\"https:\/\/sc04.alicdn.com\/kf\/Ac870ebe1b9b64b3689db5807180e257dx\/278328368\/Ac870ebe1b9b64b3689db5807180e257dx.jpg\" \/><img decoding=\"async\" class=\"aligncenter\" src=\"https:\/\/sc04.alicdn.com\/kf\/Adebabe158f5842d09b0e982c4e61b93as\/278328368\/Adebabe158f5842d09b0e982c4e61b93as.jpg\" \/><img decoding=\"async\" class=\"aligncenter\" src=\"https:\/\/sc04.alicdn.com\/kf\/A3918410526324d278e505a536f56ed77o\/278328368\/A3918410526324d278e505a536f56ed77o.jpg\" \/><img decoding=\"async\" class=\"aligncenter\" src=\"https:\/\/sc04.alicdn.com\/kf\/A641d3b75d3e3431e940ec32eeeb4fde8r\/278328368\/A641d3b75d3e3431e940ec32eeeb4fde8r.jpg\" \/><\/p>","protected":false},"excerpt":{"rendered":"<p>Features: High Frequency Vibration for Efficient Cleaning: Uses 45000Hz frequency to create micro-bubbles that remove grease, dust, and bacteria. Multiple Cleaning Modes: Different modes for glasses, jewelry, watches, and other items, with cleaning times of 2-10 minutes. Portable and Stylish Design: Available in mint green and ivory colors, with a compact size suitable for desks [&hellip;]<\/p>","protected":false},"featured_media":28115,"comment_status":"open","ping_status":"closed","template":"","meta":[],"product_brand":[],"product_cat":[1198,1238],"product_tag":[],"class_list":{"0":"post-23562","1":"product","2":"type-product","3":"status-publish","4":"has-post-thumbnail","6":"product_cat-electronics","7":"product_cat-home-appliances","8":"product_shipping_class-preorder","9":"product-has-variation-images","11":"first","12":"onbackorder","13":"taxable","14":"shipping-taxable","15":"purchasable","16":"product-type-variable"},"_links":{"self":[{"href":"https:\/\/shuji.ca\/fr\/wp-json\/wp\/v2\/product\/23562","targetHints":{"allow":["GET"]}}],"collection":[{"href":"https:\/\/shuji.ca\/fr\/wp-json\/wp\/v2\/product"}],"about":[{"href":"https:\/\/shuji.ca\/fr\/wp-json\/wp\/v2\/types\/product"}],"replies":[{"embeddable":true,"href":"https:\/\/shuji.ca\/fr\/wp-json\/wp\/v2\/comments?post=23562"}],"wp:featuredmedia":[{"embeddable":true,"href":"https:\/\/shuji.ca\/fr\/wp-json\/wp\/v2\/media\/28115"}],"wp:attachment":[{"href":"https:\/\/shuji.ca\/fr\/wp-json\/wp\/v2\/media?parent=23562"}],"wp:term":[{"taxonomy":"product_brand","embeddable":true,"href":"https:\/\/shuji.ca\/fr\/wp-json\/wp\/v2\/product_brand?post=23562"},{"taxonomy":"product_cat","embeddable":true,"href":"https:\/\/shuji.ca\/fr\/wp-json\/wp\/v2\/product_cat?post=23562"},{"taxonomy":"product_tag","embeddable":true,"href":"https:\/\/shuji.ca\/fr\/wp-json\/wp\/v2\/product_tag?post=23562"}],"curies":[{"name":"wp","href":"https:\/\/api.w.org\/{rel}","templated":true}]}}