{"id":23532,"date":"2024-06-18T11:38:20","date_gmt":"2024-06-18T03:38:20","guid":{"rendered":"https:\/\/shuji.ca\/?post_type=product&#038;p=23532"},"modified":"2024-08-19T02:49:26","modified_gmt":"2024-08-19T06:49:26","slug":"iphone-15-charger-block-usb-c-charger-fast-charging-brick-3-pack-power-plug-fast-charging-box-compatible-with-iphone-15-14-13-12-11pro-max-mini-plus-ipad-samsung-galaxy-s23-s22-s21","status":"publish","type":"product","link":"https:\/\/shuji.ca\/fr\/shop\/electronics\/mobile-accessories\/iphone-15-charger-block-usb-c-charger-fast-charging-brick-3-pack-power-plug-fast-charging-box-compatible-with-iphone-15-14-13-12-11pro-max-mini-plus-ipad-samsung-galaxy-s23-s22-s21\/","title":{"rendered":"iPhone 15 Charger Block USB C Charger Fast Brick 3-Pack Power Plug Fast Charging Box Compatible avec iPhone 15 14 13 12 11Pro Max\/Mini\/Plus\/iPad\/Samsung Galaxy s23\/S22\/S21"},"content":{"rendered":"<p><strong>Caract\u00e9ristiques :<\/strong><\/p>\n<ul>\n<li>Chargeur mural rapide USB-C 20W : Fournit une puissance de sortie de 20 W, chargeant l'iPhone 14 \u00e0 50% en moins de 30 minutes pour une charge ultra-rapide.<\/li>\n<li>Chargeur mural USB Compatibilit\u00e9 universelle : Efficace avec les cordons USB-C (non inclus), compatible avec iPhone 14\/14 Pro\/14 Pro Max, iPhone 13\/13 Mini\/13 Pro\/13 Pro Max, iPhone 12\/12 Mini\/12 Pro\/12 Pro Max, iPhone 11\/11 Pro\/XS\/XS Max\/XR\/X, mini\/Air\/Pro, Galaxy S23\/S22\/21\/S10\/S9, Note 20\/10\/9, et plus encore.<\/li>\n<li>Protection de la s\u00e9curit\u00e9 : La puce intelligente int\u00e9gr\u00e9e offre une protection contre les surintensit\u00e9s, les surtensions, les surchauffes et les courts-circuits.<\/li>\n<li>Alimentation flexible : Identifie les appareils pour optimiser le courant de sortie (5V\/3A, 9V\/2A, 9V\/2.2A). Conception ultra-mince et compacte avec une tension d'entr\u00e9e de 100V~240V, id\u00e9ale pour les voyages et l'utilisation globale.<\/li>\n<\/ul>\n<p><img fetchpriority=\"high\" decoding=\"async\" class=\"aligncenter\" src=\"https:\/\/cbu01.alicdn.com\/img\/ibank\/O1CN01oej7gT1NRjTFH7Mty_!!2213831471567-0-cib.jpg?__r__=1682748408632\" alt=\"ind\u00e9fini\" width=\"892\" height=\"1719\" \/><img decoding=\"async\" class=\"aligncenter\" src=\"https:\/\/cbu01.alicdn.com\/img\/ibank\/O1CN015dwHjw1NRjTBRnZYS_!!2213831471567-0-cib.jpg?__r__=1682748408632\" alt=\"ind\u00e9fini\" width=\"890\" height=\"2418\" \/><img decoding=\"async\" class=\"aligncenter\" src=\"https:\/\/cbu01.alicdn.com\/img\/ibank\/O1CN01ib1K2C1NRjTEhLNJq_!!2213831471567-0-cib.jpg?__r__=1682748408633\" alt=\"ind\u00e9fini\" width=\"886\" height=\"1932\" \/><\/p>\n<p>&nbsp;<\/p>\n<p>&nbsp;<\/p>","protected":false},"excerpt":{"rendered":"<p>Features: 20W USB-C Fast Wall Charger: Provides 20W output power, charging iPhone 14 to 50% in less than 30 minutes for super-fast charging. USB Wall Charger Universal Compatibility: Efficient with USB-C cords (not included), compatible with iPhone 14\/14 Pro\/14 Pro Max, iPhone 13\/13 Mini\/13 Pro\/13 Pro Max, iPhone 12\/12 Mini\/12 Pro\/12 Pro Max, iPhone 11\/11 [&hellip;]<\/p>","protected":false},"featured_media":28169,"comment_status":"open","ping_status":"closed","template":"","meta":[],"product_brand":[],"product_cat":[1198,1242],"product_tag":[],"class_list":{"0":"post-23532","1":"product","2":"type-product","3":"status-publish","4":"has-post-thumbnail","6":"product_cat-electronics","7":"product_cat-mobile-accessories","8":"product_shipping_class-havestock","9":"product-has-variation-images","11":"first","12":"instock","13":"taxable","14":"shipping-taxable","15":"purchasable","16":"product-type-variable"},"_links":{"self":[{"href":"https:\/\/shuji.ca\/fr\/wp-json\/wp\/v2\/product\/23532","targetHints":{"allow":["GET"]}}],"collection":[{"href":"https:\/\/shuji.ca\/fr\/wp-json\/wp\/v2\/product"}],"about":[{"href":"https:\/\/shuji.ca\/fr\/wp-json\/wp\/v2\/types\/product"}],"replies":[{"embeddable":true,"href":"https:\/\/shuji.ca\/fr\/wp-json\/wp\/v2\/comments?post=23532"}],"wp:featuredmedia":[{"embeddable":true,"href":"https:\/\/shuji.ca\/fr\/wp-json\/wp\/v2\/media\/28169"}],"wp:attachment":[{"href":"https:\/\/shuji.ca\/fr\/wp-json\/wp\/v2\/media?parent=23532"}],"wp:term":[{"taxonomy":"product_brand","embeddable":true,"href":"https:\/\/shuji.ca\/fr\/wp-json\/wp\/v2\/product_brand?post=23532"},{"taxonomy":"product_cat","embeddable":true,"href":"https:\/\/shuji.ca\/fr\/wp-json\/wp\/v2\/product_cat?post=23532"},{"taxonomy":"product_tag","embeddable":true,"href":"https:\/\/shuji.ca\/fr\/wp-json\/wp\/v2\/product_tag?post=23532"}],"curies":[{"name":"wp","href":"https:\/\/api.w.org\/{rel}","templated":true}]}}