{"id":23509,"date":"2024-06-18T11:11:18","date_gmt":"2024-06-18T03:11:18","guid":{"rendered":"https:\/\/shuji.ca\/?post_type=product&#038;p=23509"},"modified":"2024-08-19T03:01:05","modified_gmt":"2024-08-19T07:01:05","slug":"trendy-travel-chinese-american-mahjong-playing-cards-full-card-set","status":"publish","type":"product","link":"https:\/\/shuji.ca\/fr\/shop\/toys-games\/card-board-games\/trendy-travel-chinese-american-mahjong-playing-cards-full-card-set\/","title":{"rendered":"Jeu de cartes MahJong chinois\/am\u00e9ricain Trendy Travel, jeu de cartes complet"},"content":{"rendered":"<p>Caract\u00e9ristiques :<\/p>\n<ul class=\"a-unordered-list a-vertical a-spacing-mini\">\n<li class=\"a-spacing-mini\"><span class=\"a-list-item\">Compactes et durables : Cartes de mahjong chinoises\/am\u00e9ricaines de haute qualit\u00e9 et faciles \u00e0 transporter, fabriqu\u00e9es en plastique PVC r\u00e9sistant \u00e0 l'eau.<\/span><\/li>\n<li class=\"a-spacing-mini\"><span class=\"a-list-item\">Qualit\u00e9 sup\u00e9rieure : Cartes magnifiquement illustr\u00e9es de motifs chinois traditionnels<\/span><\/li>\n<li class=\"a-spacing-mini\"><span class=\"a-list-item\">Jeu peu encombrant : Les cartes \u00e0 jouer de taille standard mesurent 8,7 x 5,7 centim\u00e8tres.<\/span><\/li>\n<li class=\"a-spacing-mini\"><span class=\"a-list-item\">M\u00eames r\u00e8gles que les versions \u00e0 tuiles : Joue exactement comme les versions \u00e0 carreaux du mahjong.<\/span><\/li>\n<\/ul>\n<p><img fetchpriority=\"high\" decoding=\"async\" class=\"aligncenter wp-image-23515\" src=\"https:\/\/shuji.ca\/wp-content\/uploads\/2024\/06\/515151515152.png\" alt=\"\" width=\"1096\" height=\"1073\" srcset=\"https:\/\/shuji.ca\/wp-content\/uploads\/2024\/06\/515151515152.png 711w, https:\/\/shuji.ca\/wp-content\/uploads\/2024\/06\/515151515152-300x294.png 300w, https:\/\/shuji.ca\/wp-content\/uploads\/2024\/06\/515151515152-600x587.png 600w\" sizes=\"(max-width: 1096px) 100vw, 1096px\" \/> <img decoding=\"async\" class=\"aligncenter wp-image-23514\" src=\"https:\/\/shuji.ca\/wp-content\/uploads\/2024\/06\/dsfdsfs.png\" alt=\"\" width=\"1095\" height=\"1152\" srcset=\"https:\/\/shuji.ca\/wp-content\/uploads\/2024\/06\/dsfdsfs.png 712w, https:\/\/shuji.ca\/wp-content\/uploads\/2024\/06\/dsfdsfs-285x300.png 285w, https:\/\/shuji.ca\/wp-content\/uploads\/2024\/06\/dsfdsfs-600x631.png 600w\" sizes=\"(max-width: 1095px) 100vw, 1095px\" \/> <img decoding=\"async\" class=\"aligncenter wp-image-23512\" src=\"https:\/\/shuji.ca\/wp-content\/uploads\/2024\/06\/41414141.jpg\" alt=\"\" width=\"1094\" height=\"1094\" srcset=\"https:\/\/shuji.ca\/wp-content\/uploads\/2024\/06\/41414141.jpg 800w, https:\/\/shuji.ca\/wp-content\/uploads\/2024\/06\/41414141-300x300.jpg 300w, https:\/\/shuji.ca\/wp-content\/uploads\/2024\/06\/41414141-150x150.jpg 150w, https:\/\/shuji.ca\/wp-content\/uploads\/2024\/06\/41414141-768x768.jpg 768w, https:\/\/shuji.ca\/wp-content\/uploads\/2024\/06\/41414141-600x600.jpg 600w, https:\/\/shuji.ca\/wp-content\/uploads\/2024\/06\/41414141-100x100.jpg 100w\" sizes=\"(max-width: 1094px) 100vw, 1094px\" \/> <img loading=\"lazy\" decoding=\"async\" class=\"aligncenter wp-image-23511\" src=\"https:\/\/shuji.ca\/wp-content\/uploads\/2024\/06\/6161616161.jpg\" alt=\"\" width=\"1094\" height=\"1094\" srcset=\"https:\/\/shuji.ca\/wp-content\/uploads\/2024\/06\/6161616161.jpg 800w, https:\/\/shuji.ca\/wp-content\/uploads\/2024\/06\/6161616161-300x300.jpg 300w, https:\/\/shuji.ca\/wp-content\/uploads\/2024\/06\/6161616161-150x150.jpg 150w, https:\/\/shuji.ca\/wp-content\/uploads\/2024\/06\/6161616161-768x768.jpg 768w, https:\/\/shuji.ca\/wp-content\/uploads\/2024\/06\/6161616161-600x600.jpg 600w, https:\/\/shuji.ca\/wp-content\/uploads\/2024\/06\/6161616161-100x100.jpg 100w\" sizes=\"(max-width: 1094px) 100vw, 1094px\" \/><\/p>","protected":false},"excerpt":{"rendered":"<p>Features: Compact and Durable: Travel-friendly and high-quality Chinese\/American mahjong playing cards made from smooth dealing water-resistant PVC plastic Premium Quality: Beautifully illustrated cards with traditional Chinese designs Space-Saving Set: The standard size playing cards measure 8.7 x 5.7 centimeters Same Rules as Tile Versions: Plays just like the full tile versions of mahjong<\/p>","protected":false},"featured_media":23513,"comment_status":"open","ping_status":"closed","template":"","meta":[],"product_brand":[],"product_cat":[1228,1203],"product_tag":[],"class_list":{"0":"post-23509","1":"product","2":"type-product","3":"status-publish","4":"has-post-thumbnail","6":"product_cat-card-board-games","7":"product_cat-toys-games","8":"product_shipping_class-havestock","10":"first","11":"instock","12":"taxable","13":"shipping-taxable","14":"purchasable","15":"product-type-simple"},"_links":{"self":[{"href":"https:\/\/shuji.ca\/fr\/wp-json\/wp\/v2\/product\/23509","targetHints":{"allow":["GET"]}}],"collection":[{"href":"https:\/\/shuji.ca\/fr\/wp-json\/wp\/v2\/product"}],"about":[{"href":"https:\/\/shuji.ca\/fr\/wp-json\/wp\/v2\/types\/product"}],"replies":[{"embeddable":true,"href":"https:\/\/shuji.ca\/fr\/wp-json\/wp\/v2\/comments?post=23509"}],"wp:featuredmedia":[{"embeddable":true,"href":"https:\/\/shuji.ca\/fr\/wp-json\/wp\/v2\/media\/23513"}],"wp:attachment":[{"href":"https:\/\/shuji.ca\/fr\/wp-json\/wp\/v2\/media?parent=23509"}],"wp:term":[{"taxonomy":"product_brand","embeddable":true,"href":"https:\/\/shuji.ca\/fr\/wp-json\/wp\/v2\/product_brand?post=23509"},{"taxonomy":"product_cat","embeddable":true,"href":"https:\/\/shuji.ca\/fr\/wp-json\/wp\/v2\/product_cat?post=23509"},{"taxonomy":"product_tag","embeddable":true,"href":"https:\/\/shuji.ca\/fr\/wp-json\/wp\/v2\/product_tag?post=23509"}],"curies":[{"name":"wp","href":"https:\/\/api.w.org\/{rel}","templated":true}]}}