{"id":23506,"date":"2024-06-18T11:01:13","date_gmt":"2024-06-18T03:01:13","guid":{"rendered":"https:\/\/shuji.ca\/?post_type=product&#038;p=23506"},"modified":"2024-08-19T03:04:05","modified_gmt":"2024-08-19T07:04:05","slug":"skyjo-card-game-the-entertaining-board-game-for-kids-and-adults-good-forfriends-and-family-english-version","status":"publish","type":"product","link":"https:\/\/shuji.ca\/fr\/shop\/toys-games\/card-board-games\/skyjo-card-game-the-entertaining-board-game-for-kids-and-adults-good-forfriends-and-family-english-version\/","title":{"rendered":"Jeu de cartes Skyjo - Le jeu de soci\u00e9t\u00e9 divertissant pour les enfants et les adultes - Bon pour les amis et la famille, version anglaise"},"content":{"rendered":"<p>Caract\u00e9ristiques :<\/p>\n<ul class=\"a-unordered-list a-vertical a-spacing-mini\">\n<li class=\"a-spacing-mini\"><span class=\"a-list-item\">Un jeu de cartes simple, subtil et tr\u00e8s prenant.<\/span><\/li>\n<li class=\"a-spacing-mini\"><span class=\"a-list-item\">Facile \u00e0 jouer et tr\u00e8s addictif ! Convient aux groupes de 2 \u00e0 8 personnes<\/span><\/li>\n<li class=\"a-spacing-mini\"><span class=\"a-list-item\">\u00c2ge recommand\u00e9 : 8 ans et plus. Dur\u00e9e (en minutes) : 30.<\/span><\/li>\n<li class=\"a-spacing-mini\"><span class=\"a-list-item\">Contenu de la livraison : 150 cartes, 1 bloc de points, 1 r\u00e8gle du jeu.<\/span><\/li>\n<li>Fabriqu\u00e9 en Allemagne<\/li>\n<\/ul>\n<p><img decoding=\"async\" class=\"aligncenter\" src=\"https:\/\/shuji.ca\/wp-content\/uploads\/2024\/06\/5313515151.jpg\" \/><\/p>","protected":false},"excerpt":{"rendered":"<p>Features: A simple: subtle and very addictive card game. Easy to play and is highly addictive! Supports party of 2 to 8 people Recommended age: 8 years old and above. Duration (in minutes): 30. Scope of delivery: 150 cards, 1 dot block, 1 rule book. Made in Germany<\/p>","protected":false},"featured_media":23504,"comment_status":"open","ping_status":"closed","template":"","meta":[],"product_brand":[],"product_cat":[1228,1203],"product_tag":[],"class_list":{"0":"post-23506","1":"product","2":"type-product","3":"status-publish","4":"has-post-thumbnail","6":"product_cat-card-board-games","7":"product_cat-toys-games","8":"product_shipping_class-havestock","10":"first","11":"instock","12":"taxable","13":"shipping-taxable","14":"purchasable","15":"product-type-simple"},"_links":{"self":[{"href":"https:\/\/shuji.ca\/fr\/wp-json\/wp\/v2\/product\/23506","targetHints":{"allow":["GET"]}}],"collection":[{"href":"https:\/\/shuji.ca\/fr\/wp-json\/wp\/v2\/product"}],"about":[{"href":"https:\/\/shuji.ca\/fr\/wp-json\/wp\/v2\/types\/product"}],"replies":[{"embeddable":true,"href":"https:\/\/shuji.ca\/fr\/wp-json\/wp\/v2\/comments?post=23506"}],"wp:featuredmedia":[{"embeddable":true,"href":"https:\/\/shuji.ca\/fr\/wp-json\/wp\/v2\/media\/23504"}],"wp:attachment":[{"href":"https:\/\/shuji.ca\/fr\/wp-json\/wp\/v2\/media?parent=23506"}],"wp:term":[{"taxonomy":"product_brand","embeddable":true,"href":"https:\/\/shuji.ca\/fr\/wp-json\/wp\/v2\/product_brand?post=23506"},{"taxonomy":"product_cat","embeddable":true,"href":"https:\/\/shuji.ca\/fr\/wp-json\/wp\/v2\/product_cat?post=23506"},{"taxonomy":"product_tag","embeddable":true,"href":"https:\/\/shuji.ca\/fr\/wp-json\/wp\/v2\/product_tag?post=23506"}],"curies":[{"name":"wp","href":"https:\/\/api.w.org\/{rel}","templated":true}]}}