{"id":23477,"date":"2024-06-18T10:13:53","date_gmt":"2024-06-18T02:13:53","guid":{"rendered":"https:\/\/shuji.ca\/?post_type=product&#038;p=23477"},"modified":"2024-08-19T05:14:55","modified_gmt":"2024-08-19T09:14:55","slug":"card-game-sets-the-resistance-avalon-coup-the-resistance","status":"publish","type":"product","link":"https:\/\/shuji.ca\/fr\/shop\/toys-games\/card-board-games\/card-game-sets-the-resistance-avalon-coup-the-resistance\/","title":{"rendered":"Jeux de cartes - The Resistance : Avalon\/Coup\/The Resistance"},"content":{"rendered":"<ul class=\"a-unordered-list a-vertical a-spacing-mini\">\n<li class=\"a-spacing-mini\"><span class=\"a-list-item\">The Resistance : Avalon est un jeu autonome et The Resistance n'est pas n\u00e9cessaire pour jouer ; les jeux sont compatibles et peuvent \u00eatre combin\u00e9s.<\/span><\/li>\n<li class=\"a-spacing-mini\"><span class=\"a-list-item\">Pour 5 \u00e0 10 joueurs<\/span><\/li>\n<li class=\"a-spacing-mini\"><span class=\"a-list-item\">30 minutes de jeu<\/span><\/li>\n<\/ul>\n<p><img fetchpriority=\"high\" decoding=\"async\" class=\"aligncenter wp-image-23481\" src=\"https:\/\/shuji.ca\/wp-content\/uploads\/2024\/06\/312313131-1024x713.jpg\" alt=\"\" width=\"909\" height=\"633\" srcset=\"https:\/\/shuji.ca\/wp-content\/uploads\/2024\/06\/312313131-1024x713.jpg 1024w, https:\/\/shuji.ca\/wp-content\/uploads\/2024\/06\/312313131-300x209.jpg 300w, https:\/\/shuji.ca\/wp-content\/uploads\/2024\/06\/312313131-768x535.jpg 768w, https:\/\/shuji.ca\/wp-content\/uploads\/2024\/06\/312313131-100x70.jpg 100w, https:\/\/shuji.ca\/wp-content\/uploads\/2024\/06\/312313131-600x418.jpg 600w, https:\/\/shuji.ca\/wp-content\/uploads\/2024\/06\/312313131.jpg 1410w\" sizes=\"(max-width: 909px) 100vw, 909px\" \/> <img decoding=\"async\" class=\"aligncenter wp-image-23484\" src=\"https:\/\/shuji.ca\/wp-content\/uploads\/2024\/06\/414144141-1024x852.jpg\" alt=\"\" width=\"915\" height=\"761\" srcset=\"https:\/\/shuji.ca\/wp-content\/uploads\/2024\/06\/414144141-1024x852.jpg 1024w, https:\/\/shuji.ca\/wp-content\/uploads\/2024\/06\/414144141-300x250.jpg 300w, https:\/\/shuji.ca\/wp-content\/uploads\/2024\/06\/414144141-768x639.jpg 768w, https:\/\/shuji.ca\/wp-content\/uploads\/2024\/06\/414144141-600x499.jpg 600w, https:\/\/shuji.ca\/wp-content\/uploads\/2024\/06\/414144141.jpg 1500w\" sizes=\"(max-width: 915px) 100vw, 915px\" \/><\/p>\n<p>&nbsp;<\/p>","protected":false},"excerpt":{"rendered":"<p>The Resistance: Avalon is a standalone game and while The Resistance is not required to play; the games are compatible and can be combined For 5 to 10 players Takes 30 minutes playtime &nbsp;<\/p>","protected":false},"featured_media":23483,"comment_status":"open","ping_status":"closed","template":"","meta":[],"product_brand":[],"product_cat":[1228,1203],"product_tag":[],"class_list":{"0":"post-23477","1":"product","2":"type-product","3":"status-publish","4":"has-post-thumbnail","6":"product_cat-card-board-games","7":"product_cat-toys-games","8":"product_shipping_class-havestock","9":"product-has-variation-images","11":"first","12":"instock","13":"featured","14":"taxable","15":"shipping-taxable","16":"purchasable","17":"product-type-variable"},"_links":{"self":[{"href":"https:\/\/shuji.ca\/fr\/wp-json\/wp\/v2\/product\/23477","targetHints":{"allow":["GET"]}}],"collection":[{"href":"https:\/\/shuji.ca\/fr\/wp-json\/wp\/v2\/product"}],"about":[{"href":"https:\/\/shuji.ca\/fr\/wp-json\/wp\/v2\/types\/product"}],"replies":[{"embeddable":true,"href":"https:\/\/shuji.ca\/fr\/wp-json\/wp\/v2\/comments?post=23477"}],"wp:featuredmedia":[{"embeddable":true,"href":"https:\/\/shuji.ca\/fr\/wp-json\/wp\/v2\/media\/23483"}],"wp:attachment":[{"href":"https:\/\/shuji.ca\/fr\/wp-json\/wp\/v2\/media?parent=23477"}],"wp:term":[{"taxonomy":"product_brand","embeddable":true,"href":"https:\/\/shuji.ca\/fr\/wp-json\/wp\/v2\/product_brand?post=23477"},{"taxonomy":"product_cat","embeddable":true,"href":"https:\/\/shuji.ca\/fr\/wp-json\/wp\/v2\/product_cat?post=23477"},{"taxonomy":"product_tag","embeddable":true,"href":"https:\/\/shuji.ca\/fr\/wp-json\/wp\/v2\/product_tag?post=23477"}],"curies":[{"name":"wp","href":"https:\/\/api.w.org\/{rel}","templated":true}]}}