{"id":23439,"date":"2024-06-18T10:00:35","date_gmt":"2024-06-18T02:00:35","guid":{"rendered":"https:\/\/shuji.ca\/?post_type=product&#038;p=23439"},"modified":"2024-08-19T04:03:32","modified_gmt":"2024-08-19T08:03:32","slug":"exploding-kittens-original-edition-hilarious-games-for-family-game-night-funny-card-games-for-ages-7-and-up-56-cards","status":"publish","type":"product","link":"https:\/\/shuji.ca\/fr\/shop\/toys-games\/card-board-games\/exploding-kittens-original-edition-hilarious-games-for-family-game-night-funny-card-games-for-ages-7-and-up-56-cards\/","title":{"rendered":"Exploding Kittens Original Edition - Jeux hilarants pour les soir\u00e9es de jeux en famille - Jeux de cartes dr\u00f4les pour les 7 ans et plus - 56 cartes"},"content":{"rendered":"<p>Caract\u00e9ristiques :<\/p>\n<ul class=\"a-unordered-list a-vertical a-spacing-mini\">\n<li><span class=\"a-list-item\">Un jeu de cartes de roulette russe aliment\u00e9 par des chatons - Le jeu de f\u00eate \u00e0 succ\u00e8s pour la famille et les amis qui aiment les chatons, les explosions, les rayons laser et parfois les ch\u00e8vres.<\/span><\/li>\n<li class=\"a-spacing-mini\"><span class=\"a-list-item\">Gagnant du prix du jeu de l'ann\u00e9e - Plus de 10 millions d'exemplaires vendus, battant des records dans les jeux pour enfants, les jeux pour adultes et tout ce qui se trouve entre les deux.<\/span><\/li>\n<li class=\"a-spacing-mini\"><span class=\"a-list-item\">Un jeu de cartes simple pour les enfants et les adultes - Parfait pour toutes les occasions, y compris une soir\u00e9e de jeu en famille, un voyage \u00e0 la plage, un voyage en voiture ou une soir\u00e9e entre amis !<\/span><\/li>\n<li class=\"a-spacing-mini\"><span class=\"a-list-item\">Pour les d\u00e9butants, 2 minutes pour apprendre - Si vous tirez un Chaton Explosif, vous perdez et vous \u00eates plein de tristesse de perdant. Toutes les autres cartes du jeu vous aident \u00e0 \u00e9viter ou \u00e0 r\u00e9duire le risque de tirer un chaton explosif. Si vous n'explosez pas, vous gagnez !<\/span><\/li>\n<li class=\"a-spacing-mini\"><span class=\"a-list-item\">15 minutes pour jouer, 2-5 joueurs, 7 ans et plus - Comprend 56 cartes, avec des illustrations hilarantes du cr\u00e9ateur de The Oatmeal.<\/span><\/li>\n<\/ul>\n<p><img fetchpriority=\"high\" decoding=\"async\" class=\"aligncenter\" src=\"https:\/\/cbu01.alicdn.com\/img\/ibank\/O1CN01SvRLkO21XJ1ALcAw0_!!2216917056994-0-cib.jpg\" width=\"1348\" height=\"1348\" \/><\/p>","protected":false},"excerpt":{"rendered":"<p>Features: A Kitty-Powered Russian Roulette Card Game &#8211; The hit party game for family and friends who are into kittens and explosions and laser beams and sometimes goats. Game Of The Year Award Winner &#8211; More than 10 million copies sold, breaking records in kids games, adult games and everything in between. A Simple Card [&hellip;]<\/p>","protected":false},"featured_media":23474,"comment_status":"open","ping_status":"closed","template":"","meta":[],"product_brand":[],"product_cat":[1228,1203],"product_tag":[],"class_list":{"0":"post-23439","1":"product","2":"type-product","3":"status-publish","4":"has-post-thumbnail","6":"product_cat-card-board-games","7":"product_cat-toys-games","8":"product_shipping_class-preorder","10":"first","11":"onbackorder","12":"taxable","13":"shipping-taxable","14":"purchasable","15":"product-type-simple"},"_links":{"self":[{"href":"https:\/\/shuji.ca\/fr\/wp-json\/wp\/v2\/product\/23439","targetHints":{"allow":["GET"]}}],"collection":[{"href":"https:\/\/shuji.ca\/fr\/wp-json\/wp\/v2\/product"}],"about":[{"href":"https:\/\/shuji.ca\/fr\/wp-json\/wp\/v2\/types\/product"}],"replies":[{"embeddable":true,"href":"https:\/\/shuji.ca\/fr\/wp-json\/wp\/v2\/comments?post=23439"}],"wp:featuredmedia":[{"embeddable":true,"href":"https:\/\/shuji.ca\/fr\/wp-json\/wp\/v2\/media\/23474"}],"wp:attachment":[{"href":"https:\/\/shuji.ca\/fr\/wp-json\/wp\/v2\/media?parent=23439"}],"wp:term":[{"taxonomy":"product_brand","embeddable":true,"href":"https:\/\/shuji.ca\/fr\/wp-json\/wp\/v2\/product_brand?post=23439"},{"taxonomy":"product_cat","embeddable":true,"href":"https:\/\/shuji.ca\/fr\/wp-json\/wp\/v2\/product_cat?post=23439"},{"taxonomy":"product_tag","embeddable":true,"href":"https:\/\/shuji.ca\/fr\/wp-json\/wp\/v2\/product_tag?post=23439"}],"curies":[{"name":"wp","href":"https:\/\/api.w.org\/{rel}","templated":true}]}}