{"id":23364,"date":"2024-06-18T05:05:13","date_gmt":"2024-06-17T21:05:13","guid":{"rendered":"https:\/\/shuji.ca\/?post_type=product&#038;p=23364"},"modified":"2024-08-19T05:03:49","modified_gmt":"2024-08-19T09:03:49","slug":"trendy-money-gun-shooter-prop-gun-make-it-rain-handheld-cash-gun-for-game-movies-party","status":"publish","type":"product","link":"https:\/\/shuji.ca\/fr\/shop\/toys-games\/parties-gifts\/trendy-money-gun-shooter-prop-gun-make-it-rain-handheld-cash-gun-for-game-movies-party\/","title":{"rendered":"Tireur d'argent tendance - Pistolet \u00e0 projectile pour faire pleuvoir, pistolet \u00e0 billets portatif pour les jeux, les films et les f\u00eates"},"content":{"rendered":"<ul>\n<li>Haute qualit\u00e9 : Conception innovante test\u00e9e pour \u00e9viter tout d\u00e9calage.<\/li>\n<li>Ext\u00e9rieur m\u00e9tallique \u00e9l\u00e9gant : L'aspect brillant vous permet de vous d\u00e9marquer.<\/li>\n<li>Moteur puissant : Utilise 4 piles AA (non incluses) pour des performances \u00e9lev\u00e9es.<\/li>\n<li>Facile \u00e0 utiliser : Ouvrez le couvercle sup\u00e9rieur en le faisant pivoter d'un c\u00f4t\u00e9 \u00e0 l'autre.<\/li>\n<li>Cadeau parfait : Id\u00e9al pour No\u00ebl, Halloween et les anniversaires.<\/li>\n<li>Du plaisir pour tous : Chargez jusqu'\u00e0 150 billets plats et faites pleuvoir ! \u00c9vitez d'utiliser des billets froiss\u00e9s pour ne pas bloquer la machine.<\/li>\n<\/ul>\n<p><img fetchpriority=\"high\" decoding=\"async\" class=\"alignnone wp-image-23366 aligncenter\" src=\"https:\/\/shuji.ca\/wp-content\/uploads\/2024\/06\/g33.jpg\" alt=\"\" width=\"931\" height=\"1580\" srcset=\"https:\/\/shuji.ca\/wp-content\/uploads\/2024\/06\/g33.jpg 790w, https:\/\/shuji.ca\/wp-content\/uploads\/2024\/06\/g33-177x300.jpg 177w, https:\/\/shuji.ca\/wp-content\/uploads\/2024\/06\/g33-603x1024.jpg 603w, https:\/\/shuji.ca\/wp-content\/uploads\/2024\/06\/g33-768x1304.jpg 768w, https:\/\/shuji.ca\/wp-content\/uploads\/2024\/06\/g33-600x1018.jpg 600w\" sizes=\"(max-width: 931px) 100vw, 931px\" \/> <img decoding=\"async\" class=\"alignnone wp-image-23365 aligncenter\" src=\"https:\/\/shuji.ca\/wp-content\/uploads\/2024\/06\/O1CN01XQHkST1FN8bSXgLle_974500474-0-cib.jpg\" alt=\"\" width=\"939\" height=\"1432\" srcset=\"https:\/\/shuji.ca\/wp-content\/uploads\/2024\/06\/O1CN01XQHkST1FN8bSXgLle_974500474-0-cib.jpg 790w, https:\/\/shuji.ca\/wp-content\/uploads\/2024\/06\/O1CN01XQHkST1FN8bSXgLle_974500474-0-cib-197x300.jpg 197w, https:\/\/shuji.ca\/wp-content\/uploads\/2024\/06\/O1CN01XQHkST1FN8bSXgLle_974500474-0-cib-671x1024.jpg 671w, https:\/\/shuji.ca\/wp-content\/uploads\/2024\/06\/O1CN01XQHkST1FN8bSXgLle_974500474-0-cib-768x1171.jpg 768w, https:\/\/shuji.ca\/wp-content\/uploads\/2024\/06\/O1CN01XQHkST1FN8bSXgLle_974500474-0-cib-600x915.jpg 600w\" sizes=\"(max-width: 939px) 100vw, 939px\" \/><\/p>","protected":false},"excerpt":{"rendered":"<p>High Quality: Innovative design tested for no lagging. Stylish Metal Exterior: Shiny look ensures you stand out. Powerful Motor: Uses 4 AA batteries (not included) for strong performance. Easy to Use: Open the top cover by swinging it side to side. Perfect Gift: Great for Christmas, Halloween, and birthdays. Fun for All: Load up to [&hellip;]<\/p>","protected":false},"featured_media":23367,"comment_status":"open","ping_status":"closed","template":"","meta":[],"product_brand":[],"product_cat":[1243,1203],"product_tag":[],"class_list":{"0":"post-23364","1":"product","2":"type-product","3":"status-publish","4":"has-post-thumbnail","6":"product_cat-parties-gifts","7":"product_cat-toys-games","8":"product_shipping_class-havestock","10":"first","11":"instock","12":"taxable","13":"shipping-taxable","14":"purchasable","15":"product-type-variable"},"_links":{"self":[{"href":"https:\/\/shuji.ca\/fr\/wp-json\/wp\/v2\/product\/23364","targetHints":{"allow":["GET"]}}],"collection":[{"href":"https:\/\/shuji.ca\/fr\/wp-json\/wp\/v2\/product"}],"about":[{"href":"https:\/\/shuji.ca\/fr\/wp-json\/wp\/v2\/types\/product"}],"replies":[{"embeddable":true,"href":"https:\/\/shuji.ca\/fr\/wp-json\/wp\/v2\/comments?post=23364"}],"wp:featuredmedia":[{"embeddable":true,"href":"https:\/\/shuji.ca\/fr\/wp-json\/wp\/v2\/media\/23367"}],"wp:attachment":[{"href":"https:\/\/shuji.ca\/fr\/wp-json\/wp\/v2\/media?parent=23364"}],"wp:term":[{"taxonomy":"product_brand","embeddable":true,"href":"https:\/\/shuji.ca\/fr\/wp-json\/wp\/v2\/product_brand?post=23364"},{"taxonomy":"product_cat","embeddable":true,"href":"https:\/\/shuji.ca\/fr\/wp-json\/wp\/v2\/product_cat?post=23364"},{"taxonomy":"product_tag","embeddable":true,"href":"https:\/\/shuji.ca\/fr\/wp-json\/wp\/v2\/product_tag?post=23364"}],"curies":[{"name":"wp","href":"https:\/\/api.w.org\/{rel}","templated":true}]}}